{"id":148595,"date":"2025-03-10T11:52:35","date_gmt":"2025-03-10T10:52:35","guid":{"rendered":"https:\/\/secureus.se\/armbagskontakt-sparkfunktion-jck128\/"},"modified":"2026-04-16T16:21:12","modified_gmt":"2026-04-16T14:21:12","slug":"armbagskontakt-sparkfunktion-jck128","status":"publish","type":"product","link":"https:\/\/secureus.se\/pl\/armbagskontakt-sparkfunktion-jck128\/","title":{"rendered":"Kontakt \u0142okciowy \u2013 Funkcja kopni\u0119cia \u2013 JCK128"},"content":{"rendered":"<h1>Kontakt \u0142okciowy \u2013 Funkcja kopni\u0119cia \u2013 JCK128<\/h1>\n<section>Po\u0142\u0105czony kontakt \u0142okciowy\/kontakt kopniakowy. D\u0142ugi model wykonany z aluminium, z czarn\u0105 anodowan\u0105 powierzchni\u0105 nacisku u g\u00f3ry i szar\u0105 powierzchni\u0105 kopni\u0119cia u do\u0142u.<\/p>\n<p>JCK128 nale\u017cy do serii \u0142\u0105cznik\u00f3w \u0142okciowych, kt\u00f3re na dole po\u0142\u0105czone s\u0105 ze \u0142\u0105cznikiem kopniakowym.<\/p>\n<p>Modele zosta\u0142y opracowane specjalnie w celu u\u0142atwienia np.: personelowi szpitala mo\u017cliwo\u015b\u0107 szybkiego i \u0142atwego otwierania drzwi np. za pomoc\u0105: \u0142\u00f3\u017cko, \u0142okie\u0107, biodro lub stopa.<\/p>\n<\/section>\n<section>\n<h4>Specyfikacja techniczna<\/h4>\n<ul>\n<li>Wyprodukowano w Szwecji.<\/li>\n<li>Materia\u0142: Alu.6060-T6, tworzywo sztuczne POM (tworzywo acetalowe).<\/li>\n<li>Wymiary wersji standardowej d\u0142.\/szer.\/wys.: 1200x80x28 mm.<\/li>\n<li>Mikrowy\u0142\u0105czniki: Standardowe 8 szt. NIE. Stopie\u0144 ochrony IP67.<\/li>\n<\/ul>\n<\/section>\n<section>\n<h4>Akcesoria i opcje<\/h4>\n<ul>\n<li>Jednostka steruj\u0105ca z dwoma wyj\u015bciami i sygna\u0142em op\u00f3\u017anionym na jednym wyj\u015bciu.<\/li>\n<\/ul>\n<\/section>","protected":false},"excerpt":{"rendered":"<p>Wymiary produktu: 1200 x 80 x 28 mm.<\/p>\n<p>D\u0142ugi \u0142\u0105cznik \u0142okciowy z czarnego anodowanego aluminium z funkcj\u0105 kopni\u0119cia\/\u0142\u0105cznikiem kopni\u0119cia na dole w kolorze szarym.<\/p>","protected":false},"featured_media":148593,"template":"","meta":{"_acf_changed":false},"product_brand":[],"product_cat":[1422,4706],"product_tag":[],"class_list":{"0":"post-148595","1":"product","2":"type-product","3":"status-publish","4":"has-post-thumbnail","6":"product_cat-armbagskontakter-dorrautomatik","7":"product_cat-metall","8":"product_shipping_class-tunga-paket","9":"pa_brands-jc-kontakter","10":"tm-no-options","12":"first","13":"instock","14":"sale","15":"taxable","16":"shipping-taxable","17":"purchasable","18":"product-type-simple"},"acf":[],"_links":{"self":[{"href":"https:\/\/secureus.se\/pl\/wp-json\/wp\/v2\/product\/148595","targetHints":{"allow":["GET"]}}],"collection":[{"href":"https:\/\/secureus.se\/pl\/wp-json\/wp\/v2\/product"}],"about":[{"href":"https:\/\/secureus.se\/pl\/wp-json\/wp\/v2\/types\/product"}],"wp:featuredmedia":[{"embeddable":true,"href":"https:\/\/secureus.se\/pl\/wp-json\/wp\/v2\/media\/148593"}],"wp:attachment":[{"href":"https:\/\/secureus.se\/pl\/wp-json\/wp\/v2\/media?parent=148595"}],"wp:term":[{"taxonomy":"product_brand","embeddable":true,"href":"https:\/\/secureus.se\/pl\/wp-json\/wp\/v2\/product_brand?post=148595"},{"taxonomy":"product_cat","embeddable":true,"href":"https:\/\/secureus.se\/pl\/wp-json\/wp\/v2\/product_cat?post=148595"},{"taxonomy":"product_tag","embeddable":true,"href":"https:\/\/secureus.se\/pl\/wp-json\/wp\/v2\/product_tag?post=148595"}],"curies":[{"name":"wp","href":"https:\/\/api.w.org\/{rel}","templated":true}]}}