{"id":148598,"date":"2025-03-10T11:39:12","date_gmt":"2025-03-10T10:39:12","guid":{"rendered":"https:\/\/secureus.se\/armbagskontakt-aluminium-jck247\/"},"modified":"2026-04-16T16:24:50","modified_gmt":"2026-04-16T14:24:50","slug":"armbagskontakt-aluminium-jck247","status":"publish","type":"product","link":"https:\/\/secureus.se\/pl\/armbagskontakt-aluminium-jck247\/","title":{"rendered":"\u0141\u0105cznik \u0142okciowy \u2013 aluminium \u2013 JCK247"},"content":{"rendered":"<h1>\u0141\u0105cznik \u0142okciowy \u2013 aluminium \u2013 JCK247<\/h1>\n<section>JCK247 ma dwie powierzchnie naciskowe i jest wykonany ze srebrnego anodowanego aluminium z czarnymi za\u015blepkami. Obie powierzchnie naciskowe s\u0105 zaprojektowane z czterema wyczuwalnymi rowkami i s\u0142u\u017c\u0105 jako dodatkowe wskaz\u00f3wki dla os\u00f3b z wadami wzroku. \u0141atwo wyczujesz, gdzie nacisn\u0105\u0107, aby aktywowa\u0107 otwieranie drzwi.<\/p>\n<p>JCK247 nale\u017cy do serii produkt\u00f3w sk\u0142adaj\u0105cych si\u0119 ze styk\u00f3w \u0142okciowych posiadaj\u0105cych dwie powierzchnie nacisku tej samej wielko\u015bci.<\/p>\n<p>Seria zosta\u0142a opracowana specjalnie do zastosowa\u0144 z podw\u00f3jnymi drzwiami wahad\u0142owymi. Umo\u017cliwia sterowanie ka\u017cdymi drzwiami osobno za pomoc\u0105 w\u0142asnego przycisku.<\/p>\n<p>Funkcja ta pomaga ograniczy\u0107 przeci\u0105gi i zimne powietrze oraz oszcz\u0119dza energi\u0119 w por\u00f3wnaniu do sytuacji, gdyby obie pary drzwi otwiera\u0142y si\u0119 za ka\u017cdym razem.<\/p>\n<p>Tego typu \u0142\u0105czniki \u0142okciowe mog\u0105 by\u0107 r\u00f3wnie\u017c stosowane w przej\u015bciach, w kt\u00f3rych znajduj\u0105 si\u0119 dwa wej\u015bcia do lokalu.<\/p>\n<\/section>\n<section>\n<h4>Specyfikacja techniczna<\/h4>\n<ul>\n<li>Wyprodukowano w Szwecji.<\/li>\n<li>Materia\u0142: Alu.6060-T6, tworzywo sztuczne POM (tworzywo acetalowe).<\/li>\n<li>Wymiary wersji standardowej d\u0142.\/szer.\/wys.: 477x80x23 mm.<\/li>\n<li>Mikrowy\u0142\u0105cznik: Standardowy 2 szt. NIE IP67.<\/li>\n<\/ul>\n<\/section>","protected":false},"excerpt":{"rendered":"<p>Wymiary produktu: 477 x 80 x 23 mm.<\/p>\n<p>\u0141\u0105cznik k\u0105towy z podw\u00f3jnymi p\u0142ytkami dociskowymi z anodowanego na srebrno aluminium i czarnymi za\u015blepkami.<\/p>\n<p>D\u0142ugi model z wyczuwalnymi \u017c\u0142obieniami.<\/p>","protected":false},"featured_media":148596,"template":"","meta":{"_acf_changed":false},"product_brand":[],"product_cat":[1422,4706],"product_tag":[],"class_list":{"0":"post-148598","1":"product","2":"type-product","3":"status-publish","4":"has-post-thumbnail","6":"product_cat-armbagskontakter-dorrautomatik","7":"product_cat-metall","8":"product_shipping_class-tunga-paket","9":"pa_brands-jc-kontakter","10":"tm-no-options","12":"first","13":"instock","14":"sale","15":"taxable","16":"shipping-taxable","17":"purchasable","18":"product-type-simple"},"acf":[],"_links":{"self":[{"href":"https:\/\/secureus.se\/pl\/wp-json\/wp\/v2\/product\/148598","targetHints":{"allow":["GET"]}}],"collection":[{"href":"https:\/\/secureus.se\/pl\/wp-json\/wp\/v2\/product"}],"about":[{"href":"https:\/\/secureus.se\/pl\/wp-json\/wp\/v2\/types\/product"}],"wp:featuredmedia":[{"embeddable":true,"href":"https:\/\/secureus.se\/pl\/wp-json\/wp\/v2\/media\/148596"}],"wp:attachment":[{"href":"https:\/\/secureus.se\/pl\/wp-json\/wp\/v2\/media?parent=148598"}],"wp:term":[{"taxonomy":"product_brand","embeddable":true,"href":"https:\/\/secureus.se\/pl\/wp-json\/wp\/v2\/product_brand?post=148598"},{"taxonomy":"product_cat","embeddable":true,"href":"https:\/\/secureus.se\/pl\/wp-json\/wp\/v2\/product_cat?post=148598"},{"taxonomy":"product_tag","embeddable":true,"href":"https:\/\/secureus.se\/pl\/wp-json\/wp\/v2\/product_tag?post=148598"}],"curies":[{"name":"wp","href":"https:\/\/api.w.org\/{rel}","templated":true}]}}