{"id":148604,"date":"2025-03-10T11:35:00","date_gmt":"2025-03-10T10:35:00","guid":{"rendered":"https:\/\/secureus.se\/armbagskontakt-aluminium-jck227\/"},"modified":"2026-04-16T16:29:55","modified_gmt":"2026-04-16T14:29:55","slug":"armbagskontakt-aluminium-jck227","status":"publish","type":"product","link":"https:\/\/secureus.se\/pl\/armbagskontakt-aluminium-jck227\/","title":{"rendered":"Z\u0142\u0105cze \u0142okciowe \u2013 Aluminium \u2013 JCK227"},"content":{"rendered":"<h1>Z\u0142\u0105cze \u0142okciowe \u2013 Aluminium \u2013 JCK227<\/h1>\n<p>JCK227 nale\u017cy do serii z\u0142\u0105czek k\u0105towych z podw\u00f3jn\u0105 powierzchni\u0105 dociskow\u0105, umo\u017cliwiaj\u0105cych \u0142\u0105czenie np. dodatkowe drzwi lub zamek.<\/p>\n<p>JCK227 wykonany jest z anodowanego na srebrno aluminium z czarnymi za\u015blepkami.<\/p>\n<p>Obie powierzchnie drukuj\u0105ce posiadaj\u0105 cztery wyczuwalne w dotyku rowki, kt\u00f3re stanowi\u0105 dodatkowe wskaz\u00f3wki dla os\u00f3b z wadami wzroku.<\/p>\n<p>Mo\u017cesz \u0142atwo wyczu\u0107, gdzie nacisn\u0105\u0107, aby otworzy\u0107 drzwi.<\/p>\n<h4>Specyfikacja techniczna<\/h4>\n<ul>\n<li>Wyprodukowano w Szwecji.<\/li>\n<li>Materia\u0142: Alu.6060-T6, tworzywo sztuczne POM (tworzywo acetalowe).<\/li>\n<li>Wymiary wersji standardowej d\u0142.\/szer.\/wys.: 311x80x23 mm.<\/li>\n<li>Mikrowy\u0142\u0105cznik: 1 NO + 1 NO\/NC. Stopie\u0144 ochrony IP67.<\/li>\n<\/ul>","protected":false},"excerpt":{"rendered":"<p>Wymiary produktu: 311 x 80 x 23 mm.<\/p>\n<p>Z\u0142\u0105cze k\u0105towe wykonane z anodowanego na srebrno aluminium z czarnymi za\u015blepkami.<\/p>\n<p>Podw\u00f3jne powierzchnie nacisku z wyczuwalnymi rowkami.<\/p>","protected":false},"featured_media":148602,"template":"","meta":{"_acf_changed":false},"product_brand":[],"product_cat":[1422,4706],"product_tag":[],"class_list":{"0":"post-148604","1":"product","2":"type-product","3":"status-publish","4":"has-post-thumbnail","6":"product_cat-armbagskontakter-dorrautomatik","7":"product_cat-metall","8":"product_shipping_class-tunga-paket","9":"pa_brands-jc-kontakter","10":"tm-has-options","12":"first","13":"instock","14":"sale","15":"taxable","16":"shipping-taxable","17":"purchasable","18":"product-type-simple"},"acf":[],"_links":{"self":[{"href":"https:\/\/secureus.se\/pl\/wp-json\/wp\/v2\/product\/148604","targetHints":{"allow":["GET"]}}],"collection":[{"href":"https:\/\/secureus.se\/pl\/wp-json\/wp\/v2\/product"}],"about":[{"href":"https:\/\/secureus.se\/pl\/wp-json\/wp\/v2\/types\/product"}],"wp:featuredmedia":[{"embeddable":true,"href":"https:\/\/secureus.se\/pl\/wp-json\/wp\/v2\/media\/148602"}],"wp:attachment":[{"href":"https:\/\/secureus.se\/pl\/wp-json\/wp\/v2\/media?parent=148604"}],"wp:term":[{"taxonomy":"product_brand","embeddable":true,"href":"https:\/\/secureus.se\/pl\/wp-json\/wp\/v2\/product_brand?post=148604"},{"taxonomy":"product_cat","embeddable":true,"href":"https:\/\/secureus.se\/pl\/wp-json\/wp\/v2\/product_cat?post=148604"},{"taxonomy":"product_tag","embeddable":true,"href":"https:\/\/secureus.se\/pl\/wp-json\/wp\/v2\/product_tag?post=148604"}],"curies":[{"name":"wp","href":"https:\/\/api.w.org\/{rel}","templated":true}]}}