{"id":148617,"date":"2025-03-10T11:13:38","date_gmt":"2025-03-10T10:13:38","guid":{"rendered":"https:\/\/secureus.se\/armbagskontakt-aluminium-jck207-300-mm\/"},"modified":"2026-04-16T16:36:47","modified_gmt":"2026-04-16T14:36:47","slug":"armbagskontakt-aluminium-jck207-300-mm","status":"publish","type":"product","link":"https:\/\/secureus.se\/pl\/armbagskontakt-aluminium-jck207-300-mm\/","title":{"rendered":"\u0141\u0105cznik k\u0105towy \u2013 Aluminium \u2013 JCK207 300 mm"},"content":{"rendered":"<section>\n<h1>\u0141\u0105cznik k\u0105towy \u2013 Aluminium \u2013 JCK207 300 mm<\/h1>\n<p>JCK207 nale\u017cy do serii styk\u00f3w \u0142okciowych posiadaj\u0105cych p\u0142ask\u0105 powierzchni\u0119 nacisku z czterema wyczuwalnymi rowkami.<\/p>\n<p>Rowki stanowi\u0105 dodatkow\u0105 wskaz\u00f3wk\u0119 dla os\u00f3b z dysfunkcj\u0105 wzroku.<\/p>\n<p>Mo\u017cesz \u0142atwo wyczu\u0107, gdzie nacisn\u0105\u0107, aby otworzy\u0107 drzwi.<\/p>\n<p>JCK207 wykonany jest z anodowanego na srebrno aluminium i ma ciemnoszare za\u015blepki.<\/p>\n<p>Produkt jest dostarczany z 1 mikroprze\u0142\u0105cznikiem o stopniu ochrony IP67, ale mo\u017cna go zam\u00f3wi\u0107 z wi\u0119ksz\u0105 liczb\u0105 mikroprze\u0142\u0105cznik\u00f3w.<\/p>\n<\/section>\n<section>\n<h4>Specyfikacja techniczna<\/h4>\n<ul>\n<li>Wyprodukowano w Szwecji.<\/li>\n<li>Materia\u0142: Alu.6060-T6, tworzywo sztuczne POM (tworzywo acetalowe).<\/li>\n<li>Wymiary wersji standardowej d\u0142.\/szer.\/wys.: 300x80x23 mm.<\/li>\n<li>Mikroprze\u0142\u0105cznik: Standardowy 1 szt. NIE IP67. Mo\u017cna zam\u00f3wi\u0107 z 2, a tak\u017ce z NO\/NC.<\/li>\n<\/ul>\n<\/section>","protected":false},"excerpt":{"rendered":"<p>Wymiary produktu: 300 x 80 x 23 mm.<\/p>\n<p>Z\u0142\u0105cze k\u0105towe wykonane z anodowanego na srebrno aluminium z ciemnoszarymi za\u015blepkami.<\/p>\n<p>P\u0142aska p\u0142ytka dociskowa z wyczuwalnymi rowkami.<\/p>","protected":false},"featured_media":148614,"template":"","meta":{"_acf_changed":false},"product_brand":[],"product_cat":[1422,4706],"product_tag":[],"class_list":{"0":"post-148617","1":"product","2":"type-product","3":"status-publish","4":"has-post-thumbnail","6":"product_cat-armbagskontakter-dorrautomatik","7":"product_cat-metall","8":"product_shipping_class-tunga-paket","9":"pa_brands-jc-kontakter","10":"tm-has-options","12":"first","13":"instock","14":"sale","15":"taxable","16":"shipping-taxable","17":"purchasable","18":"product-type-simple"},"acf":[],"_links":{"self":[{"href":"https:\/\/secureus.se\/pl\/wp-json\/wp\/v2\/product\/148617","targetHints":{"allow":["GET"]}}],"collection":[{"href":"https:\/\/secureus.se\/pl\/wp-json\/wp\/v2\/product"}],"about":[{"href":"https:\/\/secureus.se\/pl\/wp-json\/wp\/v2\/types\/product"}],"wp:featuredmedia":[{"embeddable":true,"href":"https:\/\/secureus.se\/pl\/wp-json\/wp\/v2\/media\/148614"}],"wp:attachment":[{"href":"https:\/\/secureus.se\/pl\/wp-json\/wp\/v2\/media?parent=148617"}],"wp:term":[{"taxonomy":"product_brand","embeddable":true,"href":"https:\/\/secureus.se\/pl\/wp-json\/wp\/v2\/product_brand?post=148617"},{"taxonomy":"product_cat","embeddable":true,"href":"https:\/\/secureus.se\/pl\/wp-json\/wp\/v2\/product_cat?post=148617"},{"taxonomy":"product_tag","embeddable":true,"href":"https:\/\/secureus.se\/pl\/wp-json\/wp\/v2\/product_tag?post=148617"}],"curies":[{"name":"wp","href":"https:\/\/api.w.org\/{rel}","templated":true}]}}