{"id":148623,"date":"2025-03-04T15:26:28","date_gmt":"2025-03-04T14:26:28","guid":{"rendered":"https:\/\/secureus.se\/armbagskontakt-beroringsfri-jck201\/"},"modified":"2025-12-31T21:44:22","modified_gmt":"2025-12-31T20:44:22","slug":"armbagskontakt-beroringsfri-jck201","status":"publish","type":"product","link":"https:\/\/secureus.se\/pl\/armbagskontakt-beroringsfri-jck201\/","title":{"rendered":"Kontakt \u0142okciowy \u2013 Bezkontaktowy \u2013 JCK201"},"content":{"rendered":"<h1>Kontakt \u0142okciowy \u2013 Bezkontaktowy \u2013 JCK201<\/h1>\n<section>JCK201 to model z wbudowanym czujnikiem podczerwieni, kt\u00f3ry umo\u017cliwia obs\u0142ug\u0119 bezdotykow\u0105. Czujnik podczerwieni reaguje na zmiany \u015bwiat\u0142a, co pozwala aktywowa\u0107 otwieranie drzwi poprzez proste przesuni\u0119cie d\u0142oni przed kontaktem.<\/p>\n<p>Ten rodzaj kontaktu \u0142okciowego sprawdza si\u0119 szczeg\u00f3lnie w miejscach, w kt\u00f3rych chcesz ograniczy\u0107 rozprzestrzenianie si\u0119 bakterii, np. w szko\u0142ach, szpitalach i innych budynkach u\u017cyteczno\u015bci publicznej.<\/p>\n<p>Model wyposa\u017cono tak\u017ce w diody LED, kt\u00f3re pokazuj\u0105 aktualny stan urz\u0105dzenia \u2013 zielone oznaczaj\u0105 tryb czuwania, a niebieskie \u2013 tryb aktywny.<\/p>\n<p>JCK201 wyposa\u017cony jest w dwa przeka\u017aniki i prze\u0142\u0105cznik DIP, co umo\u017cliwia szereg r\u00f3\u017cnych opcji instalacji.<\/p>\n<\/section>\n<section>\n<h4>Specyfikacja techniczna<\/h4>\n<ul>\n<li>Wyprodukowano w Szwecji.<\/li>\n<li>Materia\u0142: Alu.6060-T6, tworzywo sztuczne POM (tworzywo acetalowe).<\/li>\n<li>Wymiary d\u0142.\/szer.\/wys.: Wymiary: 245 x 80 x 26 mm.<\/li>\n<li>Czujnik podczerwieni.<\/li>\n<li>\u015awiat\u0142o LED.<\/li>\n<li>Jednostka steruj\u0105ca z prze\u0142\u0105cznikiem DIP.<\/li>\n<li>Dwie sztafety.<\/li>\n<\/ul>\n<\/section>\n<p>&nbsp;<\/p>","protected":false},"excerpt":{"rendered":"<p>Wymiary produktu: 245 x 80 x 26 mm.<\/p>\n<p>Aluminiowy \u0142\u0105cznik k\u0105towy z wbudowanym czujnikiem podczerwieni umo\u017cliwiaj\u0105cym bezdotykow\u0105 obs\u0142ug\u0119.<\/p>\n<p>Dioda LED sygnalizuj\u0105ca tryb czuwania i aktywacji.<\/p>","protected":false},"featured_media":148621,"template":"","meta":{"_acf_changed":false},"product_brand":[],"product_cat":[1422,4706],"product_tag":[],"class_list":{"0":"post-148623","1":"product","2":"type-product","3":"status-publish","4":"has-post-thumbnail","6":"product_cat-armbagskontakter-dorrautomatik","7":"product_cat-metall","8":"product_shipping_class-tunga-paket","9":"pa_brands-jc-kontakter","10":"tm-no-options","12":"first","13":"instock","14":"sale","15":"taxable","16":"shipping-taxable","17":"purchasable","18":"product-type-simple"},"acf":[],"_links":{"self":[{"href":"https:\/\/secureus.se\/pl\/wp-json\/wp\/v2\/product\/148623","targetHints":{"allow":["GET"]}}],"collection":[{"href":"https:\/\/secureus.se\/pl\/wp-json\/wp\/v2\/product"}],"about":[{"href":"https:\/\/secureus.se\/pl\/wp-json\/wp\/v2\/types\/product"}],"wp:featuredmedia":[{"embeddable":true,"href":"https:\/\/secureus.se\/pl\/wp-json\/wp\/v2\/media\/148621"}],"wp:attachment":[{"href":"https:\/\/secureus.se\/pl\/wp-json\/wp\/v2\/media?parent=148623"}],"wp:term":[{"taxonomy":"product_brand","embeddable":true,"href":"https:\/\/secureus.se\/pl\/wp-json\/wp\/v2\/product_brand?post=148623"},{"taxonomy":"product_cat","embeddable":true,"href":"https:\/\/secureus.se\/pl\/wp-json\/wp\/v2\/product_cat?post=148623"},{"taxonomy":"product_tag","embeddable":true,"href":"https:\/\/secureus.se\/pl\/wp-json\/wp\/v2\/product_tag?post=148623"}],"curies":[{"name":"wp","href":"https:\/\/api.w.org\/{rel}","templated":true}]}}