{"id":148634,"date":"2025-03-10T12:32:40","date_gmt":"2025-03-10T11:32:40","guid":{"rendered":"https:\/\/secureus.se\/armbagskontakt-abs-plast-jck212\/"},"modified":"2026-04-16T16:11:45","modified_gmt":"2026-04-16T14:11:45","slug":"armbagskontakt-abs-plast-jck212","status":"publish","type":"product","link":"https:\/\/secureus.se\/pl\/armbagskontakt-abs-plast-jck212\/","title":{"rendered":"Z\u0142\u0105cze \u0142okciowe \u2013 tworzywo ABS \u2013 JCK212"},"content":{"rendered":"<h1 class=\"product_title entry-title elementor-heading-title elementor-size-default\">Z\u0142\u0105cze \u0142okciowe \u2013 tworzywo ABS \u2013 JCK212<\/h1>\n<p>Solidny \u0142\u0105cznik \u0142okciowy wykonany z trwa\u0142ego tworzywa ABS.<\/p>\n<p>Model kontrastowy z wyczuwalnymi rowkami na p\u0142ytce dociskowej w standardzie.<\/p>\n<p>Urz\u0105dzenie JCK212 zosta\u0142o przez nas opracowane, aby u\u0142atwi\u0107 otwieranie drzwi osobom z dysfunkcj\u0105 wzroku.<\/p>\n<p>Funkcja autokontrastowania oznacza, \u017ce \u0142\u0105cznik k\u0105towy zawsze charakteryzuje si\u0119 wyra\u017anym kontrastem, niezale\u017cnie od otoczenia, w kt\u00f3rym jest zamontowany.<\/p>\n<p>Dzi\u0119ki temu b\u0119dzie on \u0142atwy do odnalezienia i u\u017cycia dla tych, kt\u00f3rzy go potrzebuj\u0105.<\/p>\n<h3>Specyfikacja techniczna<\/h3>\n<ul>\n<li>Wyprodukowano w Szwecji.<\/li>\n<li>Materia\u0142: tworzywo ABS nadaj\u0105ce si\u0119 do recyklingu.<\/li>\n<li>Wymiary d\u0142.\/szer.\/wys.: 250x95x25 mm.<\/li>\n<li>Mikrowy\u0142\u0105cznik: Standardowy 1 szt. NIE IP67. Mo\u017cna zam\u00f3wi\u0107 po 2 sztuki, jak r\u00f3wnie\u017c w wersji NO\/NC.<\/li>\n<\/ul>","protected":false},"excerpt":{"rendered":"<p>Wymiary produktu: 250 x 95 x 25 mm.<\/p>\n<p>Czarny \u0142\u0105cznik \u0142okciowy z wypuk\u0142\u0105 p\u0142ytk\u0105 dociskow\u0105 i bia\u0142ym kontrastowym oznaczeniem. Ciemnoszara ramka.<\/p>","protected":false},"featured_media":148632,"template":"","meta":{"_acf_changed":false},"product_brand":[],"product_cat":[1422,4705],"product_tag":[2989],"class_list":{"0":"post-148634","1":"product","2":"type-product","3":"status-publish","4":"has-post-thumbnail","6":"product_cat-armbagskontakter-dorrautomatik","7":"product_cat-abs-plast","8":"product_tag-egen-logo-ej-taggar-kort","9":"product_shipping_class-tunga-paket","10":"pa_brands-jc-kontakter","11":"tm-has-options","13":"first","14":"onbackorder","15":"sale","16":"featured","17":"taxable","18":"shipping-taxable","19":"purchasable","20":"product-type-simple"},"acf":[],"_links":{"self":[{"href":"https:\/\/secureus.se\/pl\/wp-json\/wp\/v2\/product\/148634","targetHints":{"allow":["GET"]}}],"collection":[{"href":"https:\/\/secureus.se\/pl\/wp-json\/wp\/v2\/product"}],"about":[{"href":"https:\/\/secureus.se\/pl\/wp-json\/wp\/v2\/types\/product"}],"wp:featuredmedia":[{"embeddable":true,"href":"https:\/\/secureus.se\/pl\/wp-json\/wp\/v2\/media\/148632"}],"wp:attachment":[{"href":"https:\/\/secureus.se\/pl\/wp-json\/wp\/v2\/media?parent=148634"}],"wp:term":[{"taxonomy":"product_brand","embeddable":true,"href":"https:\/\/secureus.se\/pl\/wp-json\/wp\/v2\/product_brand?post=148634"},{"taxonomy":"product_cat","embeddable":true,"href":"https:\/\/secureus.se\/pl\/wp-json\/wp\/v2\/product_cat?post=148634"},{"taxonomy":"product_tag","embeddable":true,"href":"https:\/\/secureus.se\/pl\/wp-json\/wp\/v2\/product_tag?post=148634"}],"curies":[{"name":"wp","href":"https:\/\/api.w.org\/{rel}","templated":true}]}}