{"id":148640,"date":"2025-03-10T12:26:19","date_gmt":"2025-03-10T11:26:19","guid":{"rendered":"https:\/\/secureus.se\/armbagskontakt-abs-plast-jck203\/"},"modified":"2025-12-31T21:52:12","modified_gmt":"2025-12-31T20:52:12","slug":"armbagskontakt-abs-plast-jck203","status":"publish","type":"product","link":"https:\/\/secureus.se\/pl\/armbagskontakt-abs-plast-jck203\/","title":{"rendered":"Z\u0142\u0105cze \u0142okciowe \u2013 tworzywo ABS \u2013 JCK203 z opcjonalnym logo"},"content":{"rendered":"<h1 class=\"product_title entry-title elementor-heading-title elementor-size-default\">Z\u0142\u0105cze \u0142okciowe \u2013 tworzywo ABS \u2013 JCK203<\/h1>\n<p>JCK203 to wytrzyma\u0142y \u0142\u0105cznik \u0142okciowy standardowo wyposa\u017cony w wypuk\u0142\u0105 p\u0142ytk\u0119 dociskow\u0105 i wyczuwalne rowki.<\/p>\n<p>Dzi\u0119ki rowkom osoby niedowidz\u0105ce \u0142atwiej znajd\u0105 miejsce, w kt\u00f3rym nale\u017cy nacisn\u0105\u0107, aby uruchomi\u0107 prze\u0142\u0105cznik \u0142okciowy.<\/p>\n<p>Model ten ma bia\u0142\u0105 pokryw\u0119 i kontrastuj\u0105cy, ciemnoszary sp\u00f3d.<\/p>\n<p>JCK203 jest dostarczany z 1 mikroprze\u0142\u0105cznikiem w IP67, ale mo\u017cna go zam\u00f3wi\u0107 z wi\u0119ksz\u0105 liczb\u0105.<\/p>\n<h3>Specyfikacja techniczna<\/h3>\n<ul>\n<li>Wyprodukowano w Szwecji.<\/li>\n<li>Materia\u0142: tworzywo ABS nadaj\u0105ce si\u0119 do recyklingu.<\/li>\n<li>Wymiary d\u0142.\/szer.\/wys.: 250x95x25 mm.<\/li>\n<li>Mikroprze\u0142\u0105cznik: Standardowy 1 szt. NIE IP67. Mo\u017cna zam\u00f3wi\u0107 z 2, a tak\u017ce z NO\/NC.<\/li>\n<\/ul>","protected":false},"excerpt":{"rendered":"<p>Pod przyciskiem \u201eDostosuj produkt\u201d wybierz logo.<\/p>\n<p>Wymiary produktu JCK203: 250 x 95 x 25 mm.<\/p>\n<p>\u0141\u0105cznik \u0142okciowy z tworzywa sztucznego z wypuk\u0142\u0105 p\u0142ytk\u0105 dociskow\u0105 i wyczuwalnymi rowkami.<\/p>\n<p>Bia\u0142a pokrywa i ciemnoszara rama.<\/p>","protected":false},"featured_media":148638,"template":"","meta":{"_acf_changed":false},"product_brand":[],"product_cat":[1422,4705],"product_tag":[2989],"class_list":{"0":"post-148640","1":"product","2":"type-product","3":"status-publish","4":"has-post-thumbnail","6":"product_cat-armbagskontakter-dorrautomatik","7":"product_cat-abs-plast","8":"product_tag-egen-logo-ej-taggar-kort","9":"product_shipping_class-tunga-paket","10":"pa_brands-jc-kontakter","11":"tm-has-options","13":"first","14":"onbackorder","15":"sale","16":"featured","17":"taxable","18":"shipping-taxable","19":"purchasable","20":"product-type-simple"},"acf":[],"_links":{"self":[{"href":"https:\/\/secureus.se\/pl\/wp-json\/wp\/v2\/product\/148640","targetHints":{"allow":["GET"]}}],"collection":[{"href":"https:\/\/secureus.se\/pl\/wp-json\/wp\/v2\/product"}],"about":[{"href":"https:\/\/secureus.se\/pl\/wp-json\/wp\/v2\/types\/product"}],"wp:featuredmedia":[{"embeddable":true,"href":"https:\/\/secureus.se\/pl\/wp-json\/wp\/v2\/media\/148638"}],"wp:attachment":[{"href":"https:\/\/secureus.se\/pl\/wp-json\/wp\/v2\/media?parent=148640"}],"wp:term":[{"taxonomy":"product_brand","embeddable":true,"href":"https:\/\/secureus.se\/pl\/wp-json\/wp\/v2\/product_brand?post=148640"},{"taxonomy":"product_cat","embeddable":true,"href":"https:\/\/secureus.se\/pl\/wp-json\/wp\/v2\/product_cat?post=148640"},{"taxonomy":"product_tag","embeddable":true,"href":"https:\/\/secureus.se\/pl\/wp-json\/wp\/v2\/product_tag?post=148640"}],"curies":[{"name":"wp","href":"https:\/\/api.w.org\/{rel}","templated":true}]}}