{"id":148643,"date":"2025-03-10T12:14:20","date_gmt":"2025-03-10T11:14:20","guid":{"rendered":"https:\/\/secureus.se\/armbagskontakt-abs-plast-jck110\/"},"modified":"2026-04-16T16:14:59","modified_gmt":"2026-04-16T14:14:59","slug":"armbagskontakt-abs-plast-jck110","status":"publish","type":"product","link":"https:\/\/secureus.se\/pl\/armbagskontakt-abs-plast-jck110\/","title":{"rendered":"Z\u0142\u0105cze \u0142okciowe \u2013 tworzywo ABS \u2013 JCK110"},"content":{"rendered":"<h1 class=\"product_title entry-title elementor-heading-title elementor-size-default\">Z\u0142\u0105cze \u0142okciowe \u2013 tworzywo ABS \u2013 JCK110<\/h1>\n<p>Solidny i stylowy \u0142\u0105cznik \u0142okciowy z pokryw\u0105 ze stali nierdzewnej i bia\u0142\u0105 podstaw\u0105.<\/p>\n<p>JCK110 jest dostarczany z 1 mikroprze\u0142\u0105cznikiem o stopniu ochrony IP67, ale mo\u017cna go zam\u00f3wi\u0107 z wi\u0119ksz\u0105 liczb\u0105 element\u00f3w.<\/p>\n<h3>Specyfikacja techniczna<\/h3>\n<ul>\n<li>Wyprodukowano w Szwecji.<\/li>\n<li>Materia\u0142: Podlegaj\u0105cy recyklingowi plastik ABS. Metal nierdzewny.<\/li>\n<li>Wymiary d\u0142.\/szer.\/wys.: 250x95x23 mm.<\/li>\n<li>Mikroprze\u0142\u0105cznik: Standardowy 1 szt. NIE IP67. Mo\u017cna zam\u00f3wi\u0107 z 2, a tak\u017ce z NO\/NC.<\/li>\n<\/ul>","protected":false},"excerpt":{"rendered":"<p>Wymiary produktu: 250 x 95 x 23 mm.<\/p>\n<p>\u0141\u0105cznik \u0142okciowy z tworzywa sztucznego z p\u0142ask\u0105 p\u0142ytk\u0105 dociskow\u0105 ze stali nierdzewnej i bia\u0142\u0105 ramk\u0105.<\/p>","protected":false},"featured_media":148641,"template":"","meta":{"_acf_changed":false},"product_brand":[],"product_cat":[1422,4705],"product_tag":[2989],"class_list":{"0":"post-148643","1":"product","2":"type-product","3":"status-publish","4":"has-post-thumbnail","6":"product_cat-armbagskontakter-dorrautomatik","7":"product_cat-abs-plast","8":"product_tag-egen-logo-ej-taggar-kort","9":"product_shipping_class-tunga-paket","10":"pa_brands-jc-kontakter","11":"tm-has-options","13":"first","14":"instock","15":"sale","16":"featured","17":"taxable","18":"shipping-taxable","19":"purchasable","20":"product-type-simple"},"acf":[],"_links":{"self":[{"href":"https:\/\/secureus.se\/pl\/wp-json\/wp\/v2\/product\/148643","targetHints":{"allow":["GET"]}}],"collection":[{"href":"https:\/\/secureus.se\/pl\/wp-json\/wp\/v2\/product"}],"about":[{"href":"https:\/\/secureus.se\/pl\/wp-json\/wp\/v2\/types\/product"}],"wp:featuredmedia":[{"embeddable":true,"href":"https:\/\/secureus.se\/pl\/wp-json\/wp\/v2\/media\/148641"}],"wp:attachment":[{"href":"https:\/\/secureus.se\/pl\/wp-json\/wp\/v2\/media?parent=148643"}],"wp:term":[{"taxonomy":"product_brand","embeddable":true,"href":"https:\/\/secureus.se\/pl\/wp-json\/wp\/v2\/product_brand?post=148643"},{"taxonomy":"product_cat","embeddable":true,"href":"https:\/\/secureus.se\/pl\/wp-json\/wp\/v2\/product_cat?post=148643"},{"taxonomy":"product_tag","embeddable":true,"href":"https:\/\/secureus.se\/pl\/wp-json\/wp\/v2\/product_tag?post=148643"}],"curies":[{"name":"wp","href":"https:\/\/api.w.org\/{rel}","templated":true}]}}