{"id":148662,"date":"2025-03-04T16:45:54","date_gmt":"2025-03-04T15:45:54","guid":{"rendered":"https:\/\/secureus.se\/armbagskontakt-aluminium-jck118-600-mm\/"},"modified":"2026-04-16T16:41:25","modified_gmt":"2026-04-16T14:41:25","slug":"armbagskontakt-aluminium-jck118-600-mm","status":"publish","type":"product","link":"https:\/\/secureus.se\/pl\/armbagskontakt-aluminium-jck118-600-mm\/","title":{"rendered":"\u0141\u0105cznik \u0142okciowy \u2013 Aluminium \u2013 JCK118 600 mm"},"content":{"rendered":"<h1 class=\"product_title entry-title elementor-heading-title elementor-size-default\">\u0141\u0105cznik \u0142okciowy \u2013 Aluminium \u2013 JCK118 600 mm<\/h1>\n<p>JCK118 to solidny aluminiowy \u0142\u0105cznik k\u0105towy.<\/p>\n<p>Model ten posiada wkl\u0119s\u0142\u0105 czarn\u0105 p\u0142yt\u0119 dociskow\u0105 z kontrastuj\u0105cymi bia\u0142ymi za\u015blepkami i jest szczeg\u00f3lnie polecany do monta\u017cu w wymagaj\u0105cych warunkach.<\/p>\n<p>JCK118 jest dostarczany z 1 mikroprze\u0142\u0105cznikiem w IP67, ale mo\u017cna go zam\u00f3wi\u0107 z wi\u0119ksz\u0105 liczb\u0105.<\/p>\n<section>\n<h3>Specyfikacja techniczna<\/h3>\n<ul>\n<li>Wyprodukowano w Szwecji.<\/li>\n<li>Materia\u0142: Alu.6060-T6, tworzywo sztuczne POM (tworzywo acetalowe).<\/li>\n<li>Wymiary wersji standardowej d\u0142.\/szer.\/wys.: 600x80x28 mm.<\/li>\n<li>Mikroprze\u0142\u0105cznik: NIE, klasa IP 67. Standardowo 1 NO, mo\u017cna zam\u00f3wi\u0107 z 2 mikroprze\u0142\u0105cznikami i z mikroprze\u0142\u0105cznikiem zmiennym NO\/NC.<\/li>\n<\/ul>\n<\/section>","protected":false},"excerpt":{"rendered":"<p>Rozmiar: 600 x 80 x 28 mm.<\/p>\n<p>\u0141\u0105cznik k\u0105towy z wkl\u0119s\u0142\u0105 p\u0142ytk\u0105 dociskow\u0105 z czarnego anodowanego aluminium i bia\u0142ymi za\u015blepkami.<\/p>","protected":false},"featured_media":148659,"template":"","meta":{"_acf_changed":false},"product_brand":[],"product_cat":[1422,4706],"product_tag":[],"class_list":{"0":"post-148662","1":"product","2":"type-product","3":"status-publish","4":"has-post-thumbnail","6":"product_cat-armbagskontakter-dorrautomatik","7":"product_cat-metall","8":"product_shipping_class-tunga-paket","9":"pa_brands-jc-kontakter","10":"tm-has-options","12":"first","13":"instock","14":"sale","15":"taxable","16":"shipping-taxable","17":"purchasable","18":"product-type-simple"},"acf":[],"_links":{"self":[{"href":"https:\/\/secureus.se\/pl\/wp-json\/wp\/v2\/product\/148662","targetHints":{"allow":["GET"]}}],"collection":[{"href":"https:\/\/secureus.se\/pl\/wp-json\/wp\/v2\/product"}],"about":[{"href":"https:\/\/secureus.se\/pl\/wp-json\/wp\/v2\/types\/product"}],"wp:featuredmedia":[{"embeddable":true,"href":"https:\/\/secureus.se\/pl\/wp-json\/wp\/v2\/media\/148659"}],"wp:attachment":[{"href":"https:\/\/secureus.se\/pl\/wp-json\/wp\/v2\/media?parent=148662"}],"wp:term":[{"taxonomy":"product_brand","embeddable":true,"href":"https:\/\/secureus.se\/pl\/wp-json\/wp\/v2\/product_brand?post=148662"},{"taxonomy":"product_cat","embeddable":true,"href":"https:\/\/secureus.se\/pl\/wp-json\/wp\/v2\/product_cat?post=148662"},{"taxonomy":"product_tag","embeddable":true,"href":"https:\/\/secureus.se\/pl\/wp-json\/wp\/v2\/product_tag?post=148662"}],"curies":[{"name":"wp","href":"https:\/\/api.w.org\/{rel}","templated":true}]}}