{"id":148663,"date":"2025-03-04T16:45:04","date_gmt":"2025-03-04T15:45:04","guid":{"rendered":"https:\/\/secureus.se\/armbagskontakt-aluminium-jck118\/"},"modified":"2026-04-16T16:42:37","modified_gmt":"2026-04-16T14:42:37","slug":"armbagskontakt-aluminium-jck118","status":"publish","type":"product","link":"https:\/\/secureus.se\/pl\/armbagskontakt-aluminium-jck118\/","title":{"rendered":"Z\u0142\u0105cze \u0142okciowe \u2013 Aluminium \u2013 JCK118"},"content":{"rendered":"<h1>Z\u0142\u0105cze \u0142okciowe \u2013 Aluminium \u2013 JCK118<\/h1>\n<p>JCK118 to trwa\u0142y \u0142\u0105cznik k\u0105towy wykonany z aluminium z czarnym anodowanym wyko\u0144czeniem.<\/p>\n<p>Dzi\u0119ki bia\u0142ym za\u015blepkom model ten zapewnia maksymalny kontrast w wi\u0119kszo\u015bci \u015brodowisk.<\/p>\n<p>Model przeznaczony jest przede wszystkim do u\u017cytku na zewn\u0105trz i dobrze sprawdza si\u0119 w wymagaj\u0105cych warunkach.<\/p>\n<p>JCK118 jest dostarczany z 2 mikroprze\u0142\u0105cznikami w IP67.<\/p>\n<section>\n<h4>Specyfikacja techniczna<\/h4>\n<ul>\n<li>Wyprodukowano w Szwecji.<\/li>\n<li>Materia\u0142: Alu.6060-T6, tworzywo sztuczne POM (tworzywo acetalowe).<\/li>\n<li>Wymiary d\u0142.\/szer.\/wys.: 245x80x28 mm.<\/li>\n<li>Mikrowy\u0142\u0105cznik: Standardowy 2 szt. NIE IP67. Mo\u017cna zam\u00f3wi\u0107 z NO\/NC.<\/li>\n<\/ul>\n<\/section>","protected":false},"excerpt":{"rendered":"<p>Wymiary produktu: 245 x 80 x 28 mm.<\/p>\n<p>\u0141\u0105cznik k\u0105towy z wkl\u0119s\u0142\u0105 p\u0142ytk\u0105 dociskow\u0105 z czarnego anodowanego aluminium i bia\u0142ymi za\u015blepkami.<\/p>","protected":false},"featured_media":148659,"template":"","meta":{"_acf_changed":false},"product_brand":[],"product_cat":[1422,4706],"product_tag":[],"class_list":{"0":"post-148663","1":"product","2":"type-product","3":"status-publish","4":"has-post-thumbnail","6":"product_cat-armbagskontakter-dorrautomatik","7":"product_cat-metall","8":"product_shipping_class-tunga-paket","9":"pa_brands-jc-kontakter","10":"tm-has-options","12":"first","13":"instock","14":"sale","15":"taxable","16":"shipping-taxable","17":"purchasable","18":"product-type-simple"},"acf":[],"_links":{"self":[{"href":"https:\/\/secureus.se\/pl\/wp-json\/wp\/v2\/product\/148663","targetHints":{"allow":["GET"]}}],"collection":[{"href":"https:\/\/secureus.se\/pl\/wp-json\/wp\/v2\/product"}],"about":[{"href":"https:\/\/secureus.se\/pl\/wp-json\/wp\/v2\/types\/product"}],"wp:featuredmedia":[{"embeddable":true,"href":"https:\/\/secureus.se\/pl\/wp-json\/wp\/v2\/media\/148659"}],"wp:attachment":[{"href":"https:\/\/secureus.se\/pl\/wp-json\/wp\/v2\/media?parent=148663"}],"wp:term":[{"taxonomy":"product_brand","embeddable":true,"href":"https:\/\/secureus.se\/pl\/wp-json\/wp\/v2\/product_brand?post=148663"},{"taxonomy":"product_cat","embeddable":true,"href":"https:\/\/secureus.se\/pl\/wp-json\/wp\/v2\/product_cat?post=148663"},{"taxonomy":"product_tag","embeddable":true,"href":"https:\/\/secureus.se\/pl\/wp-json\/wp\/v2\/product_tag?post=148663"}],"curies":[{"name":"wp","href":"https:\/\/api.w.org\/{rel}","templated":true}]}}