{"id":148667,"date":"2025-03-04T16:35:46","date_gmt":"2025-03-04T15:35:46","guid":{"rendered":"https:\/\/secureus.se\/armbagskontakt-aluminium-jck108-600-mm\/"},"modified":"2026-04-16T16:48:19","modified_gmt":"2026-04-16T14:48:19","slug":"armbagskontakt-aluminium-jck108-600-mm","status":"publish","type":"product","link":"https:\/\/secureus.se\/pl\/armbagskontakt-aluminium-jck108-600-mm\/","title":{"rendered":"\u0141\u0105cznik k\u0105towy \u2013 Aluminium \u2013 JCK108 600 mm"},"content":{"rendered":"<h1>\u0141\u0105cznik k\u0105towy \u2013 Aluminium \u2013 JCK108 600 mm<\/h1>\n<section>JCK108 to solidny \u0142\u0105cznik k\u0105towy z aluminium. Model ten ma wkl\u0119s\u0142\u0105 p\u0142ytk\u0119 dociskow\u0105 z kontrastuj\u0105cymi czarnymi za\u015blepkami i jest szczeg\u00f3lnie odpowiedni do instalacji w wymagaj\u0105cych \u015brodowiskach. JCK108 jest dostarczany z 2 mikroprze\u0142\u0105cznikami w IP67.<\/p>\n<\/section>\n<section>\n<h4>Specyfikacja techniczna<\/h4>\n<ul>\n<li>Wyprodukowano w Szwecji.<\/li>\n<li>Materia\u0142: Alu.6060-T6, tworzywo sztuczne POM (tworzywo acetalowe).<\/li>\n<li>Wymiary d\u0142.\/szer.\/wys.: 600x80x28 mm.<\/li>\n<li>Mikrowy\u0142\u0105cznik: Standardowy 2 szt. NIE IP67. Mo\u017cna zam\u00f3wi\u0107 z NO\/NC.<\/li>\n<\/ul>\n<\/section>\n<p>&nbsp;<\/p>","protected":false},"excerpt":{"rendered":"<p>Wymiary produktu: 600 x 80 x 28 mm.<\/p>\n<p>\u0141\u0105cznik k\u0105towy z wkl\u0119s\u0142\u0105 p\u0142ytk\u0105 dociskow\u0105 z anodowanego na srebrno aluminium i czarnymi za\u015blepkami.<\/p>\n<p>Bia\u0142e za\u015blepki s\u0105 dost\u0119pne opcjonalnie.<\/p>","protected":false},"featured_media":148664,"template":"","meta":{"_acf_changed":false},"product_brand":[],"product_cat":[1422,4706],"product_tag":[],"class_list":{"0":"post-148667","1":"product","2":"type-product","3":"status-publish","4":"has-post-thumbnail","6":"product_cat-armbagskontakter-dorrautomatik","7":"product_cat-metall","8":"product_shipping_class-tunga-paket","9":"pa_brands-jc-kontakter","10":"tm-has-options","12":"first","13":"instock","14":"sale","15":"taxable","16":"shipping-taxable","17":"purchasable","18":"product-type-simple"},"acf":[],"_links":{"self":[{"href":"https:\/\/secureus.se\/pl\/wp-json\/wp\/v2\/product\/148667","targetHints":{"allow":["GET"]}}],"collection":[{"href":"https:\/\/secureus.se\/pl\/wp-json\/wp\/v2\/product"}],"about":[{"href":"https:\/\/secureus.se\/pl\/wp-json\/wp\/v2\/types\/product"}],"wp:featuredmedia":[{"embeddable":true,"href":"https:\/\/secureus.se\/pl\/wp-json\/wp\/v2\/media\/148664"}],"wp:attachment":[{"href":"https:\/\/secureus.se\/pl\/wp-json\/wp\/v2\/media?parent=148667"}],"wp:term":[{"taxonomy":"product_brand","embeddable":true,"href":"https:\/\/secureus.se\/pl\/wp-json\/wp\/v2\/product_brand?post=148667"},{"taxonomy":"product_cat","embeddable":true,"href":"https:\/\/secureus.se\/pl\/wp-json\/wp\/v2\/product_cat?post=148667"},{"taxonomy":"product_tag","embeddable":true,"href":"https:\/\/secureus.se\/pl\/wp-json\/wp\/v2\/product_tag?post=148667"}],"curies":[{"name":"wp","href":"https:\/\/api.w.org\/{rel}","templated":true}]}}