{"id":148669,"date":"2025-03-04T16:31:44","date_gmt":"2025-03-04T15:31:44","guid":{"rendered":"https:\/\/secureus.se\/armbagskontakt-50mm-alu-jck265\/"},"modified":"2025-12-31T21:42:14","modified_gmt":"2025-12-31T20:42:14","slug":"armbagskontakt-50mm-alu-jck265","status":"publish","type":"product","link":"https:\/\/secureus.se\/pl\/armbagskontakt-50mm-alu-jck265\/","title":{"rendered":"\u0141\u0105cznik k\u0105towy \u2013 50mm \u2013 Alu \u2013 JCK265"},"content":{"rendered":"<h1 class=\"product_title entry-title elementor-heading-title elementor-size-default\">\u0141\u0105cznik k\u0105towy \u2013 50mm \u2013 Alu \u2013 JCK265<\/h1>\n<p>JCK265 zosta\u0142 opracowany specjalnie do monta\u017cu na szklanych sekcjach z profilami o szeroko\u015bci 50 mm.<\/p>\n<p>Model ten nadaje si\u0119 r\u00f3wnie\u017c do monta\u017cu w innych miejscach, w kt\u00f3rych przestrze\u0144 jest ograniczona.<\/p>\n<p>JCK265 jest wyposa\u017cony w dwie powierzchnie dociskowe i wykonany z czarnego anodowanego aluminium z bia\u0142ymi za\u015blepkami.<\/p>\n<p>Nasze prze\u0142\u0105czniki \u0142okciowe z podw\u00f3jn\u0105 powierzchni\u0105 nacisku zosta\u0142y opracowane z my\u015bl\u0105 o miejscach z podw\u00f3jnymi drzwiami wahad\u0142owymi i umo\u017cliwiaj\u0105 oddzielne sterowanie ka\u017cdymi drzwiami.<\/p>\n<p>Dzi\u0119ki temu zmniejsza si\u0119 przeci\u0105gi i zimne powietrze, a jednocze\u015bnie oszcz\u0119dza si\u0119 energi\u0119, poniewa\u017c nie ma potrzeby otwierania obojga drzwi przy ka\u017cdym przej\u015bciu.<\/p>\n<p>Funkcja ta sprawdza si\u0119 r\u00f3wnie\u017c w pomieszczeniach, w kt\u00f3rych znajduj\u0105 si\u0119 dwa osobne wej\u015bcia do tego samego pomieszczenia.<\/p>\n<h4>Specyfikacja techniczna<\/h4>\n<ul>\n<li>Wyprodukowano w Szwecji.<\/li>\n<li>Materia\u0142: Alu.6060-T6, tworzywo sztuczne POM (tworzywo acetalowe).<\/li>\n<li>Wymiary wersji standardowej d\u0142.\/szer.\/wys.: 311x50x23 mm.<\/li>\n<li>Mikrowy\u0142\u0105czniki: 2 szt. IP67. 1 NO\/NC (ma\u0142y obszar ci\u015bnienia), 1 NO (du\u017cy obszar ci\u015bnienia).<\/li>\n<\/ul>\n<p>&nbsp;<\/p>","protected":false},"excerpt":{"rendered":"<p>Wymiary produktu: 311 x 50 x 23 mm.<\/p>\n<p>Z\u0142\u0105cze k\u0105towe z czarnego anodowanego aluminium z bia\u0142ymi za\u015blepkami.<\/p>\n<p>Smuk\u0142y model z dwiema powierzchniami drukowania.<\/p>","protected":false},"featured_media":148668,"template":"","meta":{"_acf_changed":false},"product_brand":[],"product_cat":[1422,4706],"product_tag":[],"class_list":{"0":"post-148669","1":"product","2":"type-product","3":"status-publish","4":"has-post-thumbnail","6":"product_cat-armbagskontakter-dorrautomatik","7":"product_cat-metall","8":"product_shipping_class-tunga-paket","9":"pa_brands-jc-kontakter","10":"tm-has-options","12":"first","13":"instock","14":"sale","15":"taxable","16":"shipping-taxable","17":"purchasable","18":"product-type-simple"},"acf":[],"_links":{"self":[{"href":"https:\/\/secureus.se\/pl\/wp-json\/wp\/v2\/product\/148669","targetHints":{"allow":["GET"]}}],"collection":[{"href":"https:\/\/secureus.se\/pl\/wp-json\/wp\/v2\/product"}],"about":[{"href":"https:\/\/secureus.se\/pl\/wp-json\/wp\/v2\/types\/product"}],"wp:featuredmedia":[{"embeddable":true,"href":"https:\/\/secureus.se\/pl\/wp-json\/wp\/v2\/media\/148668"}],"wp:attachment":[{"href":"https:\/\/secureus.se\/pl\/wp-json\/wp\/v2\/media?parent=148669"}],"wp:term":[{"taxonomy":"product_brand","embeddable":true,"href":"https:\/\/secureus.se\/pl\/wp-json\/wp\/v2\/product_brand?post=148669"},{"taxonomy":"product_cat","embeddable":true,"href":"https:\/\/secureus.se\/pl\/wp-json\/wp\/v2\/product_cat?post=148669"},{"taxonomy":"product_tag","embeddable":true,"href":"https:\/\/secureus.se\/pl\/wp-json\/wp\/v2\/product_tag?post=148669"}],"curies":[{"name":"wp","href":"https:\/\/api.w.org\/{rel}","templated":true}]}}