{"id":148671,"date":"2025-03-04T16:29:00","date_gmt":"2025-03-04T15:29:00","guid":{"rendered":"https:\/\/secureus.se\/armbagskontakt-50mm-alu-jck260\/"},"modified":"2026-04-16T16:50:15","modified_gmt":"2026-04-16T14:50:15","slug":"armbagskontakt-50mm-alu-jck260","status":"publish","type":"product","link":"https:\/\/secureus.se\/pl\/armbagskontakt-50mm-alu-jck260\/","title":{"rendered":"\u0141\u0105cznik k\u0105towy \u2013 50mm \u2013 Alu \u2013 JCK260"},"content":{"rendered":"<h1 class=\"product_title entry-title elementor-heading-title elementor-size-default\">\u0141\u0105cznik k\u0105towy \u2013 50mm \u2013 Alu \u2013 JCK260<\/h1>\n<p>JCK260 ma zaledwie 50 mm szeroko\u015bci i zosta\u0142 zaprojektowany do monta\u017cu na szklanych sekcjach zbudowanych z profili o szeroko\u015bci 50 mm, a tak\u017ce w innych miejscach o ograniczonej przestrzeni.<\/p>\n<p>Model ten posiada dwie powierzchnie drukuj\u0105ce i jest wykonany z anodowanego na srebrno aluminium z czarnymi za\u015blepkami.<\/p>\n<p>Nasze prze\u0142\u0105czniki \u0142okciowe z podw\u00f3jn\u0105 powierzchni\u0105 naciskow\u0105 zosta\u0142y opracowane z my\u015bl\u0105 o miejscach z podw\u00f3jnymi drzwiami wahad\u0142owymi. Umo\u017cliwiaj\u0105 one sterowanie ka\u017cdymi drzwiami osobno za pomoc\u0105 w\u0142asnego przycisku.<\/p>\n<p>Funkcja ta pomaga ograniczy\u0107 przeci\u0105gi i zimne powietrze oraz oszcz\u0119dza energi\u0119 w por\u00f3wnaniu do sytuacji, gdyby obie pary drzwi otwiera\u0142y si\u0119 za ka\u017cdym razem.<\/p>\n<p>Tego typu \u0142\u0105czniki \u0142okciowe mog\u0105 by\u0107 r\u00f3wnie\u017c stosowane w przej\u015bciach, w kt\u00f3rych znajduj\u0105 si\u0119 dwa wej\u015bcia do lokalu.<\/p>\n<h4>Specyfikacja techniczna<\/h4>\n<ul>\n<li>Wyprodukowano w Szwecji.<\/li>\n<li>Materia\u0142: Alu.6060-T6, tworzywo sztuczne POM (tworzywo acetalowe).<\/li>\n<li>Wymiary wersji standardowej d\u0142.\/szer.\/wys.: 311x50x23 mm.<\/li>\n<li>Mikrowy\u0142\u0105czniki: 2 szt. IP67. 1 NO\/NC (ma\u0142y obszar ci\u015bnienia), 1 NO (du\u017cy obszar ci\u015bnienia).<\/li>\n<\/ul>\n<p>&nbsp;<\/p>","protected":false},"excerpt":{"rendered":"<p>Wymiary produktu: 311 x 50 x 23 mm.<\/p>\n<p>Z\u0142\u0105cze k\u0105towe wykonane z anodowanego na srebrno aluminium z czarnymi za\u015blepkami.<\/p>\n<p>Smuk\u0142y model z dwiema powierzchniami drukowania.<\/p>","protected":false},"featured_media":148670,"template":"","meta":{"_acf_changed":false},"product_brand":[],"product_cat":[1422,4706],"product_tag":[],"class_list":{"0":"post-148671","1":"product","2":"type-product","3":"status-publish","4":"has-post-thumbnail","6":"product_cat-armbagskontakter-dorrautomatik","7":"product_cat-metall","8":"product_shipping_class-tunga-paket","9":"pa_brands-jc-kontakter","10":"tm-has-options","12":"first","13":"instock","14":"sale","15":"taxable","16":"shipping-taxable","17":"purchasable","18":"product-type-simple"},"acf":[],"_links":{"self":[{"href":"https:\/\/secureus.se\/pl\/wp-json\/wp\/v2\/product\/148671","targetHints":{"allow":["GET"]}}],"collection":[{"href":"https:\/\/secureus.se\/pl\/wp-json\/wp\/v2\/product"}],"about":[{"href":"https:\/\/secureus.se\/pl\/wp-json\/wp\/v2\/types\/product"}],"wp:featuredmedia":[{"embeddable":true,"href":"https:\/\/secureus.se\/pl\/wp-json\/wp\/v2\/media\/148670"}],"wp:attachment":[{"href":"https:\/\/secureus.se\/pl\/wp-json\/wp\/v2\/media?parent=148671"}],"wp:term":[{"taxonomy":"product_brand","embeddable":true,"href":"https:\/\/secureus.se\/pl\/wp-json\/wp\/v2\/product_brand?post=148671"},{"taxonomy":"product_cat","embeddable":true,"href":"https:\/\/secureus.se\/pl\/wp-json\/wp\/v2\/product_cat?post=148671"},{"taxonomy":"product_tag","embeddable":true,"href":"https:\/\/secureus.se\/pl\/wp-json\/wp\/v2\/product_tag?post=148671"}],"curies":[{"name":"wp","href":"https:\/\/api.w.org\/{rel}","templated":true}]}}