{"id":148697,"date":"2025-03-12T11:01:47","date_gmt":"2025-03-12T10:01:47","guid":{"rendered":"https:\/\/secureus.se\/dorrstangarsats-ts83-3-6-med-uppstallningsarm-brun\/"},"modified":"2026-04-08T15:25:17","modified_gmt":"2026-04-08T13:25:17","slug":"dorrstangarsats-ts83-3-6-med-uppstallningsarm-brun","status":"publish","type":"product","link":"https:\/\/secureus.se\/pl\/dorrstangarsats-ts83-3-6-med-uppstallningsarm-brun\/","title":{"rendered":"Samozamykacz Dormakaba TS83 \u2013 zestaw kompletny \u2013 EN 3-6 \u2013 rami\u0119 monta\u017cowe (w\u0142.\/wy\u0142.) \u2013 br\u0105zowy"},"content":{"rendered":"<p><strong>Dormakaba TS83<\/strong> to mocny i niezawodny samozamykacz dla tych, kt\u00f3rzy potrzebuj\u0105 bezpiecznego i kontrolowanego zamykania drzwi wewn\u0119trznych i zewn\u0119trznych. Ten wariant jest dostarczany jako <strong>kompletny zestaw<\/strong> w kolorze br\u0105zowym z <strong>rami\u0119 stoj\u0105ce CL-RF w\u0142.\/wy\u0142.<\/strong>, co czyni go dobrym wyborem, gdy chcesz m\u00f3c pozostawi\u0107 drzwi otwarte, gdy jest to potrzebne, i \u0142atwo w\u0142\u0105czy\u0107 lub wy\u0142\u0105czy\u0107 t\u0119 funkcj\u0119.<\/p>\n<p>Samozamykacz pasuje do drzwi o szeroko\u015bci do <strong>1400 mm<\/strong> i ma <strong>bezstopniowa regulacja si\u0142y zamykania EN 3-6<\/strong>. Mo\u017cna go zamontowa\u0107 na <strong>strona zawiasowa skrzyd\u0142a drzwi<\/strong> Lub <strong>strona oporowa ramy<\/strong> i pasuje do obu <strong>drzwi lewe i prawe<\/strong>.<\/p>\n<h3>To jest zawarte w zestawie<\/h3>\n<ul>\n<li>Obudowa samozamykacza TS83 3-6<\/li>\n<li>P\u0142yta monta\u017cowa 8380<\/li>\n<li>W\u0142\u0105cznik\/wy\u0142\u0105cznik ramienia stoj\u0105cego CL-RF<\/li>\n<\/ul>\n<h3>Charakterystyka<\/h3>\n<ul>\n<li>Kompletny zestaw z obudow\u0105 samozamykacza, p\u0142yt\u0105 monta\u017cow\u0105 i ramieniem monta\u017cowym<\/li>\n<li>Hydrauliczny samozamykacz drzwiowy ze spr\u0119\u017cyn\u0105 dociskow\u0105<\/li>\n<li>Si\u0142a zamykaj\u0105ca <strong>JEDEN 3-6<\/strong><\/li>\n<li>P\u0142ynna regulacja si\u0142y zamykania drzwi<\/li>\n<li>Pasuje do lewych i prawych drzwi<\/li>\n<li>Mo\u017cliwo\u015b\u0107 monta\u017cu po stronie zawiasu skrzyd\u0142a drzwiowego lub po stronie zaczepu o\u015bcie\u017cnicy<\/li>\n<li>Maksymalna szeroko\u015b\u0107 drzwi <strong>1400 mm<\/strong><\/li>\n<li>Maksymalny k\u0105t otwarcia <strong>150\u00b0<\/strong><\/li>\n<li>Obr\u00f3bka powierzchni: <strong>Br\u0105zowy<\/strong><\/li>\n<li>Na \u017cyczenie mo\u017cna zam\u00f3wi\u0107 kolory specjalne w skali NCS lub RAL.<\/li>\n<\/ul>\n<h3>Funkcje<\/h3>\n<ul>\n<li>Hamulec otwieraj\u0105cy w standardzie<\/li>\n<li>Regulowana pr\u0119dko\u015b\u0107 zamykania <strong>180\u00b0 do 0\u00b0<\/strong><\/li>\n<li>Regulowana si\u0142a uderzenia <strong>7\u00b0 do 0\u00b0<\/strong><\/li>\n<li>Rami\u0119 stojaka z przyciskiem do w\u0142\u0105czania i wy\u0142\u0105czania stojaka<\/li>\n<\/ul>\n<h3>Wa\u017cne informacje<\/h3>\n<p><strong>Rami\u0119 stoj\u0105ce nie mo\u017ce by\u0107 stosowane w drzwiach przeciwpo\u017carowych.<\/strong> Je\u017celi samozamykacz ma by\u0107 stosowany w drzwiach przeciwpo\u017carowych, nale\u017cy wybra\u0107 odpowiedni\u0105 wersj\u0119 bez aktywnej funkcji podnoszenia.<\/p>\n<h3>Mierzy\u0107<\/h3>\n<ul>\n<li>D\u0142ugo\u015b\u0107: <strong>293 mm<\/strong><\/li>\n<li>Wysoko\u015b\u0107: <strong>60 mm<\/strong><\/li>\n<li>G\u0142\u0119boko\u015b\u0107: <strong>47,5 mm<\/strong><\/li>\n<\/ul>\n<h3>Nadaje si\u0119 do<\/h3>\n<ul>\n<li>drzwi wewn\u0119trzne<\/li>\n<li>drzwi wej\u015bciowe<\/li>\n<li>drzwi wej\u015bciowe<\/li>\n<li>\u015brodowiska drzwiowe, w kt\u00f3rych wymagana jest funkcja wy\u015bwietlania<\/li>\n<li>nieruchomo\u015bci, biura i przestrzenie publiczne<\/li>\n<\/ul>\n<p>Dormakaba TS83 to dobry wyb\u00f3r dla os\u00f3b poszukuj\u0105cych <strong>samozamykacz z ramieniem stoj\u0105cym<\/strong> W kompletnym zestawie. Otrzymujesz niezawodny samozamykacz o szerokim zakresie regulacji, stabilnym dzia\u0142aniu i mo\u017cliwo\u015bci \u0142atwej aktywacji lub dezaktywacji w zale\u017cno\u015bci od potrzeb.<\/p>\n<div style=\"background: #f6f8fa;padding: 14px;border-radius: 6px;margin: 18px 0\"><strong>Potrzebujesz pomocy w wyborze odpowiedniego samozamykacza?<\/strong><br \/>\nPor\u00f3wnaj typ drzwi, typ ramienia i szeroko\u015b\u0107 drzwi lub zobacz wi\u0119cej modeli w naszej ofercie.<br \/>\n<a style=\"font-weight: bold\" href=\"https:\/\/secureus.se\/pl\/dorrstangare-kompletta\/\"><br \/>\nZobacz wszystkie kompletne samozamykacze tutaj \u2192<br \/>\n<\/a><\/div>","protected":false},"excerpt":{"rendered":"<p><strong>Kompletny samozamykacz Dormakaba TS83 w kolorze br\u0105zowym<\/strong> Z ramieniem w\u0142\u0105czaj\u0105cym\/wy\u0142\u0105czaj\u0105cym do kontrolowanego zamykania drzwi wewn\u0119trznych i zewn\u0119trznych. Pasuje do drzwi o szeroko\u015bci do <strong>1400 mm<\/strong> i mo\u017cna go zamontowa\u0107 na <strong>strona zawiasowa skrzyd\u0142a drzwi<\/strong> Lub <strong>strona oporowa ramy<\/strong>.<\/p>\n<p>Kompletny zestaw zawiera: <strong>obudowa samozamykacza TS83 3-6, p\u0142yta monta\u017cowa 8380 i rami\u0119 monta\u017cowe CL-RF W\u0142.\/Wy\u0142.<\/strong>. Model ma <strong>regulowana si\u0142a zamykania EN 3-6<\/strong>, hamulec postojowy i funkcja parkowania, kt\u00f3re mo\u017cna \u0142atwo w\u0142\u0105czy\u0107 lub wy\u0142\u0105czy\u0107 zale\u017cnie od potrzeb.<\/p>","protected":false},"featured_media":148696,"template":"","meta":{"_acf_changed":false},"product_brand":[],"product_cat":[3258,4864],"product_tag":[4863],"class_list":{"0":"post-148697","1":"product","2":"type-product","3":"status-publish","4":"has-post-thumbnail","6":"product_cat-dorrstangare","7":"product_cat-dorrstangare-kompletta","8":"product_tag-pf","9":"product_shipping_class-tunga-paket","10":"pa_brands-dormakaba","11":"tm-no-options","13":"first","14":"instock","15":"sale","16":"taxable","17":"shipping-taxable","18":"purchasable","19":"product-type-simple"},"acf":[],"_links":{"self":[{"href":"https:\/\/secureus.se\/pl\/wp-json\/wp\/v2\/product\/148697","targetHints":{"allow":["GET"]}}],"collection":[{"href":"https:\/\/secureus.se\/pl\/wp-json\/wp\/v2\/product"}],"about":[{"href":"https:\/\/secureus.se\/pl\/wp-json\/wp\/v2\/types\/product"}],"wp:featuredmedia":[{"embeddable":true,"href":"https:\/\/secureus.se\/pl\/wp-json\/wp\/v2\/media\/148696"}],"wp:attachment":[{"href":"https:\/\/secureus.se\/pl\/wp-json\/wp\/v2\/media?parent=148697"}],"wp:term":[{"taxonomy":"product_brand","embeddable":true,"href":"https:\/\/secureus.se\/pl\/wp-json\/wp\/v2\/product_brand?post=148697"},{"taxonomy":"product_cat","embeddable":true,"href":"https:\/\/secureus.se\/pl\/wp-json\/wp\/v2\/product_cat?post=148697"},{"taxonomy":"product_tag","embeddable":true,"href":"https:\/\/secureus.se\/pl\/wp-json\/wp\/v2\/product_tag?post=148697"}],"curies":[{"name":"wp","href":"https:\/\/api.w.org\/{rel}","templated":true}]}}