{"id":148699,"date":"2025-03-12T11:01:46","date_gmt":"2025-03-12T10:01:46","guid":{"rendered":"https:\/\/secureus.se\/dorrstangarsats-ts83-3-6-med-standardarm-brun\/"},"modified":"2026-04-08T15:26:06","modified_gmt":"2026-04-08T13:26:06","slug":"dorrstangarsats-ts83-3-6-med-standardarm-brun","status":"publish","type":"product","link":"https:\/\/secureus.se\/pl\/dorrstangarsats-ts83-3-6-med-standardarm-brun\/","title":{"rendered":"Samozamykacz Dormakaba TS83 \u2013 zestaw kompletny \u2013 EN 3-6 \u2013 rami\u0119 standardowe CL\u2011N \u2013 br\u0105zowy"},"content":{"rendered":"<p><strong>Dormakaba TS83<\/strong> To mocny i niezawodny samozamykacz dla tych, kt\u00f3rzy potrzebuj\u0105 bezpiecznego, p\u0142ynnego i kontrolowanego zamykania drzwi wewn\u0119trznych, zewn\u0119trznych i przeciwpo\u017carowych. Model ten jest dostarczany jako <strong>kompletny zestaw<\/strong> w kolorze br\u0105zowym z <strong>standardowe rami\u0119 CL-N<\/strong>, co czyni go wygodnym wyborem zar\u00f3wno w przypadku nowych instalacji, jak i wymiany.<\/p>\n<p>Samozamykacz pasuje <strong>drzwi pojedyncze do 1400 mm<\/strong> i ma <strong>bezstopniowa regulacja si\u0142y zamykania EN 3-6<\/strong>. Mo\u017cna go zamontowa\u0107 na <strong>strona zawiasowa skrzyd\u0142a drzwi<\/strong> Lub <strong>strona oporowa ramy<\/strong> i pasuje do obu <strong>drzwi lewe i prawe<\/strong>.<\/p>\n<h3>To jest zawarte w zestawie<\/h3>\n<ul>\n<li>Obudowa samozamykacza TS83 3-6<\/li>\n<li>P\u0142yta monta\u017cowa 8380<\/li>\n<li>Rami\u0119 standardowe CL-N<\/li>\n<\/ul>\n<h3>Charakterystyka<\/h3>\n<ul>\n<li>Kompletny zestaw z obudow\u0105 samozamykacza, p\u0142yt\u0105 monta\u017cow\u0105 i standardowym ramieniem<\/li>\n<li>Hydrauliczny samozamykacz drzwiowy ze spr\u0119\u017cyn\u0105 dociskow\u0105<\/li>\n<li>System ramion: <strong>Rami\u0119 standardowe<\/strong><\/li>\n<li>Si\u0142a zamykania: <strong>JEDEN 3-6<\/strong><\/li>\n<li>P\u0142ynna regulacja si\u0142y zamykania drzwi<\/li>\n<li>Pasuje do pojedynczych drzwi<\/li>\n<li>Maksymalna szeroko\u015b\u0107 skrzyd\u0142a drzwi: <strong>1400 mm<\/strong><\/li>\n<li>Pasuje do lewych i prawych drzwi<\/li>\n<li>Mo\u017cliwo\u015b\u0107 monta\u017cu po stronie zawiasu skrzyd\u0142a drzwiowego lub po stronie zaczepu o\u015bcie\u017cnicy<\/li>\n<li>Maksymalny k\u0105t otwarcia: <strong>180\u00b0<\/strong><\/li>\n<li>Hamulec otwieraj\u0105cy w standardzie<\/li>\n<li>Obr\u00f3bka powierzchni: <strong>Br\u0105zowy<\/strong><\/li>\n<\/ul>\n<h3>Funkcje<\/h3>\n<ul>\n<li>Hamulec otwieraj\u0105cy: Tak<\/li>\n<li>Pr\u0119dko\u015b\u0107 zamykania jest regulowana <strong>180\u00b0 do 0\u00b0<\/strong><\/li>\n<li>Si\u0142a uderzenia jest regulowana <strong>7\u00b0 do 0\u00b0<\/strong><\/li>\n<li>Konfiguracja elektromechaniczna: Nie<\/li>\n<li>Funkcja swobodnego hu\u015btania: Nie<\/li>\n<li>Zamykanie z op\u00f3\u017anieniem: Nie<\/li>\n<\/ul>\n<h3>Mierzy\u0107<\/h3>\n<ul>\n<li>D\u0142ugo\u015b\u0107: <strong>293 mm<\/strong><\/li>\n<li>Wysoko\u015b\u0107: <strong>60 mm<\/strong><\/li>\n<li>G\u0142\u0119boko\u015b\u0107: <strong>47,5 mm<\/strong><\/li>\n<\/ul>\n<h3>Nadaje si\u0119 do<\/h3>\n<ul>\n<li>drzwi wewn\u0119trzne<\/li>\n<li>drzwi wej\u015bciowe<\/li>\n<li>drzwi przeciwpo\u017carowe<\/li>\n<li>drzwi wej\u015bciowe<\/li>\n<li>nieruchomo\u015bci, biura i przestrzenie publiczne<\/li>\n<\/ul>\n<p>Dormakaba TS83 to dobry wyb\u00f3r dla os\u00f3b poszukuj\u0105cych <strong>samozamykacz z ramieniem standardowym<\/strong> W kompletnym zestawie. Otrzymujesz niezawodny samozamykacz o szerokim zakresie regulacji, stabilnym dzia\u0142aniu i \u0142atwym monta\u017cu w wielu r\u00f3\u017cnych zastosowaniach drzwiowych.<\/p>\n<div style=\"background: #f6f8fa;padding: 14px;border-radius: 6px;margin: 18px 0\"><strong>Potrzebujesz pomocy w wyborze odpowiedniego samozamykacza?<\/strong><br \/>\nPor\u00f3wnaj typ drzwi, typ ramienia i szeroko\u015b\u0107 drzwi lub zobacz wi\u0119cej modeli w naszej ofercie.<br \/>\n<a style=\"font-weight: bold\" href=\"https:\/\/secureus.se\/pl\/dorrstangare-kompletta\/\"><br \/>\nZobacz wszystkie kompletne samozamykacze tutaj \u2192<br \/>\n<\/a><\/div>","protected":false},"excerpt":{"rendered":"<p><strong>Kompletny samozamykacz Dormakaba TS83 w kolorze br\u0105zowym<\/strong> ze standardowym ramieniem CL-N do bezpiecznego i kontrolowanego zamykania drzwi wewn\u0119trznych, zewn\u0119trznych i przeciwpo\u017carowych. Pasuje <strong>drzwi pojedyncze do 1400 mm<\/strong> i mo\u017cna go zamontowa\u0107 na <strong>strona zawiasowa skrzyd\u0142a drzwi<\/strong> Lub <strong>strona oporowa ramy<\/strong>.<\/p>\n<p>Kompletny zestaw zawiera: <strong>obudowa samozamykacza TS83 3-6, p\u0142yta monta\u017cowa 8380 i rami\u0119 standardowe CL-N<\/strong>. Model ma <strong>bezstopniowa regulacja si\u0142y zamykania EN 3-6<\/strong>, hamulec otwierania w standardzie, pasuje zar\u00f3wno do drzwi lewych, jak i prawych.<\/p>","protected":false},"featured_media":148698,"template":"","meta":{"_acf_changed":false},"product_brand":[],"product_cat":[3258,4864],"product_tag":[4863],"class_list":{"0":"post-148699","1":"product","2":"type-product","3":"status-publish","4":"has-post-thumbnail","6":"product_cat-dorrstangare","7":"product_cat-dorrstangare-kompletta","8":"product_tag-pf","9":"pa_brands-dormakaba","10":"tm-no-options","12":"first","13":"instock","14":"sale","15":"taxable","16":"shipping-taxable","17":"purchasable","18":"product-type-simple"},"acf":[],"_links":{"self":[{"href":"https:\/\/secureus.se\/pl\/wp-json\/wp\/v2\/product\/148699","targetHints":{"allow":["GET"]}}],"collection":[{"href":"https:\/\/secureus.se\/pl\/wp-json\/wp\/v2\/product"}],"about":[{"href":"https:\/\/secureus.se\/pl\/wp-json\/wp\/v2\/types\/product"}],"wp:featuredmedia":[{"embeddable":true,"href":"https:\/\/secureus.se\/pl\/wp-json\/wp\/v2\/media\/148698"}],"wp:attachment":[{"href":"https:\/\/secureus.se\/pl\/wp-json\/wp\/v2\/media?parent=148699"}],"wp:term":[{"taxonomy":"product_brand","embeddable":true,"href":"https:\/\/secureus.se\/pl\/wp-json\/wp\/v2\/product_brand?post=148699"},{"taxonomy":"product_cat","embeddable":true,"href":"https:\/\/secureus.se\/pl\/wp-json\/wp\/v2\/product_cat?post=148699"},{"taxonomy":"product_tag","embeddable":true,"href":"https:\/\/secureus.se\/pl\/wp-json\/wp\/v2\/product_tag?post=148699"}],"curies":[{"name":"wp","href":"https:\/\/api.w.org\/{rel}","templated":true}]}}