{"id":148710,"date":"2025-03-12T12:46:21","date_gmt":"2025-03-12T11:46:21","guid":{"rendered":"https:\/\/secureus.se\/?post_type=product&#038;p=148710"},"modified":"2026-03-25T15:31:12","modified_gmt":"2026-03-25T14:31:12","slug":"standardarm-cl-n-brun","status":"publish","type":"product","link":"https:\/\/secureus.se\/pl\/standardarm-cl-n-brun\/","title":{"rendered":"Rami\u0119 standardowe CL-N Br\u0105zowe"},"content":{"rendered":"<p>Rami\u0119 standardowe w serii dormakaba CL-N. Pasuje do obud\u00f3w samozamykaczy TS83 i TS73. CL-N jest podzielny, je\u015bli jest niepodzielny wybierz CL-N-SEC. Nadaje si\u0119 do drzwi wewn\u0119trznych, zewn\u0119trznych i przeciwpo\u017carowych w budynkach us\u0142ugowych, szpitalach i instytucjach dla niepe\u0142nosprawnych.<\/p>\n<div>\n<p><b>W\u0142a\u015bciwo\u015bci:<\/b><\/p>\n<ul>\n<li>Do g\u0142\u0119boko\u015bci penetracji maks. 85 mm<\/li>\n<li>Mo\u017cliwo\u015b\u0107 p\u0142ynnej regulacji<\/li>\n<li>Podzielny<\/li>\n<\/ul>\n<\/div>","protected":false},"excerpt":{"rendered":"<p>Standardowe rami\u0119 w serii CL-N firmy dormakaba. Pasuje do obud\u00f3w samozamykaczy TS83 i TS73. CL-N jest podzielny, je\u015bli jest niepodzielny wybierz CL-N-SEC. Nadaje si\u0119 do drzwi wewn\u0119trznych, zewn\u0119trznych i przeciwpo\u017carowych w budynkach us\u0142ugowych, szpitalach i instytucjach dla niepe\u0142nosprawnych. Cechy:<\/p>","protected":false},"featured_media":148709,"template":"","meta":{"_acf_changed":false},"product_brand":[],"product_cat":[4805],"product_tag":[4863],"class_list":{"0":"post-148710","1":"product","2":"type-product","3":"status-publish","4":"has-post-thumbnail","6":"product_cat-dorrstangararmar","7":"product_tag-pf","8":"product_shipping_class-tunga-paket","9":"pa_brands-dormakaba","10":"tm-no-options","12":"first","13":"instock","14":"sale","15":"taxable","16":"shipping-taxable","17":"purchasable","18":"product-type-simple"},"acf":[],"_links":{"self":[{"href":"https:\/\/secureus.se\/pl\/wp-json\/wp\/v2\/product\/148710","targetHints":{"allow":["GET"]}}],"collection":[{"href":"https:\/\/secureus.se\/pl\/wp-json\/wp\/v2\/product"}],"about":[{"href":"https:\/\/secureus.se\/pl\/wp-json\/wp\/v2\/types\/product"}],"wp:featuredmedia":[{"embeddable":true,"href":"https:\/\/secureus.se\/pl\/wp-json\/wp\/v2\/media\/148709"}],"wp:attachment":[{"href":"https:\/\/secureus.se\/pl\/wp-json\/wp\/v2\/media?parent=148710"}],"wp:term":[{"taxonomy":"product_brand","embeddable":true,"href":"https:\/\/secureus.se\/pl\/wp-json\/wp\/v2\/product_brand?post=148710"},{"taxonomy":"product_cat","embeddable":true,"href":"https:\/\/secureus.se\/pl\/wp-json\/wp\/v2\/product_cat?post=148710"},{"taxonomy":"product_tag","embeddable":true,"href":"https:\/\/secureus.se\/pl\/wp-json\/wp\/v2\/product_tag?post=148710"}],"curies":[{"name":"wp","href":"https:\/\/api.w.org\/{rel}","templated":true}]}}