{"id":148714,"date":"2025-03-12T12:46:21","date_gmt":"2025-03-12T11:46:21","guid":{"rendered":"https:\/\/secureus.se\/?post_type=product&#038;p=148714"},"modified":"2026-04-08T15:11:23","modified_gmt":"2026-04-08T13:11:23","slug":"uppstallningsarm-cl-rf-on-off-brun","status":"publish","type":"product","link":"https:\/\/secureus.se\/pl\/uppstallningsarm-cl-rf-on-off-brun\/","title":{"rendered":"Rami\u0119 stojaka CL-RF W\u0142.\/Wy\u0142. Br\u0105zowy"},"content":{"rendered":"<div>Wysi\u0119gnik stojakowy Dormakabas CL-RF serii ON\/OFF. Pasuje do obud\u00f3w samozamykaczy TS83 i TS73. Do drzwi wewn\u0119trznych i zewn\u0119trznych. Nie stosowa\u0107 w drzwiach przeciwpo\u017carowych.<\/div>\n<div><\/div>\n<div><b>W\u0142a\u015bciwo\u015bci:\u00a0<\/b><\/div>\n<div>\n<ul>\n<li>System ramion z mechanicznym uk\u0142adem blokuj\u0105cym, kt\u00f3ry mo\u017cna w\u0142\u0105cza\u0107 i wy\u0142\u0105cza\u0107.<\/li>\n<li>Zmiana odbywa si\u0119 r\u0119cznie, za pomoc\u0105 przycisku na ramieniu g\u0142\u00f3wnym.<\/li>\n<li>Nadaje si\u0119 do drzwi lewych i prawych.<\/li>\n<li>Mo\u017cliwo\u015b\u0107 monta\u017cu na skrzydle drzwi lub o\u015bcie\u017cnicy.<\/li>\n<li>Pasuje do samozamykaczy TS 73 i TS 83.<\/li>\n<li>Zmiana odbywa si\u0119 r\u0119cznie, za pomoc\u0105 przycisku na ramieniu g\u0142\u00f3wnym.<\/li>\n<li>Do ram o maksymalnej g\u0142\u0119boko\u015bci. 45mm, z przed\u0142u\u017conym ramieniem \u0142\u0105cz\u0105cym maks. 65 mm.<\/li>\n<li>Si\u0142\u0119 uderzenia mo\u017cna regulowa\u0107 za pomoc\u0105 d\u017awigni.<\/li>\n<li>Mo\u017cna ustawi\u0107 pod dowolnym k\u0105tem do maksymalnie 150\u00b0.<\/li>\n<\/ul>\n<\/div>","protected":false},"excerpt":{"rendered":"<p>Wysi\u0119gnik stojakowy Dormakabas CL-RF serii ON\/OFF. Pasuje do obud\u00f3w samozamykaczy TS83 i TS73. Do drzwi wewn\u0119trznych i zewn\u0119trznych. Nie stosowa\u0107 w drzwiach przeciwpo\u017carowych. Cechy: System ramion z mechanicznym uk\u0142adem blokuj\u0105cym, kt\u00f3ry jest<\/p>","protected":false},"featured_media":148711,"template":"","meta":{"_acf_changed":false},"product_brand":[],"product_cat":[4805],"product_tag":[4863],"class_list":{"0":"post-148714","1":"product","2":"type-product","3":"status-publish","4":"has-post-thumbnail","6":"product_cat-dorrstangararmar","7":"product_tag-pf","8":"product_shipping_class-tunga-paket","9":"pa_brands-dormakaba","10":"tm-no-options","12":"first","13":"instock","14":"sale","15":"taxable","16":"shipping-taxable","17":"purchasable","18":"product-type-simple"},"acf":[],"_links":{"self":[{"href":"https:\/\/secureus.se\/pl\/wp-json\/wp\/v2\/product\/148714","targetHints":{"allow":["GET"]}}],"collection":[{"href":"https:\/\/secureus.se\/pl\/wp-json\/wp\/v2\/product"}],"about":[{"href":"https:\/\/secureus.se\/pl\/wp-json\/wp\/v2\/types\/product"}],"wp:featuredmedia":[{"embeddable":true,"href":"https:\/\/secureus.se\/pl\/wp-json\/wp\/v2\/media\/148711"}],"wp:attachment":[{"href":"https:\/\/secureus.se\/pl\/wp-json\/wp\/v2\/media?parent=148714"}],"wp:term":[{"taxonomy":"product_brand","embeddable":true,"href":"https:\/\/secureus.se\/pl\/wp-json\/wp\/v2\/product_brand?post=148714"},{"taxonomy":"product_cat","embeddable":true,"href":"https:\/\/secureus.se\/pl\/wp-json\/wp\/v2\/product_cat?post=148714"},{"taxonomy":"product_tag","embeddable":true,"href":"https:\/\/secureus.se\/pl\/wp-json\/wp\/v2\/product_tag?post=148714"}],"curies":[{"name":"wp","href":"https:\/\/api.w.org\/{rel}","templated":true}]}}