{"id":148796,"date":"2025-03-13T14:40:11","date_gmt":"2025-03-13T13:40:11","guid":{"rendered":"https:\/\/secureus.se\/rwc-larm-komplett-kit\/"},"modified":"2025-12-31T21:47:19","modified_gmt":"2025-12-31T20:47:19","slug":"rwc-larm-komplett-kit","status":"publish","type":"product","link":"https:\/\/secureus.se\/pl\/rwc-larm-komplett-kit\/","title":{"rendered":"RWC Alarm \u2013 Kompletny zestaw alarmowy na wypadek sytuacji awaryjnych, w tym zasilacz \u2013 oznakowany znakiem CE"},"content":{"rendered":"<h1 data-start=\"549\" data-end=\"788\">Alarm RWC to niezawodne i \u0142atwe w obs\u0142udze rozwi\u0105zanie zwi\u0119kszaj\u0105ce bezpiecze\u0144stwo w toaletach i innych dost\u0119pnych miejscach.<\/h1>\n<p>Alarm RWC pod\u0142\u0105cza si\u0119 za pomoc\u0105 kabla 2-\u017cy\u0142owego lub 4-\u017cy\u0142owego. Pod\u0142\u0105cz zasilanie za pomoc\u0105 kabla elektrycznego do sieci 220V.<\/p>\n<p data-start=\"549\" data-end=\"788\">System zaprojektowano tak, aby umo\u017cliwi\u0107 szybk\u0105 pomoc w sytuacjach awaryjnych dzi\u0119ki wyra\u017anemu sygna\u0142owi alarmowemu.<\/p>\n<p data-start=\"790\" data-end=\"820\"><strong data-start=\"790\" data-end=\"818\">Funkcje i zalety alarmu RWC:<\/strong><\/p>\n<ul data-start=\"821\" data-end=\"1230\">\n<li data-start=\"821\" data-end=\"894\"><strong data-start=\"823\" data-end=\"841\">Kompletny pakiet<\/strong> \u2013 Zawiera przycisk alarmowy, link\u0119 i wska\u017anik alarmu.<\/li>\n<li data-start=\"895\" data-end=\"981\"><strong data-start=\"897\" data-end=\"922\">Wyra\u017ane wskazanie alarmu<\/strong> \u2013 Sygna\u0142y d\u017awi\u0119kowe i \u015bwietlne wzywaj\u0105ce do natychmiastowej interwencji.<\/li>\n<li data-start=\"982\" data-end=\"1070\"><strong data-start=\"984\" data-end=\"1003\">Przyjazny dla u\u017cytkownika<\/strong> \u2013 \u0141atwe w aktywacji, nawet dla os\u00f3b o ograniczonej sprawno\u015bci ruchowej.<\/li>\n<li data-start=\"1071\" data-end=\"1159\"><strong data-start=\"1073\" data-end=\"1096\">\u0141atwy w instalacji<\/strong> \u2013 Nadaje si\u0119 do toalet publicznych, plac\u00f3wek s\u0142u\u017cby zdrowia i przedsi\u0119biorstw.<\/li>\n<li data-start=\"1160\" data-end=\"1230\"><strong data-start=\"1162\" data-end=\"1183\">Wysoka niezawodno\u015b\u0107 operacyjna<\/strong> \u2013 Solidna konstrukcja i niezawodna funkcjonalno\u015b\u0107.<\/li>\n<\/ul>\n<p data-start=\"1232\" data-end=\"1257\"><strong data-start=\"1232\" data-end=\"1255\">Obszary zastosowania alarmu RWC \u2013 alarm awaryjny<\/strong><\/p>\n<ul data-start=\"1258\" data-end=\"1370\">\n<li data-start=\"1258\" data-end=\"1282\">Toalety publiczne<\/li>\n<li data-start=\"1283\" data-end=\"1315\">Szpitale i plac\u00f3wki opieku\u0144cze<\/li>\n<li data-start=\"1316\" data-end=\"1344\">Szko\u0142y i miejsca pracy<\/li>\n<li data-start=\"1345\" data-end=\"1370\">Hotele i centra handlowe<\/li>\n<\/ul>\n<p data-start=\"1372\" data-end=\"1403\"><strong data-start=\"1372\" data-end=\"1401\">Dane techniczne:<\/strong><\/p>\n<p>\u0179r\u00f3d\u0142o zasilania: 12V\u201324V DC<\/p>\n<p>Typ alarmu: Sygnalizacja akustyczna i wizualna<\/p>\n<p>Monta\u017c: Jednostka \u015bcienna ze sznurkiem<\/p>\n<p>Materia\u0142: Trwa\u0142y i \u0142atwy do czyszczenia<\/p>\n<p><strong>D\u0142ugo\u015b\u0107\/G\u0142\u0119boko\u015b\u0107 produktu:<\/strong> 280 mm<\/p>\n<p><strong>Wysoko\u015b\u0107 produktu:<\/strong> 48 mm<\/p>\n<p><strong>Szeroko\u015b\u0107 produktu:<\/strong> 211 mm<\/p>\n<p><strong>Waga produktu:<\/strong> 0,498 kg<\/p>\n<p><strong>Certyfikaty:<\/strong> CE<\/p>\n<p>&nbsp;<\/p>\n<h3 data-start=\"191\" data-end=\"224\"><strong data-start=\"195\" data-end=\"222\">Monta\u017c alarmu RWC<\/strong><\/h3>\n<p data-start=\"225\" data-end=\"325\">Aby zapewni\u0107 prawid\u0142owy i bezpieczny monta\u017c alarmu toaletowego, nale\u017cy post\u0119powa\u0107 zgodnie z poni\u017cszymi wskaz\u00f3wkami.<\/p>\n<h3 data-start=\"327\" data-end=\"366\"><strong data-start=\"331\" data-end=\"364\">Instalacja elektryczna (Okablowanie sieciowe)<\/strong><\/h3>\n<ul data-start=\"367\" data-end=\"727\">\n<li data-start=\"367\" data-end=\"499\">Zasilanie centrali alarmowej musi odbywa\u0107 si\u0119 za pomoc\u0105 instalacji stacjonarnej z <strong data-start=\"448\" data-end=\"465\">kabel trzy\u017cy\u0142owy<\/strong> o powierzchni co najmniej <strong data-start=\"487\" data-end=\"496\">1 mm\u00b2<\/strong>.<\/li>\n<li data-start=\"500\" data-end=\"595\">Po\u0142\u0105czenie powinno by\u0107 wykonane za pomoc\u0105 <strong data-start=\"530\" data-end=\"570\">odizolowane, kruche i bezpieczne dostawy<\/strong> z <strong data-start=\"578\" data-end=\"592\">Bezpiecznik 3A<\/strong>.<\/li>\n<li data-start=\"596\" data-end=\"727\">Instalacj\u0119 nale\u017cy wykona\u0107 zgodnie z <strong data-start=\"640\" data-end=\"676\">Przepisy IEE dotycz\u0105ce okablowania (BS 7671)<\/strong> lub obowi\u0105zuj\u0105cych krajowych przepis\u00f3w dotycz\u0105cych instalacji elektrycznych.<\/li>\n<\/ul>\n<h3 data-start=\"729\" data-end=\"796\"><strong data-start=\"733\" data-end=\"794\">Okablowanie o bardzo niskim napi\u0119ciu (ELV)<\/strong><\/h3>\n<ul data-start=\"797\" data-end=\"1019\">\n<li data-start=\"797\" data-end=\"868\">Wszystko <strong data-start=\"803\" data-end=\"827\">okablowanie niskonapi\u0119ciowe<\/strong> musz\u0105 by\u0107 od\u0142\u0105czone od napi\u0119cia sieciowego.<\/li>\n<li data-start=\"869\" data-end=\"925\">System wymaga <strong data-start=\"890\" data-end=\"922\">kabel co najmniej 2-\u017cy\u0142owy (0,4 mm\u00b2)<\/strong>.<\/li>\n<li data-start=\"926\" data-end=\"1019\">Wszystkie jednostki montowane na \u015bcianie nale\u017cy montowa\u0107 na <strong data-start=\"977\" data-end=\"994\">rama monta\u017cowa<\/strong> o wystarczaj\u0105cej g\u0142\u0119boko\u015bci.<\/li>\n<\/ul>\n<h3 data-start=\"1021\" data-end=\"1070\"><strong data-start=\"1025\" data-end=\"1068\">Schemat po\u0142\u0105cze\u0144 \u2013 Pod\u0142\u0105czanie urz\u0105dze\u0144<\/strong><\/h3>\n<p data-start=\"1071\" data-end=\"1129\">Poni\u017csze po\u0142\u0105czenia nale\u017cy wykona\u0107 zgodnie ze schematem po\u0142\u0105cze\u0144:<\/p>\n<ol data-start=\"1131\" data-end=\"1644\">\n<li data-start=\"1131\" data-end=\"1229\">\n<p data-start=\"1134\" data-end=\"1176\"><strong data-start=\"1134\" data-end=\"1174\">Zasilanie (Zasilanie, 12V)<\/strong><\/p>\n<ul data-start=\"1180\" data-end=\"1229\">\n<li data-start=\"1180\" data-end=\"1229\"><strong data-start=\"1182\" data-end=\"1198\">\u0141\u0105czy si\u0119 z<\/strong>: Port IN urz\u0105dzenia Pull Cord.<\/li>\n<\/ul>\n<\/li>\n<li data-start=\"1231\" data-end=\"1381\">\n<p data-start=\"1234\" data-end=\"1266\"><strong data-start=\"1234\" data-end=\"1264\">Urz\u0105dzenie z link\u0105 poci\u0105gow\u0105<\/strong><\/p>\n<ul data-start=\"1270\" data-end=\"1381\">\n<li data-start=\"1270\" data-end=\"1318\"><strong data-start=\"1272\" data-end=\"1283\">W porcie<\/strong> pod\u0142\u0105czony do zasilania.<\/li>\n<li data-start=\"1322\" data-end=\"1381\"><strong data-start=\"1324\" data-end=\"1336\">Port wyj\u015bciowy<\/strong> pod\u0142\u0105czony do przycisku Anuluj (Jednostka Anuluj).<\/li>\n<\/ul>\n<\/li>\n<li data-start=\"1383\" data-end=\"1550\">\n<p data-start=\"1386\" data-end=\"1418\"><strong data-start=\"1386\" data-end=\"1416\">Przycisk Anuluj (Anuluj jednostk\u0119)<\/strong><\/p>\n<ul data-start=\"1422\" data-end=\"1550\">\n<li data-start=\"1422\" data-end=\"1479\"><strong data-start=\"1424\" data-end=\"1435\">W porcie<\/strong> \u0142\u0105czy si\u0119 z portem OUT jednostki Pull Cord.<\/li>\n<li data-start=\"1483\" data-end=\"1550\"><strong data-start=\"1485\" data-end=\"1497\">Port wyj\u015bciowy<\/strong> pod\u0142\u0105czony do wska\u017anika Over door.<\/li>\n<\/ul>\n<\/li>\n<li data-start=\"1552\" data-end=\"1644\">\n<p data-start=\"1555\" data-end=\"1596\"><strong data-start=\"1555\" data-end=\"1594\">Wska\u017anik nad drzwiami<\/strong><\/p>\n<ul data-start=\"1600\" data-end=\"1644\">\n<li data-start=\"1600\" data-end=\"1644\"><strong data-start=\"1602\" data-end=\"1613\">W porcie<\/strong> po\u0142\u0105czony z przyciskiem Anuluj.<\/li>\n<\/ul>\n<\/li>\n<\/ol>\n<h3 data-start=\"1646\" data-end=\"1678\"><strong data-start=\"1650\" data-end=\"1676\">Przegl\u0105d po\u0142\u0105cze\u0144<\/strong><\/h3>\n<div class=\"overflow-x-auto contain-inline-size\">\n<table data-start=\"1680\" data-end=\"1840\">\n<thead data-start=\"1680\" data-end=\"1711\">\n<tr data-start=\"1680\" data-end=\"1711\">\n<th data-start=\"1680\" data-end=\"1694\"><strong data-start=\"1682\" data-end=\"1693\">Port wyj\u015bciowy<\/strong><\/th>\n<th data-start=\"1694\" data-end=\"1711\"><strong data-start=\"1696\" data-end=\"1707\">W porcie<\/strong><\/th>\n<\/tr>\n<\/thead>\n<tbody data-start=\"1743\" data-end=\"1840\">\n<tr data-start=\"1743\" data-end=\"1768\">\n<td>Zasilacz<\/td>\n<td>Wska\u017anik drzwi<\/td>\n<\/tr>\n<tr data-start=\"1769\" data-end=\"1803\">\n<td>Wska\u017anik drzwi<\/td>\n<td>Przycisk Anuluj<\/td>\n<\/tr>\n<tr data-start=\"1804\" data-end=\"1840\">\n<td>Przycisk Anuluj<\/td>\n<td>Urz\u0105dzenie z link\u0105 poci\u0105gow\u0105<\/td>\n<\/tr>\n<\/tbody>\n<\/table>\n<p>&nbsp;<\/p>\n<\/div>\n<h2 data-start=\"1847\" data-end=\"1896\"><strong data-start=\"1850\" data-end=\"1894\">Podsumowanie opisu instalacji<\/strong><\/h2>\n<h3 data-start=\"1898\" data-end=\"1944\"><strong data-start=\"1902\" data-end=\"1942\">Kr\u00f3tki przewodnik \u2013 instalacja alarmu RWC<\/strong><\/h3>\n<ol data-start=\"1945\" data-end=\"2472\">\n<li data-start=\"1945\" data-end=\"2059\"><strong data-start=\"1948\" data-end=\"1969\">Zasilanie:<\/strong> Pod\u0142\u0105cz alarm do sta\u0142ej instalacji elektrycznej za pomoc\u0105 <strong data-start=\"2019\" data-end=\"2033\">Bezpiecznik 3A<\/strong> i jeden <strong data-start=\"2041\" data-end=\"2056\">Przew\u00f3d 1 mm\u00b2<\/strong>.<\/li>\n<li data-start=\"2060\" data-end=\"2173\"><strong data-start=\"2063\" data-end=\"2088\">Okablowanie niskonapi\u0119ciowe:<\/strong> Oddzieli\u0107 kable niskiego napi\u0119cia od napi\u0119cia sieciowego i u\u017cy\u0107 <strong data-start=\"2147\" data-end=\"2170\">kabel o przekroju co najmniej 0,4 mm\u00b2<\/strong>.<\/li>\n<li data-start=\"2174\" data-end=\"2376\"><strong data-start=\"2177\" data-end=\"2190\">Sprz\u0119ganie:<\/strong>\n<ul data-start=\"2196\" data-end=\"2376\">\n<li data-start=\"2196\" data-end=\"2257\">\u0141\u0105czy\u0107 <strong data-start=\"2205\" data-end=\"2227\">Zasilacz<\/strong> Do <strong data-start=\"2233\" data-end=\"2254\">Urz\u0105dzenie Pull Cord<\/strong>.<\/li>\n<li data-start=\"2261\" data-end=\"2318\">\u0141\u0105czy\u0107 <strong data-start=\"2270\" data-end=\"2291\">Urz\u0105dzenie Pull Cord<\/strong> Do <strong data-start=\"2297\" data-end=\"2315\">Przycisk Anuluj<\/strong>.<\/li>\n<li data-start=\"2322\" data-end=\"2376\">\u0141\u0105czy\u0107 <strong data-start=\"2331\" data-end=\"2349\">Przycisk Anuluj<\/strong> Do <strong data-start=\"2355\" data-end=\"2373\">Wska\u017anik drzwi<\/strong>.<\/li>\n<\/ul>\n<\/li>\n<li data-start=\"2377\" data-end=\"2472\"><strong data-start=\"2380\" data-end=\"2401\">Ostateczna kontrola:<\/strong> Upewnij si\u0119, \u017ce wszystkie urz\u0105dzenia dzia\u0142aj\u0105, testuj\u0105c funkcj\u0119 alarmu.<\/li>\n<\/ol>","protected":false},"excerpt":{"rendered":"<p>RWC Alarm to kompletny system alarmowy przeznaczony do toalet dla os\u00f3b niepe\u0142nosprawnych i innych miejsc, w kt\u00f3rych pomoc mo\u017ce by\u0107 potrzebna szybko.<\/p>\n<p>Dzi\u0119ki sznurkowi, przyciskowi alarmowemu oraz sygnalizacji d\u017awi\u0119kowej i \u015bwietlnej system ten umo\u017cliwia szybk\u0105 reakcj\u0119 w sytuacjach awaryjnych. \u0141atwy monta\u017c i wysoka niezawodno\u015b\u0107 dzia\u0142ania sprawiaj\u0105, \u017ce jest to doskona\u0142y wyb\u00f3r do zastosowa\u0144 publicznych.<\/p>","protected":false},"featured_media":148794,"template":"","meta":{"_acf_changed":false},"product_brand":[],"product_cat":[1606],"product_tag":[],"class_list":{"0":"post-148796","1":"product","2":"type-product","3":"status-publish","4":"has-post-thumbnail","6":"product_cat-rwc-larm","7":"product_shipping_class-tunga-paket","8":"pa_brands-eaton","9":"tm-no-options","11":"first","12":"instock","13":"sale","14":"taxable","15":"shipping-taxable","16":"purchasable","17":"product-type-simple"},"acf":[],"_links":{"self":[{"href":"https:\/\/secureus.se\/pl\/wp-json\/wp\/v2\/product\/148796","targetHints":{"allow":["GET"]}}],"collection":[{"href":"https:\/\/secureus.se\/pl\/wp-json\/wp\/v2\/product"}],"about":[{"href":"https:\/\/secureus.se\/pl\/wp-json\/wp\/v2\/types\/product"}],"wp:featuredmedia":[{"embeddable":true,"href":"https:\/\/secureus.se\/pl\/wp-json\/wp\/v2\/media\/148794"}],"wp:attachment":[{"href":"https:\/\/secureus.se\/pl\/wp-json\/wp\/v2\/media?parent=148796"}],"wp:term":[{"taxonomy":"product_brand","embeddable":true,"href":"https:\/\/secureus.se\/pl\/wp-json\/wp\/v2\/product_brand?post=148796"},{"taxonomy":"product_cat","embeddable":true,"href":"https:\/\/secureus.se\/pl\/wp-json\/wp\/v2\/product_cat?post=148796"},{"taxonomy":"product_tag","embeddable":true,"href":"https:\/\/secureus.se\/pl\/wp-json\/wp\/v2\/product_tag?post=148796"}],"curies":[{"name":"wp","href":"https:\/\/api.w.org\/{rel}","templated":true}]}}