{"id":148866,"date":"2026-01-07T15:13:23","date_gmt":"2026-01-07T14:13:23","guid":{"rendered":"https:\/\/secureus.se\/?post_type=product&#038;p=148866"},"modified":"2026-03-13T10:45:50","modified_gmt":"2026-03-13T09:45:50","slug":"fjarrkontroll-for-led-ljuslist-med-rorelsesensor-full-kontroll-av-belysningen","status":"publish","type":"product","link":"https:\/\/secureus.se\/pl\/fjarrkontroll-for-led-ljuslist-med-rorelsesensor-full-kontroll-av-belysningen\/","title":{"rendered":"Pilot zdalnego sterowania do ta\u015bmy \u015bwietlnej LED Spotlight w kolorze srebrnym \u2013 pe\u0142na kontrola nad o\u015bwietleniem"},"content":{"rendered":"<p data-start=\"0\" data-end=\"449\"><strong data-start=\"0\" data-end=\"83\">Pilot do ta\u015bmy \u015bwietlnej LED z czujnikiem ruchu \u2013 pe\u0142na kontrola o\u015bwietlenia<\/strong><br data-start=\"83\" data-end=\"86\" \/>Teraz nie musisz ju\u017c sta\u0107 tu\u017c obok listwy \u015bwietlnej, aby sterowa\u0107 o\u015bwietleniem. Za pomoc\u0105 tego pilota mo\u017cesz \u0142atwo w\u0142\u0105cza\u0107 i wy\u0142\u0105cza\u0107 jedn\u0105 lub wiele lamp (do 20), regulowa\u0107 jasno\u015b\u0107, prze\u0142\u0105cza\u0107 si\u0119 mi\u0119dzy r\u00f3\u017cnymi temperaturami barwowymi, a nawet ustawi\u0107 timer na 15\u201360 minut. Idealne dla tych, kt\u00f3rzy ceni\u0105 sobie maksymaln\u0105 wygod\u0119 i elastyczno\u015b\u0107 podczas korzystania z naszych inteligentnych ta\u015bm \u015bwietlnych LED.<\/p>\n<hr data-start=\"451\" data-end=\"454\" \/>\n<h2 data-start=\"456\" data-end=\"475\">Kluczowe funkcje<\/h2>\n<ol data-start=\"477\" data-end=\"1293\">\n<li data-start=\"477\" data-end=\"593\">\n<p data-start=\"480\" data-end=\"593\"><strong data-start=\"480\" data-end=\"503\">W\u0142\u0105cz\/wy\u0142\u0105cz jednym klikni\u0119ciem<\/strong><br data-start=\"503\" data-end=\"506\" \/>Omi\u0144 wszelkie niedogodno\u015bci \u2013 w\u0142\u0105czaj i wy\u0142\u0105czaj o\u015bwietlenie LED bezpo\u015brednio ze swojej kanapy lub \u0142\u00f3\u017cka.<\/p>\n<\/li>\n<li data-start=\"595\" data-end=\"771\">\n<p data-start=\"598\" data-end=\"771\"><strong data-start=\"598\" data-end=\"625\">Wiele ustawie\u0144 czasu<\/strong><br data-start=\"625\" data-end=\"628\" \/>Wybierz pomi\u0119dzy <strong data-start=\"643\" data-end=\"673\">15, 30, 45 i 60 minut<\/strong> regulator czasowy. Idealne rozwi\u0105zanie, gdy chcesz, aby \u015bwiat\u0142o wy\u0142\u0105czy\u0142o si\u0119 automatycznie, bez konieczno\u015bci wykonywania przez Ciebie jakichkolwiek dodatkowych czynno\u015bci.<\/p>\n<\/li>\n<li data-start=\"773\" data-end=\"969\">\n<p data-start=\"776\" data-end=\"969\"><strong data-start=\"776\" data-end=\"800\">Regulowana jasno\u015b\u0107<\/strong><br data-start=\"800\" data-end=\"803\" \/>\u0141atwa regulacja poziomu \u015bwiat\u0142a za pomoc\u0105 <strong data-start=\"835\" data-end=\"846\">+\/- Luks<\/strong>przycisk\u00f3w, aby uzyska\u0107 odpowiednie o\u015bwietlenie w danym momencie, niezale\u017cnie od tego, czy ma to by\u0107 o\u015bwietlenie do czytania, o\u015bwietlenie dekoracyjne czy lampka nocna.<\/p>\n<\/li>\n<li data-start=\"971\" data-end=\"1168\">\n<p data-start=\"974\" data-end=\"1168\"><strong data-start=\"974\" data-end=\"998\">Trzy temperatury barwowe<\/strong><br data-start=\"998\" data-end=\"1001\" \/>Naci\u015bni\u0119ciem przycisku mo\u017cesz prze\u0142\u0105cza\u0107 si\u0119 mi\u0119dzy <strong data-start=\"1044\" data-end=\"1078\">ciep\u0142e, ch\u0142odne i neutralne \u015bwiat\u0142o<\/strong>. Stw\u00f3rz odpowiedni\u0105 atmosfer\u0119 \u2013 przytulne o\u015bwietlenie wieczorem lub jasne \u015bwiat\u0142o podczas pracy.<\/p>\n<\/li>\n<li data-start=\"1170\" data-end=\"1293\">\n<p data-start=\"1173\" data-end=\"1293\"><strong data-start=\"1173\" data-end=\"1187\">Przycisk trybu<\/strong><br data-start=\"1187\" data-end=\"1190\" \/>Szybkie prze\u0142\u0105czanie mi\u0119dzy r\u00f3\u017cnymi trybami.<\/p>\n<\/li>\n<\/ol>\n<hr data-start=\"1295\" data-end=\"1298\" \/>\n<h2 data-start=\"1300\" data-end=\"1322\">Informacje techniczne<\/h2>\n<ul data-start=\"1324\" data-end=\"1912\">\n<li data-start=\"1324\" data-end=\"1433\"><strong data-start=\"1326\" data-end=\"1344\">Zgodno\u015b\u0107<\/strong>: Dzia\u0142a z naszymi ta\u015bmami LED wyposa\u017conymi w czujnik ruchu i zmian\u0119 temperatury barwowej. Linki do nich znajdziesz na stronie tego produktu.<\/li>\n<li data-start=\"1434\" data-end=\"1518\"><strong data-start=\"1436\" data-end=\"1448\">Zakres<\/strong>:Do kilku metr\u00f3w, w zale\u017cno\u015bci od otoczenia i przeszk\u00f3d.<\/li>\n<li data-start=\"1519\" data-end=\"1623\"><strong data-start=\"1521\" data-end=\"1538\">Zasilanie bateryjne<\/strong>:Zasilany bateri\u0105 guzikow\u0105 (CR2025) (w zestawie), co zapewnia d\u0142ugi czas dzia\u0142ania.<\/li>\n<li data-start=\"1624\" data-end=\"1912\"><strong data-start=\"1626\" data-end=\"1637\">Pikolak<\/strong>:\n<ul data-start=\"1643\" data-end=\"1912\">\n<li data-start=\"1643\" data-end=\"1672\"><strong data-start=\"1645\" data-end=\"1655\">W\u0141.\/WY\u0141.<\/strong> \u2013 Wy\u0142\u0105cznik zasilania<\/li>\n<li data-start=\"1675\" data-end=\"1718\"><strong data-start=\"1677\" data-end=\"1696\">15\/30\/45\/60 minut<\/strong> \u2013 Ustawienia czasu<\/li>\n<li data-start=\"1721\" data-end=\"1766\"><strong data-start=\"1723\" data-end=\"1734\">LUX +\/-<\/strong> \u2013 Bezstopniowa regulacja jasno\u015bci<\/li>\n<li data-start=\"1769\" data-end=\"1845\"><strong data-start=\"1771\" data-end=\"1779\">MODA<\/strong> \u2013 Aktywuje r\u00f3\u017cne tryby czujnika lub ustawienia temperatury barwowej<\/li>\n<li data-start=\"1848\" data-end=\"1912\"><strong data-start=\"1850\" data-end=\"1875\">Prze\u0142\u0105czanie temperatury barwowej<\/strong> \u2013 Ciep\u0142e, zimne lub neutralne \u015bwiat\u0142o<\/li>\n<\/ul>\n<\/li>\n<\/ul>\n<blockquote data-start=\"1914\" data-end=\"2021\">\n<p data-start=\"1916\" data-end=\"2021\"><strong data-start=\"1916\" data-end=\"1929\">Notatka<\/strong>:Dok\u0142adne funkcje mog\u0105 si\u0119 r\u00f3\u017cni\u0107 w zale\u017cno\u015bci od modelu o\u015bwietlenia LED, z kt\u00f3rym chcesz go u\u017cywa\u0107. Nie jeste\u015bmy w stanie odpowiedzie\u0107 na pytanie, czy b\u0119dzie to dzia\u0142a\u0107 z paskami \u015bwietlnymi innych producent\u00f3w ni\u017c nasz.<\/p>\n<\/blockquote>\n<h2 data-start=\"2028\" data-end=\"2065\">Dlaczego potrzebujesz pilota zdalnego sterowania<\/h2>\n<ul data-start=\"2067\" data-end=\"2486\">\n<li data-start=\"2067\" data-end=\"2156\"><strong data-start=\"2069\" data-end=\"2093\">Maksymalny komfort<\/strong>:Nie musisz podchodzi\u0107 do lampy, aby zmieni\u0107 ustawienia lub j\u0105 w\u0142\u0105czy\u0107.<\/li>\n<li data-start=\"2157\" data-end=\"2244\"><strong data-start=\"2159\" data-end=\"2175\">Oszcz\u0119dzaj energi\u0119<\/strong>Funkcja timera gwarantuje, \u017ce nigdy nie zapomnisz wy\u0142\u0105czy\u0107 lampy.<\/li>\n<li data-start=\"2245\" data-end=\"2378\"><strong data-start=\"2247\" data-end=\"2270\">Elastyczne zastosowanie<\/strong>:Idealne rozwi\u0105zanie, je\u015bli masz kilka lamp w r\u00f3\u017cnych miejscach lub je\u015bli lampa jest umieszczona wysoko lub trudno dost\u0119pna.<\/li>\n<li data-start=\"2379\" data-end=\"2486\"><strong data-start=\"2381\" data-end=\"2403\">Szybka instalacja<\/strong>: Sparuj pilota z lamp\u0105, post\u0119puj\u0105c zgodnie z instrukcjami zawartymi w instrukcji.<\/li>\n<\/ul>\n<hr data-start=\"2488\" data-end=\"2491\" \/>\n<h2 data-start=\"2493\" data-end=\"2513\">Zawarto\u015b\u0107 opakowania<\/h2>\n<ul data-start=\"2515\" data-end=\"2625\">\n<li data-start=\"2515\" data-end=\"2539\"><strong data-start=\"2517\" data-end=\"2537\">1\u00d7 Pilot zdalnego sterowania<\/strong><\/li>\n<li data-start=\"2540\" data-end=\"2599\"><strong data-start=\"2542\" data-end=\"2569\">1\u00d7 bateria guzikowa CR<\/strong> (wst\u0119pnie zainstalowany)<\/li>\n<li data-start=\"2600\" data-end=\"2625\"><strong data-start=\"2602\" data-end=\"2623\">1\u00d7 Instrukcja obs\u0142ugi<\/strong><\/li>\n<\/ul>","protected":false},"excerpt":{"rendered":"<p><strong data-start=\"2826\" data-end=\"2878\">UWAGA: Dzia\u0142a tylko ze srebrnymi paskami \u015bwietlnymi!<\/strong><\/p>\n<p>Pilot zdalnego sterowania do ta\u015bm LED z czujnikiem ruchu \u2013 steruj o\u015bwietleniem na odleg\u0142o\u015b\u0107! Mo\u017cesz regulowa\u0107 jasno\u015b\u0107, prze\u0142\u0105cza\u0107 si\u0119 mi\u0119dzy ciep\u0142\u0105, neutraln\u0105 lub zimn\u0105 temperatur\u0105 barwow\u0105 i ustawi\u0107 timer automatycznego wy\u0142\u0105czania. Dzi\u0119ki \u0142atwym w u\u017cyciu przyciskom masz pe\u0142n\u0105 kontrol\u0119 nad funkcjami lampy, niezale\u017cnie od tego, czy znajduje si\u0119 ona wysoko lub jest trudno dost\u0119pna. Ulepsz swoje o\u015bwietlenie i oszcz\u0119dzaj energi\u0119 dzi\u0119ki temu por\u0119cznemu pilotowi, kt\u00f3ry mo\u017cna pod\u0142\u0105czy\u0107 do wielu ta\u015bm \u015bwietlnych (do 20) jednocze\u015bnie!<\/p>","protected":false},"featured_media":148863,"template":"","meta":{"_acf_changed":false},"product_brand":[],"product_cat":[4181],"product_tag":[],"class_list":{"0":"post-148866","1":"product","2":"type-product","3":"status-publish","4":"has-post-thumbnail","6":"product_cat-belysning","7":"product_shipping_class-postnord-varubrev","8":"pa_brands-secureus","9":"tm-no-options","11":"first","12":"instock","13":"sale","14":"taxable","15":"shipping-taxable","16":"purchasable","17":"product-type-simple"},"acf":[],"_links":{"self":[{"href":"https:\/\/secureus.se\/pl\/wp-json\/wp\/v2\/product\/148866","targetHints":{"allow":["GET"]}}],"collection":[{"href":"https:\/\/secureus.se\/pl\/wp-json\/wp\/v2\/product"}],"about":[{"href":"https:\/\/secureus.se\/pl\/wp-json\/wp\/v2\/types\/product"}],"wp:featuredmedia":[{"embeddable":true,"href":"https:\/\/secureus.se\/pl\/wp-json\/wp\/v2\/media\/148863"}],"wp:attachment":[{"href":"https:\/\/secureus.se\/pl\/wp-json\/wp\/v2\/media?parent=148866"}],"wp:term":[{"taxonomy":"product_brand","embeddable":true,"href":"https:\/\/secureus.se\/pl\/wp-json\/wp\/v2\/product_brand?post=148866"},{"taxonomy":"product_cat","embeddable":true,"href":"https:\/\/secureus.se\/pl\/wp-json\/wp\/v2\/product_cat?post=148866"},{"taxonomy":"product_tag","embeddable":true,"href":"https:\/\/secureus.se\/pl\/wp-json\/wp\/v2\/product_tag?post=148866"}],"curies":[{"name":"wp","href":"https:\/\/api.w.org\/{rel}","templated":true}]}}