{"id":148877,"date":"2026-01-07T15:13:22","date_gmt":"2026-01-07T14:13:22","guid":{"rendered":"https:\/\/secureus.se\/?post_type=product&#038;p=148877"},"modified":"2026-03-13T11:14:10","modified_gmt":"2026-03-13T10:14:10","slug":"ljuslist-40cm-led-lampa-med-rorelsesensor-perfekt-garderobsbelysning-och-skapbelysning-silver","status":"publish","type":"product","link":"https:\/\/secureus.se\/pl\/ljuslist-40cm-led-lampa-med-rorelsesensor-perfekt-garderobsbelysning-och-skapbelysning-silver\/","title":{"rendered":"Listwa \u015bwietlna LED 40 cm z czujnikiem ruchu (srebrna)"},"content":{"rendered":"<p data-start=\"0\" data-end=\"486\"><strong data-start=\"0\" data-end=\"92\">Listwa \u015bwietlna Lampa LED 40CM z czujnikiem ruchu - idealne o\u015bwietlenie szafy i szafki<\/strong><br data-start=\"92\" data-end=\"95\" \/>Potrzebujesz prostego i efektywnego rozwi\u0105zania o\u015bwietleniowego do szafy, kuchni lub przestrzeni pod szafkami? Ta 40-centymetrowa, ultracienka lampa LED z czujnikiem ruchu zapewnia jasne i r\u00f3wnomierne \u015bwiat\u0142o tam, gdzie jest ono naprawd\u0119 potrzebne. Dzi\u0119ki wbudowanemu akumulatorowi \u0142adowanemu przez USB unikniesz kabli i skomplikowanych instalacji, a dzi\u0119ki magnetycznemu mocowaniu mo\u017cesz \u0142atwo zamontowa\u0107 ta\u015bm\u0119 \u015bwietln\u0105 w ci\u0105gu zaledwie kilku sekund.<\/p>\n<h3 data-start=\"488\" data-end=\"508\">Kluczowe funkcje<\/h3>\n<ul data-start=\"509\" data-end=\"1315\">\n<li data-start=\"509\" data-end=\"647\"><strong data-start=\"511\" data-end=\"544\">Wielomodowy czujnik ruchu<\/strong>: Wybierz pomi\u0119dzy trybami Always On, Night Sensor i All Day Sensor, aby uzyska\u0107 optymalne o\u015bwietlenie bez wzgl\u0119du na por\u0119 dnia.<\/li>\n<li data-start=\"648\" data-end=\"775\"><strong data-start=\"650\" data-end=\"680\">Ultracienka i dyskretna konstrukcja<\/strong>:Smuk\u0142y profil sprawia, \u017ce idealnie pasuje do szaf, szafek i innych ciasnych przestrzeni.<\/li>\n<li data-start=\"776\" data-end=\"911\"><strong data-start=\"778\" data-end=\"802\">Regulowana jasno\u015b\u0107<\/strong>: Przytrzymaj przycisk, aby p\u0142ynnie regulowa\u0107 jasno\u015b\u0107, i pu\u015b\u0107, aby zablokowa\u0107 tryb, kt\u00f3ry najbardziej Ci odpowiada.<\/li>\n<li data-start=\"912\" data-end=\"1084\"><strong data-start=\"914\" data-end=\"944\">Szybka i \u0142atwa instalacja<\/strong>Dzi\u0119ki zintegrowanemu magnetycznemu ty\u0142owi lub do\u0142\u0105czonym paskom samoprzylepnym 3M mo\u017cesz \u0142atwo przymocowa\u0107 pasek \u015bwietlny w dowolnym miejscu.<\/li>\n<li data-start=\"1085\" data-end=\"1194\"><strong data-start=\"1087\" data-end=\"1119\">Akumulator \u0142adowany przez USB<\/strong>: Szybkie i bezpieczne \u0142adowanie przez USB (5 V) \u2013 koniec z drogimi bateriami jednorazowymi.<\/li>\n<li data-start=\"1195\" data-end=\"1315\"><strong data-start=\"1197\" data-end=\"1217\">Zr\u00f3wnowa\u017cona jako\u015b\u0107<\/strong>: Wyposa\u017cone w energooszcz\u0119dne o\u015bwietlenie LED i trwa\u0142e materia\u0142y, odporne na intensywne, codzienne u\u017cytkowanie.<\/li>\n<\/ul>\n<h3 data-start=\"1317\" data-end=\"1345\">Dane techniczne<\/h3>\n<ul data-start=\"1346\" data-end=\"1844\">\n<li data-start=\"1346\" data-end=\"1396\"><strong data-start=\"1348\" data-end=\"1357\">D\u0142ugo\u015b\u0107<\/strong>: 40CM (dost\u0119pne r\u00f3wnie\u017c w rozmiarach 20, 30 i 60CM)<\/li>\n<li data-start=\"1397\" data-end=\"1419\"><strong data-start=\"1399\" data-end=\"1411\">Wolta\u017c<\/strong>: \u226436V<\/li>\n<li data-start=\"1420\" data-end=\"1480\"><strong data-start=\"1422\" data-end=\"1436\">\u0179r\u00f3d\u0142o zasilania<\/strong>:Akumulator litowo-jonowy (polimerowy)<\/li>\n<li data-start=\"1481\" data-end=\"1514\"><strong data-start=\"1483\" data-end=\"1500\">Port \u0142adowania<\/strong>: USB typu C<\/li>\n<li data-start=\"1515\" data-end=\"1571\"><strong data-start=\"1517\" data-end=\"1535\">Spos\u00f3b monta\u017cu<\/strong>: Ty\u0142 magnetyczny lub pasek 3M<\/li>\n<li data-start=\"1572\" data-end=\"1630\"><strong data-start=\"1574\" data-end=\"1601\">K\u0105t i zasi\u0119g czujnika<\/strong>: 120\u00b0 i do 3 metr\u00f3w<\/li>\n<li data-start=\"1631\" data-end=\"1720\"><strong data-start=\"1633\" data-end=\"1651\">Temperatura barwowa<\/strong>: Mo\u017ce si\u0119 r\u00f3\u017cni\u0107 od ciep\u0142ego do neutralnego lub ch\u0142odnego, w zale\u017cno\u015bci od modelu<\/li>\n<li data-start=\"1721\" data-end=\"1844\"><strong data-start=\"1723\" data-end=\"1751\">Zawarto\u015b\u0107 opakowania<\/strong>:\n<ul data-start=\"1757\" data-end=\"1844\">\n<li data-start=\"1757\" data-end=\"1779\">1\u00d7 Pasek \u015bwietlny (40CM)<\/li>\n<li data-start=\"1782\" data-end=\"1798\">1\u00d7 kabel USB<\/li>\n<li data-start=\"1801\" data-end=\"1828\">2\u00d7 paski magnetyczne 3M<\/li>\n<li data-start=\"1831\" data-end=\"1844\">1\u00d7 Instrukcja<\/li>\n<\/ul>\n<\/li>\n<\/ul>\n<h3 data-start=\"1846\" data-end=\"1878\">Dlaczego warto wybra\u0107 t\u0119 ta\u015bm\u0119 \u015bwietln\u0105?<\/h3>\n<ul data-start=\"1879\" data-end=\"2336\">\n<li data-start=\"1879\" data-end=\"1990\"><strong data-start=\"1881\" data-end=\"1905\">Maksymalna elastyczno\u015b\u0107<\/strong>:Dodatkowa d\u0142ugo\u015b\u0107 40 cm zapewnia jeszcze wi\u0119kszy zasi\u0119g w szafach, szafkach i kuchniach.<\/li>\n<li data-start=\"1991\" data-end=\"2121\"><strong data-start=\"1993\" data-end=\"2020\">G\u0142adkie i oszcz\u0119dzaj\u0105ce czas<\/strong>Czujnik ruchu zapewnia w\u0142\u0105czanie \u015bwiat\u0142a tylko wtedy, gdy jest to konieczne, oszcz\u0119dzaj\u0105c energi\u0119 i czas.<\/li>\n<li data-start=\"2122\" data-end=\"2216\"><strong data-start=\"2124\" data-end=\"2142\">Energooszcz\u0119dny<\/strong>:Technologia LED zapewnia niskie zu\u017cycie energii i wyd\u0142u\u017ca \u017cywotno\u015b\u0107 baterii.<\/li>\n<li data-start=\"2217\" data-end=\"2336\"><strong data-start=\"2219\" data-end=\"2239\">\u0141atwy do przenoszenia<\/strong>:Dzi\u0119ki magnetycznemu ty\u0142owi mo\u017cesz \u0142atwo i bez problemu przenosi\u0107 pasek \u015bwietlny mi\u0119dzy r\u00f3\u017cnymi miejscami.<\/li>\n<\/ul>\n<h3 data-start=\"2338\" data-end=\"2369\">Dodatkowy zakup \u2013 Pilot zdalnego sterowania<\/h3>\n<p data-start=\"2370\" data-end=\"2564\">Czy chcesz zdalnie dostosowa\u0107 jasno\u015b\u0107 lub zmieni\u0107 tryb czujnika? Kup nasz pilot zdalnego sterowania, aby uzyska\u0107 pe\u0142n\u0105 kontrol\u0119 nad ta\u015bm\u0105 \u015bwietln\u0105 \u2013 idealne rozwi\u0105zanie, je\u015bli masz wiele \u015bwiate\u0142 lub miejsce, do kt\u00f3rego trudno dotrze\u0107.<\/p>\n<p data-start=\"2566\" data-end=\"2740\">O\u017cyw swoje ciemne pomieszczenia dzi\u0119ki temu inteligentnemu i stylowemu rozwi\u0105zaniu <strong data-start=\"2628\" data-end=\"2673\">Ta\u015bma \u015bwietlna 40CM Lampa LED z czujnikiem ruchu<\/strong>. Skontaktuj si\u0119 z nami, je\u015bli masz jakiekolwiek pytania lub chcesz uzyska\u0107 wi\u0119cej informacji!<\/p>","protected":false},"excerpt":{"rendered":"<p>Odkryj jeden <strong data-start=\"2801\" data-end=\"2837\">Lampa LED 40CM z czujnikiem ruchu<\/strong> kt\u00f3re zapewnia wydajne i r\u00f3wnomierne o\u015bwietlenie w szafach, szafkach czy kuchniach. Ultra smuk\u0142a konstrukcja doskonale sprawdza si\u0119 w ciasnych przestrzeniach, a monta\u017c jest \u0142atwy dzi\u0119ki magnetycznemu mocowaniu i akumulatorowi \u0142adowanemu przez USB. Mo\u017cesz dostosowa\u0107 jasno\u015b\u0107 do swoich potrzeb i wybiera\u0107 pomi\u0119dzy r\u00f3\u017cnymi trybami dzia\u0142ania czujnika, aby oszcz\u0119dza\u0107 energi\u0119. Dla zapewnienia jeszcze wi\u0119kszej wygody dost\u0119pny jest opcjonalny pilot zdalnego sterowania. Ulepsz swoje ciemne pomieszczenia ju\u017c dzi\u015b!<\/p>","protected":false},"featured_media":148867,"template":"","meta":{"_acf_changed":false},"product_brand":[],"product_cat":[4181],"product_tag":[],"class_list":{"0":"post-148877","1":"product","2":"type-product","3":"status-publish","4":"has-post-thumbnail","6":"product_cat-belysning","7":"product_shipping_class-tunga-paket","8":"pa_brands-secureus","9":"tm-no-options","11":"first","12":"instock","13":"sale","14":"featured","15":"taxable","16":"shipping-taxable","17":"purchasable","18":"product-type-simple"},"acf":[],"_links":{"self":[{"href":"https:\/\/secureus.se\/pl\/wp-json\/wp\/v2\/product\/148877","targetHints":{"allow":["GET"]}}],"collection":[{"href":"https:\/\/secureus.se\/pl\/wp-json\/wp\/v2\/product"}],"about":[{"href":"https:\/\/secureus.se\/pl\/wp-json\/wp\/v2\/types\/product"}],"wp:featuredmedia":[{"embeddable":true,"href":"https:\/\/secureus.se\/pl\/wp-json\/wp\/v2\/media\/148867"}],"wp:attachment":[{"href":"https:\/\/secureus.se\/pl\/wp-json\/wp\/v2\/media?parent=148877"}],"wp:term":[{"taxonomy":"product_brand","embeddable":true,"href":"https:\/\/secureus.se\/pl\/wp-json\/wp\/v2\/product_brand?post=148877"},{"taxonomy":"product_cat","embeddable":true,"href":"https:\/\/secureus.se\/pl\/wp-json\/wp\/v2\/product_cat?post=148877"},{"taxonomy":"product_tag","embeddable":true,"href":"https:\/\/secureus.se\/pl\/wp-json\/wp\/v2\/product_tag?post=148877"}],"curies":[{"name":"wp","href":"https:\/\/api.w.org\/{rel}","templated":true}]}}