{"id":148884,"date":"2026-01-07T15:13:24","date_gmt":"2026-01-07T14:13:24","guid":{"rendered":"https:\/\/secureus.se\/?post_type=product&#038;p=148884"},"modified":"2026-03-13T11:14:26","modified_gmt":"2026-03-13T10:14:26","slug":"ljuslist-30cm-led-lampa-med-rorelsesensor-perfekt-garderobsbelysning-och-skapbelysning-silver","status":"publish","type":"product","link":"https:\/\/secureus.se\/pl\/ljuslist-30cm-led-lampa-med-rorelsesensor-perfekt-garderobsbelysning-och-skapbelysning-silver\/","title":{"rendered":"Listwa \u015bwietlna LED 30 cm z czujnikiem ruchu (srebrna)"},"content":{"rendered":"<p data-start=\"0\" data-end=\"488\"><strong data-start=\"0\" data-end=\"92\">Listwa \u015bwietlna 30CM LED Lampa z czujnikiem ruchu \u2013 idealne o\u015bwietlenie garderoby i szafek<\/strong><br data-start=\"92\" data-end=\"95\" \/>Szukasz elastycznego i energooszcz\u0119dnego rozwi\u0105zania o\u015bwietleniowego do swojej garderoby, kuchni lub przestrzeni pod szafkami? Ta 30-centymetrowa, ultracienka lampa LED z czujnikiem ruchu zosta\u0142a zaprojektowana tak, aby zapewnia\u0107 jasne, r\u00f3wnomierne \u015bwiat\u0142o dok\u0142adnie tam, gdzie go potrzebujesz. Dzi\u0119ki wbudowanemu akumulatorowi (\u0142adowanie przez USB) nie musisz martwi\u0107 si\u0119 o kable, a dzi\u0119ki magnetycznemu mocowaniu monta\u017c jest szybki i \u0142atwy.<\/p>\n<h3 data-start=\"490\" data-end=\"512\">Kluczowe funkcje<\/h3>\n<ul data-start=\"513\" data-end=\"1301\">\n<li data-start=\"513\" data-end=\"651\"><strong data-start=\"515\" data-end=\"548\">Wielomodowy czujnik ruchu<\/strong>: Wybierz pomi\u0119dzy trybami Always On, Night Sensor i All Day Sensor, aby uzyska\u0107 optymalne o\u015bwietlenie bez wzgl\u0119du na por\u0119 dnia.<\/li>\n<li data-start=\"652\" data-end=\"768\"><strong data-start=\"654\" data-end=\"684\">Ultracienka i dyskretna konstrukcja<\/strong>: Cienki profil z \u0142atwo\u015bci\u0105 wpasowuje si\u0119 w szafy, szafki i inne ciasne przestrzenie.<\/li>\n<li data-start=\"769\" data-end=\"893\"><strong data-start=\"771\" data-end=\"795\">Regulowana jasno\u015b\u0107<\/strong>: Przytrzymaj przycisk, aby p\u0142ynnie regulowa\u0107 jasno\u015b\u0107; Zwolnij, aby zablokowa\u0107 sw\u00f3j ulubiony poziom.<\/li>\n<li data-start=\"894\" data-end=\"1064\"><strong data-start=\"896\" data-end=\"926\">Szybka i \u0142atwa instalacja<\/strong>: Zamontuj za pomoc\u0105 zintegrowanego uchwytu magnetycznego lub u\u017cyj do\u0142\u0105czonych pask\u00f3w samoprzylepnych 3M, aby zainstalowa\u0107 ta\u015bm\u0119 \u015bwietln\u0105 w dowolnym miejscu.<\/li>\n<li data-start=\"1065\" data-end=\"1185\"><strong data-start=\"1067\" data-end=\"1099\">Akumulator \u0142adowany przez USB<\/strong>:Wydajne i bezpieczne \u0142adowanie (5 V) przez USB oznacza, \u017ce nie musisz kupowa\u0107 baterii jednorazowych.<\/li>\n<li data-start=\"1186\" data-end=\"1301\"><strong data-start=\"1188\" data-end=\"1208\">Zr\u00f3wnowa\u017cona jako\u015b\u0107<\/strong>:Wykonane z energooszcz\u0119dnych diod LED i solidnych materia\u0142\u00f3w, odpornych na codzienne u\u017cytkowanie.<\/li>\n<\/ul>\n<h3 data-start=\"1303\" data-end=\"1333\">Dane techniczne<\/h3>\n<ul data-start=\"1334\" data-end=\"1828\">\n<li data-start=\"1334\" data-end=\"1380\"><strong data-start=\"1336\" data-end=\"1345\">D\u0142ugo\u015b\u0107<\/strong>: 30CM (dost\u0119pne r\u00f3wnie\u017c w rozmiarach 20 i 40CM)<\/li>\n<li data-start=\"1381\" data-end=\"1403\"><strong data-start=\"1383\" data-end=\"1395\">Wolta\u017c<\/strong>: \u226436V<\/li>\n<li data-start=\"1404\" data-end=\"1464\"><strong data-start=\"1406\" data-end=\"1420\">\u0179r\u00f3d\u0142o zasilania<\/strong>:Akumulator litowo-jonowy (polimerowy)<\/li>\n<li data-start=\"1465\" data-end=\"1498\"><strong data-start=\"1467\" data-end=\"1484\">Port \u0142adowania<\/strong>: USB typu C<\/li>\n<li data-start=\"1499\" data-end=\"1555\"><strong data-start=\"1501\" data-end=\"1519\">Spos\u00f3b monta\u017cu<\/strong>: Ty\u0142 magnetyczny lub pasek 3M<\/li>\n<li data-start=\"1556\" data-end=\"1614\"><strong data-start=\"1558\" data-end=\"1585\">K\u0105t i zasi\u0119g czujnika<\/strong>: 120\u00b0 i do 3 metr\u00f3w<\/li>\n<li data-start=\"1615\" data-end=\"1704\"><strong data-start=\"1617\" data-end=\"1635\">Temperatura barwowa<\/strong>: Mo\u017ce si\u0119 r\u00f3\u017cni\u0107 od ciep\u0142ego do neutralnego lub ch\u0142odnego, w zale\u017cno\u015bci od modelu<\/li>\n<li data-start=\"1705\" data-end=\"1828\"><strong data-start=\"1707\" data-end=\"1735\">Zawarto\u015b\u0107 opakowania<\/strong>:\n<ul data-start=\"1741\" data-end=\"1828\">\n<li data-start=\"1741\" data-end=\"1763\">1\u00d7 Pasek \u015bwietlny (30CM)<\/li>\n<li data-start=\"1766\" data-end=\"1782\">1\u00d7 kabel USB<\/li>\n<li data-start=\"1785\" data-end=\"1812\">2\u00d7 paski magnetyczne 3M<\/li>\n<li data-start=\"1815\" data-end=\"1828\">1\u00d7 Instrukcja<\/li>\n<\/ul>\n<\/li>\n<\/ul>\n<h3 data-start=\"1830\" data-end=\"1864\">Dlaczego warto wybra\u0107 t\u0119 ta\u015bm\u0119 \u015bwietln\u0105?<\/h3>\n<ul data-start=\"1865\" data-end=\"2264\">\n<li data-start=\"1865\" data-end=\"1957\"><strong data-start=\"1867\" data-end=\"1891\">Maksymalna elastyczno\u015b\u0107<\/strong>:Doskona\u0142e jako o\u015bwietlenie szafy, pod szafkami kuchennymi lub na korytarzu.<\/li>\n<li data-start=\"1958\" data-end=\"2051\"><strong data-start=\"1960\" data-end=\"1987\">G\u0142adkie i oszcz\u0119dzaj\u0105ce czas<\/strong>Technologia czujnik\u00f3w aktywuje si\u0119 tylko wtedy, gdy naprawd\u0119 potrzebujesz \u015bwiat\u0142a.<\/li>\n<li data-start=\"2052\" data-end=\"2153\"><strong data-start=\"2054\" data-end=\"2072\">Energooszcz\u0119dny<\/strong>:Technologia LED zu\u017cywa minimaln\u0105 ilo\u015b\u0107 energii i wyd\u0142u\u017ca czas pracy baterii.<\/li>\n<li data-start=\"2154\" data-end=\"2264\"><strong data-start=\"2156\" data-end=\"2176\">\u0141atwy do przenoszenia<\/strong>:Dzi\u0119ki magnetycznemu mocowaniu mo\u017cesz bez obaw przenosi\u0107 ta\u015bm\u0119 \u015bwietln\u0105 mi\u0119dzy r\u00f3\u017cnymi miejscami.<\/li>\n<\/ul>\n<h3 data-start=\"2266\" data-end=\"2299\">Dodatkowy zakup \u2013 Pilot zdalnego sterowania<\/h3>\n<p data-start=\"2300\" data-end=\"2588\">Czy chcesz zdalnie sterowa\u0107 ta\u015bm\u0105 \u015bwietln\u0105 i \u0142atwo regulowa\u0107 jasno\u015b\u0107 oraz tryby czujnika? Nast\u0119pnie mo\u017cesz zakupi\u0107 nasz praktyczny pilot zdalnego sterowania. Zapewnia pe\u0142n\u0105 kontrol\u0119 nad lamp\u0105 bez konieczno\u015bci si\u0119gania po przycisk \u2013 idealne rozwi\u0105zanie w przypadku posiadania wielu lamp lub monta\u017cu w trudno dost\u0119pnych miejscach.<\/p>\n<p data-start=\"2590\" data-end=\"2771\">Nadaj swoim ciemnym przestrzeniom nowoczesny wygl\u0105d dzi\u0119ki temu inteligentnemu i stylowemu rozwi\u0105zaniu <strong data-start=\"2666\" data-end=\"2711\">Ta\u015bma \u015bwietlna 30CM Lampa LED z czujnikiem ruchu<\/strong>. Je\u015bli masz jakiekolwiek pytania lub chcesz dowiedzie\u0107 si\u0119 wi\u0119cej, skontaktuj si\u0119 z nami.<\/p>","protected":false},"excerpt":{"rendered":"<p>Odkryj jeden <strong data-start=\"2838\" data-end=\"2874\">Lampa LED 30CM z czujnikiem ruchu<\/strong> kt\u00f3re zapewnia wydajne i r\u00f3wnomierne o\u015bwietlenie w szafach, szafkach czy kuchniach. Ultracienka konstrukcja po\u0142\u0105czona jest z \u0142atw\u0105 instalacj\u0105 dzi\u0119ki magnetycznemu mocowaniu i mo\u017cliwo\u015bci \u0142adowania przez USB. Dostosuj jasno\u015b\u0107 do potrzeb i wybierz pomi\u0119dzy r\u00f3\u017cnymi trybami czujnika, aby uzyska\u0107 optymaln\u0105 oszcz\u0119dno\u015b\u0107 energii. Dla jeszcze wygodniejszej kontroli mo\u017cesz dokupi\u0107 pilota. Ulepsz swoje ciemne pomieszczenia ju\u017c dzi\u015b!<\/p>","protected":false},"featured_media":148882,"template":"","meta":{"_acf_changed":false},"product_brand":[],"product_cat":[4181],"product_tag":[],"class_list":{"0":"post-148884","1":"product","2":"type-product","3":"status-publish","4":"has-post-thumbnail","6":"product_cat-belysning","7":"pa_brands-secureus","8":"tm-no-options","10":"first","11":"instock","12":"sale","13":"featured","14":"taxable","15":"shipping-taxable","16":"purchasable","17":"product-type-simple"},"acf":[],"_links":{"self":[{"href":"https:\/\/secureus.se\/pl\/wp-json\/wp\/v2\/product\/148884","targetHints":{"allow":["GET"]}}],"collection":[{"href":"https:\/\/secureus.se\/pl\/wp-json\/wp\/v2\/product"}],"about":[{"href":"https:\/\/secureus.se\/pl\/wp-json\/wp\/v2\/types\/product"}],"wp:featuredmedia":[{"embeddable":true,"href":"https:\/\/secureus.se\/pl\/wp-json\/wp\/v2\/media\/148882"}],"wp:attachment":[{"href":"https:\/\/secureus.se\/pl\/wp-json\/wp\/v2\/media?parent=148884"}],"wp:term":[{"taxonomy":"product_brand","embeddable":true,"href":"https:\/\/secureus.se\/pl\/wp-json\/wp\/v2\/product_brand?post=148884"},{"taxonomy":"product_cat","embeddable":true,"href":"https:\/\/secureus.se\/pl\/wp-json\/wp\/v2\/product_cat?post=148884"},{"taxonomy":"product_tag","embeddable":true,"href":"https:\/\/secureus.se\/pl\/wp-json\/wp\/v2\/product_tag?post=148884"}],"curies":[{"name":"wp","href":"https:\/\/api.w.org\/{rel}","templated":true}]}}