{"id":148964,"date":"2024-09-02T12:37:11","date_gmt":"2024-09-02T10:37:11","guid":{"rendered":"https:\/\/secureus.se\/assa-abloy-h100-aperio-lasare-for-hoger-handtag\/"},"modified":"2025-10-21T12:43:03","modified_gmt":"2025-10-21T10:43:03","slug":"assa-abloy-h100-aperio-lasare-for-hoger-handtag","status":"publish","type":"product","link":"https:\/\/secureus.se\/pl\/assa-abloy-h100-aperio-lasare-for-hoger-handtag\/","title":{"rendered":"Czytnik ASSA ABLOY H100 Aperio do prawego uchwytu"},"content":{"rendered":"<h2 class=\"display-4 d-none d-md-block\">Informacje o produkcie<\/h2>\n<div id=\"collapseProductInformation\" class=\"product-presentation__accordion collapse d-md-block\">\n<div class=\"mb-3\">DBL362 to przysz\u0142o\u015bciowy kompaktowy czytnik skrzyde\u0142 drzwi, kt\u00f3ry obs\u0142uguje technologie 13,56 MHz: MIFARE Classic, MIFARE Plus (poziom 1 i 3), MIFARE DESFire EV1+2, iCLASS i SEOS. Czytnik obs\u0142uguje tak\u017ce mo\u017cliwo\u015b\u0107 aktualizacji do przysz\u0142ych technologii 13,56 MHz.<br \/>\nCzytnik jest zabezpieczony przed manipulacj\u0105, poniewa\u017c ca\u0142a inteligencja znajduje si\u0119 bezpiecznie wewn\u0105trz, a jedynie cz\u0119\u015b\u0107 antenowa na zewn\u0105trz.<br \/>\nCzytnik DBL362 sk\u0142ada si\u0119 z modu\u0142u czytnika oraz zamka elektrycznego ABLOY EL981 z funkcj\u0105 dzielonego wrzeciona, czujnikiem nacisku i sygnalizacj\u0105 po\u0142o\u017cenia drzwi.<\/div>\n<div class=\"mb-3\">Nie ma potrzeby wiercenia dodatkowych otwor\u00f3w w drzwiach do monta\u017cu obudowy zamka lub modu\u0142u czytnika, gdy kabel jest umieszczony wewn\u0105trz lub na zewn\u0105trz drzwi.<\/div>\n<div class=\"mb-3\">W razie potrzeby urz\u0105dzenie mo\u017cna uzupe\u0142ni\u0107 o cylinder ci\u015bnieniowy i blokuj\u0105cy.<br \/>\nDBL362 stosowany jest g\u0142\u00f3wnie w drzwiach wewn\u0119trznych jako zabezpieczenie przed wybuchem, przyk\u0142adami takich pomieszcze\u0144 s\u0105 szatnie, wewn\u0119trzne magazyny, drzwi wewn\u0119trzne, drzwi do piwnic i biur.<br \/>\nCa\u0142o\u015b\u0107 programowania systemu odbywa si\u0119 poprzez oprogramowanie ARX lub RX WEB, a wszystkie dane konfiguracyjne zapisywane s\u0105 w centralnej bazie danych.<\/div>\n<div class=\"mb-3\">Zalet centralnie pod\u0142\u0105czonych czytnik\u00f3w skrzyde\u0142 drzwi jest wiele. Administracja uprawnieniami jest prosta, gdy\u017c poszczeg\u00f3lne karty mo\u017cna od razu zablokowa\u0107 w systemie. Najnowsze zdarzenia zapisywane s\u0105 w pliku logu w systemie.<br \/>\nDBL360 posiada wbudowan\u0105 jednostk\u0119 steruj\u0105c\u0105 drzwiami (DAC), kt\u00f3ra umo\u017cliwia \u0142atw\u0105 instalacj\u0119, gdy\u017c jest pod\u0142\u0105czona bezpo\u015brednio do jednostki centralnej w systemie dost\u0119pu.<\/div>\n<\/div>","protected":false},"excerpt":{"rendered":"<p>Czytnik ASSA ABLOY H100 Aperio do prawego uchwytu<\/p>","protected":false},"featured_media":136267,"template":"","meta":{"_acf_changed":false},"product_brand":[],"product_cat":[4124],"product_tag":[4418,4863],"class_list":{"0":"post-148964","1":"product","2":"type-product","3":"status-publish","4":"has-post-thumbnail","6":"product_cat-dorrhandtag-innerdorr","7":"product_tag-assa-passer-lasare-port","8":"product_tag-pf","9":"product_shipping_class-tunga-paket","10":"pa_brands-abloy","11":"tm-no-options","13":"first","14":"instock","15":"sale","16":"taxable","17":"shipping-taxable","18":"purchasable","19":"product-type-simple"},"acf":[],"_links":{"self":[{"href":"https:\/\/secureus.se\/pl\/wp-json\/wp\/v2\/product\/148964","targetHints":{"allow":["GET"]}}],"collection":[{"href":"https:\/\/secureus.se\/pl\/wp-json\/wp\/v2\/product"}],"about":[{"href":"https:\/\/secureus.se\/pl\/wp-json\/wp\/v2\/types\/product"}],"wp:featuredmedia":[{"embeddable":true,"href":"https:\/\/secureus.se\/pl\/wp-json\/wp\/v2\/media\/136267"}],"wp:attachment":[{"href":"https:\/\/secureus.se\/pl\/wp-json\/wp\/v2\/media?parent=148964"}],"wp:term":[{"taxonomy":"product_brand","embeddable":true,"href":"https:\/\/secureus.se\/pl\/wp-json\/wp\/v2\/product_brand?post=148964"},{"taxonomy":"product_cat","embeddable":true,"href":"https:\/\/secureus.se\/pl\/wp-json\/wp\/v2\/product_cat?post=148964"},{"taxonomy":"product_tag","embeddable":true,"href":"https:\/\/secureus.se\/pl\/wp-json\/wp\/v2\/product_tag?post=148964"}],"curies":[{"name":"wp","href":"https:\/\/api.w.org\/{rel}","templated":true}]}}