{"id":149110,"date":"2025-03-20T11:17:03","date_gmt":"2025-03-20T10:17:03","guid":{"rendered":"https:\/\/secureus.se\/?post_type=product&#038;p=149110"},"modified":"2026-03-30T16:50:44","modified_gmt":"2026-03-30T14:50:44","slug":"kameraovervakning-dekal-dubbelsidig-premium-pet-repfritt-material-a8-a6-a5-a4","status":"publish","type":"product","link":"https:\/\/secureus.se\/pl\/kameraovervakning-dekal-dubbelsidig-premium-pet-repfritt-material-a8-a6-a5-a4\/","title":{"rendered":"Naklejka z kamer\u0105 monitoruj\u0105c\u0105 \u2013 Premium PET (dwustronna)"},"content":{"rendered":"<p data-start=\"29\" data-end=\"421\">Zwi\u0119ksz swoje bezpiecze\u0144stwo dzi\u0119ki naszym <strong data-start=\"59\" data-end=\"97\">Naklejka z kamer\u0105 monitoruj\u0105c\u0105<\/strong>\u00a0\u2013 eleganckie i trwa\u0142e rozwi\u0105zanie pozwalaj\u0105ce zaznaczy\u0107, \u017ce dany obszar jest monitorowany. Wykonana z najwy\u017cszej jako\u015bci, odpornego na zarysowania materia\u0142u PET, ta dwustronna naklejka oferuje wy\u017csz\u0105 jako\u015b\u0107 w por\u00f3wnaniu ze standardowymi alternatywami z PVC. Powierzchnia odporna na zarysowania sprawia, \u017ce naklejka zachowuje \u015bwie\u017cy i wyra\u017any wygl\u0105d nawet po d\u0142u\u017cszym okresie ekspozycji.<\/p>\n<p data-start=\"423\" data-end=\"773\">Z <strong data-start=\"427\" data-end=\"442\">klej 3mm<\/strong> Jest on wyj\u0105tkowo \u0142atwy w monta\u017cu, dzi\u0119ki czemu instalacja jest szybka i \u0142atwa. Dwustronna konstrukcja gwarantuje, \u017ce wiadomo\u015b\u0107 b\u0119dzie wyra\u017anie widoczna z obu stron \u2013 niezale\u017cnie od tego, czy etykieta zostanie umieszczona wewn\u0105trz, czy na zewn\u0105trz. Naklejka idealnie nadaje si\u0119 do oznaczania wej\u015b\u0107, okien i innych punkt\u00f3w strategicznych, w kt\u00f3rych chcemy zwi\u0119kszy\u0107 bezpiecze\u0144stwo.<\/p>\n<p data-start=\"775\" data-end=\"795\"><strong data-start=\"775\" data-end=\"795\">Dane techniczne:<\/strong><\/p>\n<ul data-start=\"796\" data-end=\"914\">\n<li data-start=\"796\" data-end=\"822\"><strong data-start=\"798\" data-end=\"810\">Rozmiar:<\/strong> Kilka r\u00f3\u017cnych rozmiar\u00f3w: A8, A6, A5, A4.<\/li>\n<li data-start=\"823\" data-end=\"851\"><strong data-start=\"825\" data-end=\"838\">Tworzywo:<\/strong> PET odporny na zarysowania<\/li>\n<li data-start=\"852\" data-end=\"877\"><strong data-start=\"854\" data-end=\"865\">Projekt:<\/strong> Dwustronny<\/li>\n<li data-start=\"878\" data-end=\"914\"><strong data-start=\"880\" data-end=\"892\">Spoiwo:<\/strong> 3mm \u2013 \u0142atwy monta\u017c<\/li>\n<\/ul>\n<p data-start=\"916\" data-end=\"1059\">Wybierz nasz\u0105 naklejk\u0119 z kamer\u0105 monitoruj\u0105c\u0105, aby zapewni\u0107 sobie trwa\u0142e i skuteczne rozwi\u0105zanie zabezpieczaj\u0105ce, kt\u00f3re zar\u00f3wno odstraszy intruz\u00f3w, jak i przyczyni si\u0119 do zwi\u0119kszenia bezpiecze\u0144stwa otoczenia.<\/p>","protected":false},"excerpt":{"rendered":"<p>Naklejka dwustronna z kamer\u0105 monitoruj\u0105c\u0105 wykonana z odpornego na zarysowania materia\u0142u PET, z klejem o grubo\u015bci 3 mm, \u0142atwa w monta\u017cu - idealna do zwi\u0119kszenia bezpiecze\u0144stwa zar\u00f3wno wewn\u0105trz, jak i na zewn\u0105trz.<\/p>","protected":false},"featured_media":158961,"template":"","meta":{"_acf_changed":false},"product_brand":[],"product_cat":[3227,1793],"product_tag":[],"class_list":{"0":"post-149110","1":"product","2":"type-product","3":"status-publish","4":"has-post-thumbnail","6":"product_cat-kameraovervakning-skylt","7":"product_cat-kameraskyltar","8":"product_shipping_class-postnord-varubrev","9":"pa_brands-secureus","10":"pa_storlek-a4-21x29-7cm","11":"pa_storlek-a5-14-8x21cm","12":"pa_storlek-a6-10-5x14-8cm","13":"pa_storlek-a8-5-2-x-7-4-cm","14":"tm-no-options","16":"first","17":"instock","18":"taxable","19":"shipping-taxable","20":"purchasable","21":"product-type-variable"},"acf":[],"_links":{"self":[{"href":"https:\/\/secureus.se\/pl\/wp-json\/wp\/v2\/product\/149110","targetHints":{"allow":["GET"]}}],"collection":[{"href":"https:\/\/secureus.se\/pl\/wp-json\/wp\/v2\/product"}],"about":[{"href":"https:\/\/secureus.se\/pl\/wp-json\/wp\/v2\/types\/product"}],"wp:featuredmedia":[{"embeddable":true,"href":"https:\/\/secureus.se\/pl\/wp-json\/wp\/v2\/media\/158961"}],"wp:attachment":[{"href":"https:\/\/secureus.se\/pl\/wp-json\/wp\/v2\/media?parent=149110"}],"wp:term":[{"taxonomy":"product_brand","embeddable":true,"href":"https:\/\/secureus.se\/pl\/wp-json\/wp\/v2\/product_brand?post=149110"},{"taxonomy":"product_cat","embeddable":true,"href":"https:\/\/secureus.se\/pl\/wp-json\/wp\/v2\/product_cat?post=149110"},{"taxonomy":"product_tag","embeddable":true,"href":"https:\/\/secureus.se\/pl\/wp-json\/wp\/v2\/product_tag?post=149110"}],"curies":[{"name":"wp","href":"https:\/\/api.w.org\/{rel}","templated":true}]}}