{"id":149156,"date":"2025-03-24T10:45:41","date_gmt":"2025-03-24T09:45:41","guid":{"rendered":"https:\/\/secureus.se\/?post_type=product&#038;p=149156"},"modified":"2026-04-07T13:23:48","modified_gmt":"2026-04-07T11:23:48","slug":"ajax-hub2-plus-12v-centralenhet-for-bat-husbil-husvagn-ip-wifi-4g-vit","status":"publish","type":"product","link":"https:\/\/secureus.se\/pl\/ajax-hub2-plus-12v-centralenhet-for-bat-husbil-husvagn-ip-wifi-4g-vit\/","title":{"rendered":"Ajax Hub2 Plus 12V \u2013 Jednostka centralna do \u0142odzi, kamper\u00f3w i przyczep kempingowych (IP + WiFi + 4G, bia\u0142a)"},"content":{"rendered":"<p class=\"\" data-start=\"95\" data-end=\"484\"><strong data-start=\"95\" data-end=\"179\">Ajax Hub2 Plus 12V \u2013 Jednostka centralna do \u0142odzi, kamper\u00f3w i przyczep kempingowych (IP + WiFi + 4G, bia\u0142a)<\/strong><br data-start=\"179\" data-end=\"182\" \/>Ta specjalnie dostosowana jednostka centralna zosta\u0142a zaprojektowana dla instalacji mobilnych, w kt\u00f3rych zasilanie 12 V jest konieczno\u015bci\u0105. Dzi\u0119ki po\u0142\u0105czeniu Ajax Hub2 Plus WiFi + 4G w eleganckim bia\u0142ym wyko\u0144czeniu i kompatybilnej p\u0142yty zasilaj\u0105cej 12 V otrzymujesz kompletny i niezawodny system bezpiecze\u0144stwa dla \u0142odzi, kamper\u00f3w i przyczep kempingowych.<\/p>\n<p class=\"\" data-start=\"486\" data-end=\"507\"><strong data-start=\"486\" data-end=\"507\">Kluczowe funkcje:<\/strong><\/p>\n<ul data-start=\"508\" data-end=\"1160\">\n<li class=\"\" data-start=\"508\" data-end=\"634\">\n<p class=\"\" data-start=\"510\" data-end=\"634\"><strong data-start=\"510\" data-end=\"538\">Zaawansowana komunikacja:<\/strong> Urz\u0105dzenie obs\u0142uguje zar\u00f3wno WiFi, jak i 4G, zapewniaj\u0105c stabiln\u0105 \u0142\u0105czno\u015b\u0107 nawet w trudnych warunkach.<\/p>\n<\/li>\n<li class=\"\" data-start=\"635\" data-end=\"761\">\n<p class=\"\" data-start=\"637\" data-end=\"761\"><strong data-start=\"637\" data-end=\"665\">Solidny zasi\u0119g bezprzewodowy:<\/strong> Zasi\u0119g do 2000 metr\u00f3w gwarantuje skuteczn\u0105 komunikacj\u0119 wszystkich pod\u0142\u0105czonych czujnik\u00f3w i urz\u0105dze\u0144. Wszystkie urz\u0105dzenia Ajax dzia\u0142aj\u0105 normalnie z tym hubem.<\/p>\n<\/li>\n<li class=\"\" data-start=\"762\" data-end=\"1014\">\n<p class=\"\" data-start=\"764\" data-end=\"1014\"><strong data-start=\"764\" data-end=\"800\">Zintegrowane zasilanie 12V:<\/strong> Karta zasilacza montowana bezpo\u015brednio w Hub 2, Hub2Plus lub ReX 2 zapewnia elastyczne rozwi\u0105zanie o napi\u0119ciu wej\u015bciowym od 8 do 32 V DC \u2013 idealne rozwi\u0105zanie, je\u015bli chcesz u\u017cy\u0107 zewn\u0119trznego \u017ar\u00f3d\u0142a zasilania lub chcesz kupi\u0107 rozwi\u0105zanie wst\u0119pnie zmontowane.<\/p>\n<\/li>\n<li class=\"\" data-start=\"1015\" data-end=\"1160\">\n<p class=\"\" data-start=\"1017\" data-end=\"1160\"><strong data-start=\"1017\" data-end=\"1038\">Wszechstronna ochrona:<\/strong> System zapewnia pe\u0142n\u0105 ochron\u0119 przed w\u0142amaniem, ogniem i wod\u0105, co jest szczeg\u00f3lnie wa\u017cne w przypadku pojazd\u00f3w i instalacji mobilnych.<\/p>\n<\/li>\n<\/ul>","protected":false},"excerpt":{"rendered":"<p><strong data-start=\"1478\" data-end=\"1562\">Ajax Hub2 Plus 12V \u2013 Jednostka centralna do \u0142odzi, kamper\u00f3w i przyczep kempingowych (IP + WiFi + 4G, bia\u0142a)<\/strong><br data-start=\"1562\" data-end=\"1565\" \/>Zdob\u0105d\u017a kompletny system bezpiecze\u0144stwa z zaawansowan\u0105 komunikacj\u0105 WiFi i 4G, du\u017cym zasi\u0119giem i wbudowanym zasilaniem 12 V (8-32 VDC). Idealny do \u0142odzi, pojazd\u00f3w kempingowych i przyczep kempingowych \u2013 wybierz model z fabrycznie zainstalowanym zasilaczem, aby zapewni\u0107 szybk\u0105 i \u0142atw\u0105 instalacj\u0119.<\/p>","protected":false},"featured_media":151979,"template":"","meta":{"_acf_changed":false},"product_brand":[],"product_cat":[3154],"product_tag":[],"class_list":{"0":"post-149156","1":"product","2":"type-product","3":"status-publish","4":"has-post-thumbnail","6":"product_cat-centralenheter","7":"tm-no-options","9":"first","10":"instock","11":"taxable","12":"shipping-taxable","13":"purchasable","14":"product-type-woosb"},"acf":[],"_links":{"self":[{"href":"https:\/\/secureus.se\/pl\/wp-json\/wp\/v2\/product\/149156","targetHints":{"allow":["GET"]}}],"collection":[{"href":"https:\/\/secureus.se\/pl\/wp-json\/wp\/v2\/product"}],"about":[{"href":"https:\/\/secureus.se\/pl\/wp-json\/wp\/v2\/types\/product"}],"wp:featuredmedia":[{"embeddable":true,"href":"https:\/\/secureus.se\/pl\/wp-json\/wp\/v2\/media\/151979"}],"wp:attachment":[{"href":"https:\/\/secureus.se\/pl\/wp-json\/wp\/v2\/media?parent=149156"}],"wp:term":[{"taxonomy":"product_brand","embeddable":true,"href":"https:\/\/secureus.se\/pl\/wp-json\/wp\/v2\/product_brand?post=149156"},{"taxonomy":"product_cat","embeddable":true,"href":"https:\/\/secureus.se\/pl\/wp-json\/wp\/v2\/product_cat?post=149156"},{"taxonomy":"product_tag","embeddable":true,"href":"https:\/\/secureus.se\/pl\/wp-json\/wp\/v2\/product_tag?post=149156"}],"curies":[{"name":"wp","href":"https:\/\/api.w.org\/{rel}","templated":true}]}}