{"id":149262,"date":"2025-03-25T11:25:58","date_gmt":"2025-03-25T10:25:58","guid":{"rendered":"https:\/\/secureus.se\/varning-for-hunden-skylt-hund-aluminium-a4-210-x-297-mm\/"},"modified":"2026-03-05T08:13:34","modified_gmt":"2026-03-05T07:13:34","slug":"varning-for-hunden-skylt-hund-aluminium-a4-210-x-297-mm","status":"publish","type":"product","link":"https:\/\/secureus.se\/pl\/varning-for-hunden-skylt-hund-aluminium-a4-210-x-297-mm\/","title":{"rendered":"OSTRZE\u017bENIE DLA PS\u00d3W \u2013 Znak dla psa \u2013 Aluminium (A4 \u2013 210 x 297 mm)"},"content":{"rendered":"<p class=\"\" data-start=\"516\" data-end=\"873\"><strong data-start=\"516\" data-end=\"577\">UWAGA DLA PS\u00d3W \u2013 Tabliczka aluminiowa (A4, 210 \u00d7 297 mm)<\/strong><br data-start=\"577\" data-end=\"580\" \/>Przeka\u017c jasny komunikat nieproszonym go\u015bciom i u\u0142atw wej\u015bcie go\u015bciom, kt\u00f3rzy boj\u0105 si\u0119 ps\u00f3w, dzi\u0119ki temu wytrzyma\u0142emu i wysokiej jako\u015bci aluminiowemu znakowi. Projekt przedstawia sylwetk\u0119 psa na \u017c\u00f3\u0142tym tle i napis \u201eOSTRZE\u017bENIE DLA PS\u00d3W\u201d w kolorze czarnym, dzi\u0119ki czemu znak przyci\u0105ga wzrok i jest jednocze\u015bnie informacyjny.<\/p>\n<h3 class=\"\" data-start=\"875\" data-end=\"918\"><strong data-start=\"879\" data-end=\"918\">Dlaczego znak \u201eOstrze\u017cenie przed psem\u201d?<\/strong><\/h3>\n<ul data-start=\"919\" data-end=\"1344\">\n<li class=\"\" data-start=\"919\" data-end=\"1045\">\n<p class=\"\" data-start=\"921\" data-end=\"1045\"><strong data-start=\"921\" data-end=\"947\">Odstrasza intruz\u00f3w:<\/strong> Daj\u0105c jasny sygna\u0142, \u017ce pies znajduje si\u0119 w pobli\u017cu, zmniejszasz ryzyko niepo\u017c\u0105danych wizyt.<\/p>\n<\/li>\n<li class=\"\" data-start=\"1046\" data-end=\"1195\">\n<p class=\"\" data-start=\"1048\" data-end=\"1195\"><strong data-start=\"1048\" data-end=\"1074\">O czym powinni pami\u0119ta\u0107 w\u0142a\u015bciciele ps\u00f3w:<\/strong> Odwiedzaj\u0105cy otrzymuj\u0105 wczesny sygna\u0142 o obecno\u015bci psa, co daje poczucie bezpiecze\u0144stwa i zmniejsza ryzyko niespodzianek.<\/p>\n<\/li>\n<li class=\"\" data-start=\"1196\" data-end=\"1344\">\n<p class=\"\" data-start=\"1198\" data-end=\"1344\"><strong data-start=\"1198\" data-end=\"1222\">Chroni Twoj\u0105 w\u0142asno\u015b\u0107:<\/strong> Znak ostrzegawczy to prosty, ale skuteczny \u015brodek bezpiecze\u0144stwa, zw\u0142aszcza w po\u0142\u0105czeniu z innymi rozwi\u0105zaniami alarmowymi i zabezpieczaj\u0105cymi.<\/p>\n<\/li>\n<\/ul>\n<h3 class=\"\" data-start=\"1346\" data-end=\"1379\"><strong data-start=\"1350\" data-end=\"1379\">Solidny i odporny na warunki atmosferyczne<\/strong><\/h3>\n<ul data-start=\"1380\" data-end=\"1848\">\n<li class=\"\" data-start=\"1380\" data-end=\"1509\">\n<p class=\"\" data-start=\"1382\" data-end=\"1509\"><strong data-start=\"1382\" data-end=\"1410\">Wykonane z aluminium:<\/strong> Produkt odporny na rdz\u0119 i korozj\u0119, dzi\u0119ki czemu nadaje si\u0119 do stosowania w trudnych warunkach klimatu skandynawskiego.<\/p>\n<\/li>\n<li class=\"\" data-start=\"1510\" data-end=\"1638\">\n<p class=\"\" data-start=\"1512\" data-end=\"1638\"><strong data-start=\"1512\" data-end=\"1538\">Odporno\u015b\u0107 na promieniowanie UV i wilgo\u0107:<\/strong> Kolory nie blakn\u0105, a znak pozostaje w dobrym stanie nawet przy zmiennych temperaturach i pogodzie.<\/p>\n<\/li>\n<li class=\"\" data-start=\"1639\" data-end=\"1848\">\n<p class=\"\" data-start=\"1641\" data-end=\"1848\"><strong data-start=\"1641\" data-end=\"1661\">\u0141atwy monta\u017c:<\/strong> Wyposa\u017cone w mocn\u0105 warstw\u0119 klej\u0105c\u0105 (ta\u015bma 3M) lub wst\u0119pnie nawiercone otwory (je\u015bli chcesz przykr\u0119ci\u0107), zapewniaj\u0105 wiele mo\u017cliwo\u015bci przymocowania znaku do bram, drzwi, ogrodze\u0144 i innych powierzchni.<\/p>\n<\/li>\n<\/ul>\n<h3 class=\"\" data-start=\"1850\" data-end=\"1876\"><strong data-start=\"1854\" data-end=\"1876\">Obszary zastosowa\u0144<\/strong><\/h3>\n<ul data-start=\"1877\" data-end=\"2262\">\n<li class=\"\" data-start=\"1877\" data-end=\"2019\">\n<p class=\"\" data-start=\"1879\" data-end=\"2019\"><strong data-start=\"1879\" data-end=\"1898\">Rezydencje prywatne:<\/strong> Umie\u015b\u0107 znak przy drzwiach wej\u015bciowych, bramie lub ogrodzeniu, aby poinformowa\u0107 go\u015bci i odstraszy\u0107 potencjalnych intruz\u00f3w.<\/p>\n<\/li>\n<li class=\"\" data-start=\"2020\" data-end=\"2126\">\n<p class=\"\" data-start=\"2022\" data-end=\"2126\"><strong data-start=\"2022\" data-end=\"2050\">Wybiegi dla ps\u00f3w i ogrody:<\/strong> Nale\u017cy wyra\u017anie oznaczy\u0107 obecno\u015b\u0107 psa na terenie obiektu, aby go\u015bcie byli przygotowani.<\/p>\n<\/li>\n<li class=\"\" data-start=\"2127\" data-end=\"2262\">\n<p class=\"\" data-start=\"2129\" data-end=\"2262\"><strong data-start=\"2129\" data-end=\"2154\">Firmy i stowarzyszenia:<\/strong> Przydatne r\u00f3wnie\u017c w lokalach lub klubach, w kt\u00f3rych przebywaj\u0105 psy, do informowania personelu i cz\u0142onk\u00f3w.<\/p>\n<\/li>\n<\/ul>\n<h3 class=\"\" data-start=\"2264\" data-end=\"2294\"><strong data-start=\"2268\" data-end=\"2294\">Specyfikacje produktu<\/strong><\/h3>\n<ul data-start=\"2295\" data-end=\"2544\">\n<li class=\"\" data-start=\"2295\" data-end=\"2326\">\n<p class=\"\" data-start=\"2297\" data-end=\"2326\"><strong data-start=\"2297\" data-end=\"2306\">Mierzy\u0107:<\/strong> Format A4 (210\u00d7297 mm)<\/p>\n<\/li>\n<li class=\"\" data-start=\"2327\" data-end=\"2385\">\n<p class=\"\" data-start=\"2329\" data-end=\"2385\"><strong data-start=\"2329\" data-end=\"2342\">Tworzywo:<\/strong> Aluminium (trwa\u0142e i odporne na warunki atmosferyczne)<\/p>\n<\/li>\n<li class=\"\" data-start=\"2386\" data-end=\"2479\">\n<p class=\"\" data-start=\"2388\" data-end=\"2479\"><strong data-start=\"2388\" data-end=\"2402\">Metoda mocowania:<\/strong> Monta\u017c samoprzylepny (3M) lub za pomoc\u0105 \u015brub (w razie potrzeby mo\u017cna wywierci\u0107 otwory)<\/p>\n<\/li>\n<li class=\"\" data-start=\"2480\" data-end=\"2544\">\n<p class=\"\" data-start=\"2482\" data-end=\"2544\"><strong data-start=\"2482\" data-end=\"2500\">Kolor i wz\u00f3r:<\/strong> \u017b\u00f3\u0142te t\u0142o, czarny tekst i sylwetka psa<\/p>\n<\/li>\n<\/ul>\n<p class=\"\" data-start=\"2546\" data-end=\"2575\"><strong data-start=\"2546\" data-end=\"2575\">Zawarto\u015b\u0107 pakietu:<\/strong><\/p>\n<ul data-start=\"2576\" data-end=\"2626\">\n<li class=\"\" data-start=\"2576\" data-end=\"2626\">\n<p class=\"\" data-start=\"2578\" data-end=\"2626\">1 szt <em data-start=\"2583\" data-end=\"2603\">OSTRZE\u017bENIE DLA PSA<\/em>-znak aluminiowy (A4)<\/p>\n<\/li>\n<\/ul>\n<hr class=\"\" data-start=\"2628\" data-end=\"2631\" \/>\n<p class=\"\" data-start=\"2633\" data-end=\"2821\">Z tym <em data-start=\"2643\" data-end=\"2663\">OSTRZE\u017bENIE DLA PSA<\/em>- znak aluminiowy to trwa\u0142e, przejrzyste i d\u0142ugotrwa\u0142e rozwi\u0105zanie, kt\u00f3re pomaga trzyma\u0107 nieproszonych go\u015bci z daleka i informuje odwiedzaj\u0105cych o obecno\u015bci Twojego psa.<\/p>","protected":false},"excerpt":{"rendered":"<p><strong data-start=\"192\" data-end=\"239\">UWAGA DLA PS\u00d3W \u2013 Tabliczka aluminiowa (A4)<\/strong><br data-start=\"239\" data-end=\"242\" \/>Zabezpiecz sw\u00f3j dom i swojego psa czytelnym i trwa\u0142ym znakiem ostrzegawczym w formacie A4. Wykonane z aluminium odpornego na trudne warunki atmosferyczne, idealne do u\u017cytku na zewn\u0105trz. Odstraszaj intruz\u00f3w i poinformuj go\u015bci o obecno\u015bci psa na terenie obiektu.<\/p>","protected":false},"featured_media":156006,"template":"","meta":{"_acf_changed":false},"product_brand":[],"product_cat":[1323],"product_tag":[],"class_list":{"0":"post-149262","1":"product","2":"type-product","3":"status-publish","4":"has-post-thumbnail","6":"product_cat-larmdekaler","7":"product_shipping_class-postnord-varubrev","8":"pa_brands-secureus","9":"pa_storlek-a4-21x29-7cm","10":"tm-no-options","12":"first","13":"instock","14":"sale","15":"taxable","16":"shipping-taxable","17":"purchasable","18":"product-type-simple"},"acf":[],"_links":{"self":[{"href":"https:\/\/secureus.se\/pl\/wp-json\/wp\/v2\/product\/149262","targetHints":{"allow":["GET"]}}],"collection":[{"href":"https:\/\/secureus.se\/pl\/wp-json\/wp\/v2\/product"}],"about":[{"href":"https:\/\/secureus.se\/pl\/wp-json\/wp\/v2\/types\/product"}],"wp:featuredmedia":[{"embeddable":true,"href":"https:\/\/secureus.se\/pl\/wp-json\/wp\/v2\/media\/156006"}],"wp:attachment":[{"href":"https:\/\/secureus.se\/pl\/wp-json\/wp\/v2\/media?parent=149262"}],"wp:term":[{"taxonomy":"product_brand","embeddable":true,"href":"https:\/\/secureus.se\/pl\/wp-json\/wp\/v2\/product_brand?post=149262"},{"taxonomy":"product_cat","embeddable":true,"href":"https:\/\/secureus.se\/pl\/wp-json\/wp\/v2\/product_cat?post=149262"},{"taxonomy":"product_tag","embeddable":true,"href":"https:\/\/secureus.se\/pl\/wp-json\/wp\/v2\/product_tag?post=149262"}],"curies":[{"name":"wp","href":"https:\/\/api.w.org\/{rel}","templated":true}]}}