{"id":149264,"date":"2025-03-25T11:26:19","date_gmt":"2025-03-25T10:26:19","guid":{"rendered":"https:\/\/secureus.se\/varning-for-hunden-skylt-hund-aluminium-a5-14-8x21cm\/"},"modified":"2026-03-27T11:20:45","modified_gmt":"2026-03-27T10:20:45","slug":"varning-for-hunden-skylt-hund-aluminium-a5-14-8x21cm","status":"publish","type":"product","link":"https:\/\/secureus.se\/pl\/varning-for-hunden-skylt-hund-aluminium-a5-14-8x21cm\/","title":{"rendered":"OSTRZE\u017bENIE DLA PS\u00d3W \u2013 Znak dla psa \u2013 Aluminium (A5 \u2013 14,8x21cm)"},"content":{"rendered":"<p class=\"\" data-start=\"556\" data-end=\"848\"><strong data-start=\"556\" data-end=\"617\">UWAGA DLA PS\u00d3W \u2013 Tabliczka aluminiowa (A5, 148 \u00d7 210 mm)<\/strong><br data-start=\"617\" data-end=\"620\" \/>Nale\u017cy jasno stwierdzi\u0107, \u017ce na terenie obiektu znajduje si\u0119 pies, i zniech\u0119ci\u0107 nieproszonych go\u015bci. Ten znak w formacie A5 jest wykonany z trwa\u0142ego aluminium i doskonale nadaje si\u0119 dla tych, kt\u00f3rzy chc\u0105 mie\u0107 nieco mniejszy, ale nadal widoczny znak ostrzegawczy.<\/p>\n<h3 class=\"\" data-start=\"850\" data-end=\"904\"><strong data-start=\"854\" data-end=\"904\">Dlaczego znak \u201ePies ostrzegawczy\u201d?<\/strong><\/h3>\n<ul data-start=\"905\" data-end=\"1259\">\n<li class=\"\" data-start=\"905\" data-end=\"1030\">\n<p class=\"\" data-start=\"907\" data-end=\"1030\"><strong data-start=\"907\" data-end=\"931\">Efekt odstraszaj\u0105cy:<\/strong> Daj wyra\u017any sygna\u0142, \u017ce pies jest w pobli\u017cu, aby zmniejszy\u0107 ryzyko w\u0142amania i niepo\u017c\u0105danych wizyt.<\/p>\n<\/li>\n<li class=\"\" data-start=\"1031\" data-end=\"1135\">\n<p class=\"\" data-start=\"1033\" data-end=\"1135\"><strong data-start=\"1033\" data-end=\"1056\">Poinformuj odwiedzaj\u0105cych:<\/strong> Poinformuj go\u015bci, kt\u00f3rzy boj\u0105 si\u0119 ps\u00f3w lub nie s\u0105 do nich przyzwyczajeni, o obecno\u015bci psa.<\/p>\n<\/li>\n<li class=\"\" data-start=\"1136\" data-end=\"1259\">\n<p class=\"\" data-start=\"1138\" data-end=\"1259\"><strong data-start=\"1138\" data-end=\"1157\">Elastyczny format:<\/strong> Format A5 (148 \u00d7 210 mm) jest mniejszy ni\u017c A4 i dobrze pasuje do bram, drzwi i ogrodze\u0144 o ograniczonej przestrzeni.<\/p>\n<\/li>\n<\/ul>\n<h3 class=\"\" data-start=\"1261\" data-end=\"1292\"><strong data-start=\"1265\" data-end=\"1292\">Wysokiej jako\u015bci aluminium<\/strong><\/h3>\n<ul data-start=\"1293\" data-end=\"1663\">\n<li class=\"\" data-start=\"1293\" data-end=\"1419\">\n<p class=\"\" data-start=\"1295\" data-end=\"1419\"><strong data-start=\"1295\" data-end=\"1329\">Odporne na rdz\u0119 i korozj\u0119:<\/strong> Aluminiowa konstrukcja gwarantuje d\u0142ug\u0105 \u017cywotno\u015b\u0107 nawet w trudnych warunkach zewn\u0119trznych.<\/p>\n<\/li>\n<li class=\"\" data-start=\"1420\" data-end=\"1535\">\n<p class=\"\" data-start=\"1422\" data-end=\"1535\"><strong data-start=\"1422\" data-end=\"1450\">Odporno\u015b\u0107 na warunki atmosferyczne i promieniowanie UV:<\/strong> Kolor nie blaknie pod wp\u0142ywem s\u0142o\u0144ca, a znak bez problemu znosi deszcz, zimno i upa\u0142.<\/p>\n<\/li>\n<li class=\"\" data-start=\"1536\" data-end=\"1663\">\n<p class=\"\" data-start=\"1538\" data-end=\"1663\"><strong data-start=\"1538\" data-end=\"1558\">\u0141atwy monta\u017c:<\/strong> Dost\u0119pne z samoprzylepn\u0105 ta\u015bm\u0105 (3M) lub monta\u017cem na \u015bruby (je\u015bli chcesz wywierci\u0107 otwory).<\/p>\n<\/li>\n<\/ul>\n<h3 class=\"\" data-start=\"1665\" data-end=\"1691\"><strong data-start=\"1669\" data-end=\"1691\">Obszary zastosowa\u0144<\/strong><\/h3>\n<ul data-start=\"1692\" data-end=\"1974\">\n<li class=\"\" data-start=\"1692\" data-end=\"1763\">\n<p class=\"\" data-start=\"1694\" data-end=\"1763\"><strong data-start=\"1694\" data-end=\"1711\">Rezydencja prywatna:<\/strong> Umie\u015b\u0107 znak na drzwiach wej\u015bciowych, bramie lub ogrodzeniu.<\/p>\n<\/li>\n<li class=\"\" data-start=\"1764\" data-end=\"1862\">\n<p class=\"\" data-start=\"1766\" data-end=\"1862\"><strong data-start=\"1766\" data-end=\"1794\">Podw\u00f3rko lub ogr\u00f3d dla psa:<\/strong> Aby unikn\u0105\u0107 niespodzianek, wyra\u017anie oznacz miejsce, w kt\u00f3rym znajduje si\u0119 pies.<\/p>\n<\/li>\n<li class=\"\" data-start=\"1863\" data-end=\"1974\">\n<p class=\"\" data-start=\"1865\" data-end=\"1974\"><strong data-start=\"1865\" data-end=\"1890\">Firmy i stowarzyszenia:<\/strong> Idealne dla miejsc, gdzie psy s\u0105 dozwolone, takich jak kluby lub obszary dla ps\u00f3w str\u00f3\u017cuj\u0105cych.<\/p>\n<\/li>\n<\/ul>\n<h3 class=\"\" data-start=\"1976\" data-end=\"2006\"><strong data-start=\"1980\" data-end=\"2006\">Specyfikacje produktu<\/strong><\/h3>\n<ul data-start=\"2007\" data-end=\"2222\">\n<li class=\"\" data-start=\"2007\" data-end=\"2038\">\n<p class=\"\" data-start=\"2009\" data-end=\"2038\"><strong data-start=\"2009\" data-end=\"2018\">Mierzy\u0107:<\/strong> Format A5 (148\u00d7210 mm)<\/p>\n<\/li>\n<li class=\"\" data-start=\"2039\" data-end=\"2066\">\n<p class=\"\" data-start=\"2041\" data-end=\"2066\"><strong data-start=\"2041\" data-end=\"2054\">Tworzywo:<\/strong> Aluminium<\/p>\n<\/li>\n<li class=\"\" data-start=\"2067\" data-end=\"2134\">\n<p class=\"\" data-start=\"2069\" data-end=\"2134\"><strong data-start=\"2069\" data-end=\"2087\">Kolor i wz\u00f3r:<\/strong> \u017b\u00f3\u0142te t\u0142o z czarnym tekstem i sylwetk\u0105 psa<\/p>\n<\/li>\n<li class=\"\" data-start=\"2135\" data-end=\"2222\">\n<p class=\"\" data-start=\"2137\" data-end=\"2222\"><strong data-start=\"2137\" data-end=\"2151\">Metoda mocowania:<\/strong> Monta\u017c samoprzylepny (3M) lub za pomoc\u0105 \u015brub (w razie potrzeby nale\u017cy wywierci\u0107 otwory)<\/p>\n<\/li>\n<\/ul>\n<p class=\"\" data-start=\"2224\" data-end=\"2253\"><strong data-start=\"2224\" data-end=\"2253\">Pakiet zawiera:<\/strong><\/p>\n<ul data-start=\"2254\" data-end=\"2304\">\n<li class=\"\" data-start=\"2254\" data-end=\"2304\">\n<p class=\"\" data-start=\"2256\" data-end=\"2304\">1 szt <em data-start=\"2261\" data-end=\"2281\">OSTRZE\u017bENIE DLA PSA<\/em>-znak aluminiowy (A5)<\/p>\n<\/li>\n<\/ul>\n<p class=\"\" data-start=\"2306\" data-end=\"2541\">Wybieraj\u0105c znak A5 otrzymujesz praktyczny rozmiar, kt\u00f3ry jest jednocze\u015bnie czytelny i skuteczny w informowaniu i odstraszaniu. \u0141\u0105cz\u0105c solidn\u0105 konstrukcj\u0119 z przyci\u0105gaj\u0105cym wzrok designem, jest to niezawodny \u015brodek bezpiecze\u0144stwa w ka\u017cdym \u015brodowisku.<\/p>","protected":false},"excerpt":{"rendered":"<p><strong data-start=\"224\" data-end=\"271\">UWAGA DLA PS\u00d3W \u2013 Tabliczka aluminiowa (A5)<\/strong><br data-start=\"271\" data-end=\"274\" \/>Zabezpiecz sw\u00f3j dom i swojego psa czytelnym i trwa\u0142ym znakiem ostrzegawczym w formacie A5. Wykonane z aluminium odpornego na trudne warunki atmosferyczne, idealne do u\u017cytku na zewn\u0105trz. Odstraszaj intruz\u00f3w i poinformuj go\u015bci o obecno\u015bci psa na terenie obiektu.<\/p>","protected":false},"featured_media":156006,"template":"","meta":{"_acf_changed":false},"product_brand":[],"product_cat":[1323],"product_tag":[],"class_list":{"0":"post-149264","1":"product","2":"type-product","3":"status-publish","4":"has-post-thumbnail","6":"product_cat-larmdekaler","7":"product_shipping_class-postnord-varubrev","8":"pa_brands-secureus","9":"pa_storlek-a5-14-8x21cm","10":"tm-no-options","12":"first","13":"instock","14":"sale","15":"taxable","16":"shipping-taxable","17":"purchasable","18":"product-type-simple"},"acf":[],"_links":{"self":[{"href":"https:\/\/secureus.se\/pl\/wp-json\/wp\/v2\/product\/149264","targetHints":{"allow":["GET"]}}],"collection":[{"href":"https:\/\/secureus.se\/pl\/wp-json\/wp\/v2\/product"}],"about":[{"href":"https:\/\/secureus.se\/pl\/wp-json\/wp\/v2\/types\/product"}],"wp:featuredmedia":[{"embeddable":true,"href":"https:\/\/secureus.se\/pl\/wp-json\/wp\/v2\/media\/156006"}],"wp:attachment":[{"href":"https:\/\/secureus.se\/pl\/wp-json\/wp\/v2\/media?parent=149264"}],"wp:term":[{"taxonomy":"product_brand","embeddable":true,"href":"https:\/\/secureus.se\/pl\/wp-json\/wp\/v2\/product_brand?post=149264"},{"taxonomy":"product_cat","embeddable":true,"href":"https:\/\/secureus.se\/pl\/wp-json\/wp\/v2\/product_cat?post=149264"},{"taxonomy":"product_tag","embeddable":true,"href":"https:\/\/secureus.se\/pl\/wp-json\/wp\/v2\/product_tag?post=149264"}],"curies":[{"name":"wp","href":"https:\/\/api.w.org\/{rel}","templated":true}]}}