{"id":149268,"date":"2025-03-25T11:43:49","date_gmt":"2025-03-25T10:43:49","guid":{"rendered":"https:\/\/secureus.se\/?post_type=product&#038;p=149268"},"modified":"2026-01-11T14:12:36","modified_gmt":"2026-01-11T13:12:36","slug":"warning-varning-hund-skylt-aluminium-a4-210-x-297-mm","status":"publish","type":"product","link":"https:\/\/secureus.se\/pl\/warning-varning-hund-skylt-aluminium-a4-210-x-297-mm\/","title":{"rendered":"UWAGA \u2013 Znak ostrzegawczy dla psa \u2013 aluminium (A4 \u2013 210 x 297 mm)"},"content":{"rendered":"<p class=\"\" data-start=\"560\" data-end=\"852\"><strong data-start=\"560\" data-end=\"623\">UWAGA \u2013 Znak ostrzegawczy dla psa w aluminium (A4, 21 \u00d7 29,7 cm)<\/strong><br data-start=\"623\" data-end=\"626\" \/>Stw\u00f3rz wyra\u017ane i profesjonalne wra\u017cenie, \u017ce w okolicy znajduje si\u0119 pies. Ten aluminiowy znak w formacie A4 jest wi\u0119kszy od naszego wariantu w formacie A5, dzi\u0119ki czemu przyci\u0105ga uwag\u0119 jeszcze bardziej, skutecznie odstraszaj\u0105c nieproszonych go\u015bci.<\/p>\n<h3 class=\"\" data-start=\"854\" data-end=\"892\"><strong data-start=\"858\" data-end=\"892\">Przejrzysty i odstraszaj\u0105cy projekt<\/strong><\/h3>\n<ul data-start=\"893\" data-end=\"1118\">\n<li class=\"\" data-start=\"893\" data-end=\"1030\">\n<p class=\"\" data-start=\"895\" data-end=\"1030\"><strong data-start=\"895\" data-end=\"913\">Wa\u017cne ostrze\u017cenie:<\/strong> Jasno\u017c\u00f3\u0142te t\u0142o w po\u0142\u0105czeniu z tekstem \u201eOSTRZE\u017bENIE\u201d i sylwetk\u0105 psa tworzy natychmiastowy sygna\u0142 ostrzegawczy.<\/p>\n<\/li>\n<li class=\"\" data-start=\"1031\" data-end=\"1118\">\n<p class=\"\" data-start=\"1033\" data-end=\"1118\"><strong data-start=\"1033\" data-end=\"1053\">Ostrze\u017cenie dla psa:<\/strong> Zmniejsza ryzyko w\u0142amania i nie zaskakuje go\u015bci, kt\u00f3rzy boj\u0105 si\u0119 ps\u00f3w.<\/p>\n<\/li>\n<\/ul>\n<h3 class=\"\" data-start=\"1120\" data-end=\"1151\"><strong data-start=\"1124\" data-end=\"1151\">Wysokiej jako\u015bci aluminium<\/strong><\/h3>\n<ul data-start=\"1152\" data-end=\"1374\">\n<li class=\"\" data-start=\"1152\" data-end=\"1283\">\n<p class=\"\" data-start=\"1154\" data-end=\"1283\"><strong data-start=\"1154\" data-end=\"1188\">Odporne na rdz\u0119 i korozj\u0119:<\/strong> Wytrzymuje skandynawski klimat, deszcz, \u015bnieg i ostre s\u0142o\u0144ce, nie trac\u0105c koloru ani kszta\u0142tu.<\/p>\n<\/li>\n<li class=\"\" data-start=\"1284\" data-end=\"1374\">\n<p class=\"\" data-start=\"1286\" data-end=\"1374\"><strong data-start=\"1286\" data-end=\"1305\">D\u0142uga \u017cywotno\u015b\u0107:<\/strong> Trwa\u0142a inwestycja, kt\u00f3ra pozostanie \u0142adna i czysta przez wiele lat.<\/p>\n<\/li>\n<\/ul>\n<h3 class=\"\" data-start=\"1376\" data-end=\"1402\"><strong data-start=\"1380\" data-end=\"1402\">\u0141atwa instalacja<\/strong><\/h3>\n<ul data-start=\"1403\" data-end=\"1574\">\n<li class=\"\" data-start=\"1403\" data-end=\"1476\">\n<p class=\"\" data-start=\"1405\" data-end=\"1476\"><strong data-start=\"1405\" data-end=\"1431\">Ta\u015bma samoprzylepna 3M:<\/strong> \u0141atwy i szybki monta\u017c na g\u0142adkich powierzchniach.<\/p>\n<\/li>\n<li class=\"\" data-start=\"1477\" data-end=\"1574\">\n<p class=\"\" data-start=\"1479\" data-end=\"1574\"><strong data-start=\"1479\" data-end=\"1498\">Monta\u017c \u015brubowy:<\/strong> Je\u015bli chcesz zapewni\u0107 znakowi dodatkow\u0105 stabilno\u015b\u0107, mo\u017cesz wywierci\u0107 otwory i przymocowa\u0107 go \u015brubami.<\/p>\n<\/li>\n<\/ul>\n<h3 class=\"\" data-start=\"1576\" data-end=\"1613\"><strong data-start=\"1580\" data-end=\"1613\">Wszechstronne zastosowania<\/strong><\/h3>\n<ul data-start=\"1614\" data-end=\"1879\">\n<li class=\"\" data-start=\"1614\" data-end=\"1707\">\n<p class=\"\" data-start=\"1616\" data-end=\"1707\"><strong data-start=\"1616\" data-end=\"1635\">Rezydencje prywatne:<\/strong> Umie\u015b\u0107 przy drzwiach wej\u015bciowych, bramach i p\u0142otach, aby ostrzega\u0107 go\u015bci.<\/p>\n<\/li>\n<li class=\"\" data-start=\"1708\" data-end=\"1775\">\n<p class=\"\" data-start=\"1710\" data-end=\"1775\"><strong data-start=\"1710\" data-end=\"1738\">Ogrody i wybiegi dla ps\u00f3w:<\/strong> Zaznacz wyra\u017anie miejsce, w kt\u00f3rym znajduje si\u0119 pies.<\/p>\n<\/li>\n<li class=\"\" data-start=\"1776\" data-end=\"1879\">\n<p class=\"\" data-start=\"1778\" data-end=\"1879\"><strong data-start=\"1778\" data-end=\"1798\">Firma i magazyn:<\/strong> Przydatne r\u00f3wnie\u017c w \u015brodowiskach zawodowych, w kt\u00f3rych przebywaj\u0105 psy str\u00f3\u017cuj\u0105ce lub w miejscach o ograniczonym dost\u0119pie.<\/p>\n<\/li>\n<\/ul>\n<h4 class=\"\" data-start=\"1881\" data-end=\"1912\"><strong data-start=\"1886\" data-end=\"1912\">Specyfikacje produktu<\/strong><\/h4>\n<ul data-start=\"1913\" data-end=\"2147\">\n<li class=\"\" data-start=\"1913\" data-end=\"1944\">\n<p class=\"\" data-start=\"1915\" data-end=\"1944\"><strong data-start=\"1915\" data-end=\"1924\">Mierzy\u0107:<\/strong> Format A4 (21\u00d729,7 cm)<\/p>\n<\/li>\n<li class=\"\" data-start=\"1945\" data-end=\"2003\">\n<p class=\"\" data-start=\"1947\" data-end=\"2003\"><strong data-start=\"1947\" data-end=\"1960\">Tworzywo:<\/strong> Aluminium (trwa\u0142e i odporne na warunki atmosferyczne)<\/p>\n<\/li>\n<li class=\"\" data-start=\"2004\" data-end=\"2071\">\n<p class=\"\" data-start=\"2006\" data-end=\"2071\"><strong data-start=\"2006\" data-end=\"2017\">Projekt:<\/strong> \u017b\u00f3\u0142te t\u0142o, czarny tekst \u201eOSTRZE\u017bENIE\u201d i sylwetka psa<\/p>\n<\/li>\n<li class=\"\" data-start=\"2072\" data-end=\"2147\">\n<p class=\"\" data-start=\"2074\" data-end=\"2147\"><strong data-start=\"2074\" data-end=\"2088\">Montowanie:<\/strong> Ta\u015bma samoprzylepna 3M lub \u015bruby (w razie potrzeby nale\u017cy wywierci\u0107 otwory)<\/p>\n<\/li>\n<\/ul>\n<hr class=\"\" data-start=\"2149\" data-end=\"2152\" \/>\n<p class=\"\" data-start=\"2154\" data-end=\"2324\">Dzi\u0119ki wi\u0119kszym rozmiarom i solidnej konstrukcji ten znak A4 stanowi skuteczne rozwi\u0105zanie zwi\u0119kszaj\u0105ce bezpiecze\u0144stwo i ostrzegaj\u0105ce wszystkich odwiedzaj\u0105cych o obecno\u015bci psa w pobli\u017cu.<\/p>","protected":false},"excerpt":{"rendered":"<p><strong data-start=\"205\" data-end=\"253\">UWAGA \u2013 Znak ostrzegawczy dla psa (A4, aluminium)<\/strong><br data-start=\"253\" data-end=\"256\" \/>Wi\u0119kszy, solidny i odporny na warunki atmosferyczne znak w formacie A4 ostrzegaj\u0105cy przed psami. Wykonany z aluminium, z przyci\u0105gaj\u0105cym wzrok wzorem na \u017c\u00f3\u0142tym tle. W zestawie znajduje si\u0119 samoprzylepna ta\u015bma 3M u\u0142atwiaj\u0105ca monta\u017c, ale mo\u017cna j\u0105 r\u00f3wnie\u017c przykr\u0119ci\u0107. Idealny do bram, drzwi i ogrodze\u0144.<\/p>","protected":false},"featured_media":156007,"template":"","meta":{"_acf_changed":false},"product_brand":[],"product_cat":[1323],"product_tag":[],"class_list":{"0":"post-149268","1":"product","2":"type-product","3":"status-publish","4":"has-post-thumbnail","6":"product_cat-larmdekaler","7":"product_shipping_class-postnord-varubrev","8":"pa_brands-secureus","9":"pa_storlek-a4-21x29-7cm","10":"tm-no-options","12":"first","13":"instock","14":"sale","15":"taxable","16":"shipping-taxable","17":"purchasable","18":"product-type-simple"},"acf":[],"_links":{"self":[{"href":"https:\/\/secureus.se\/pl\/wp-json\/wp\/v2\/product\/149268","targetHints":{"allow":["GET"]}}],"collection":[{"href":"https:\/\/secureus.se\/pl\/wp-json\/wp\/v2\/product"}],"about":[{"href":"https:\/\/secureus.se\/pl\/wp-json\/wp\/v2\/types\/product"}],"wp:featuredmedia":[{"embeddable":true,"href":"https:\/\/secureus.se\/pl\/wp-json\/wp\/v2\/media\/156007"}],"wp:attachment":[{"href":"https:\/\/secureus.se\/pl\/wp-json\/wp\/v2\/media?parent=149268"}],"wp:term":[{"taxonomy":"product_brand","embeddable":true,"href":"https:\/\/secureus.se\/pl\/wp-json\/wp\/v2\/product_brand?post=149268"},{"taxonomy":"product_cat","embeddable":true,"href":"https:\/\/secureus.se\/pl\/wp-json\/wp\/v2\/product_cat?post=149268"},{"taxonomy":"product_tag","embeddable":true,"href":"https:\/\/secureus.se\/pl\/wp-json\/wp\/v2\/product_tag?post=149268"}],"curies":[{"name":"wp","href":"https:\/\/api.w.org\/{rel}","templated":true}]}}