{"id":149378,"date":"2022-07-04T07:51:45","date_gmt":"2022-07-04T05:51:45","guid":{"rendered":"https:\/\/secureus.se\/motorlas-6500\/"},"modified":"2026-01-12T13:18:10","modified_gmt":"2026-01-12T12:18:10","slug":"motorlas-6500","status":"publish","type":"product","link":"https:\/\/secureus.se\/pl\/motorlas-6500\/","title":{"rendered":"Zamek silnikowy Safetron 6500"},"content":{"rendered":"<p>SAFETRON 6500 to najbardziej kompletny zamek silnikowy na rynku z nowoczesnym rozmieszczeniem t\u0142oka - identycznym jak zamki z serii ASSA connect. Oznacza to, \u017ce elektrozamek jest dostosowany do nowoczesnych wn\u0119k drzwiowych, niezale\u017cnie od tego, czy s\u0105 to p\u0142yty ko\u0144cowe sta\u0142e, czy wymienne. SAFETRON 6500 rozbraja si\u0119 w ci\u0105gu 0,1 sekundy i dlatego w przypadku drzwi o du\u017cej cz\u0119stotliwo\u015bci zwykle nie jest wymagana osobna blokada dzienna. SAFETRON 6500 przystosowany jest do wsp\u00f3\u0142pracy z automatyk\u0105 drzwiow\u0105.<\/p>\n<p>Typowe obszary zastosowa\u0144 to zamki dzienne, nocne i zabezpieczaj\u0105ce w handlu, biurach i przemy\u015ble oraz tam, gdzie stawiane s\u0105 bardzo wysokie wymagania w zakresie bezpiecze\u0144stwa. Zamki silnikowe s\u0105 certyfikowane zgodnie z klas\u0105 zamka SSF-3522 2B, 3, 4 i 5 oraz SS-EN 14846 klasa 7.<\/p>\n<p>SAFETRON 6500 mo\u017cna stosowa\u0107 na drogach ewakuacyjnych razem z akcesoriami ewakuacyjnymi SAFETRON 795 zgodnymi z europejsk\u0105 norm\u0105 SS-EN 179:2008 oraz SSF 3522 klasa 2B.<\/p>\n<p>Seria SAFETRON 6000 oferuje zintegrowan\u0105 kontrol\u0119 nad kilkoma g\u0142\u00f3wnymi dostawcami system\u00f3w dost\u0119pu na rynku. Oznacza to, \u017ce zamki elektromotoryczne mo\u017cna pod\u0142\u0105czy\u0107 bezpo\u015brednio do centrali drzwiowej systemu dost\u0119pu bez jednostki steruj\u0105cej, a nast\u0119pnie mo\u017cna je skonfigurowa\u0107 za pomoc\u0105 oprogramowania systemu dost\u0119pu, co zapewnia uproszczon\u0105 instalacj\u0119 i bardziej ekonomiczne \u015brodowisko drzwi. Je\u015bli chcesz pod\u0142\u0105czy\u0107 zamek silnikowy zintegrowany z systemem dost\u0119pu lub je\u015bli z jednostk\u0105 steruj\u0105c\u0105 maj\u0105 by\u0107 u\u017cywane dwa zamki silnikowe, wybierz p\u00f3\u0142zestaw.<\/p>\n<p>SAFETRON 6500 ma wzmocniony t\u0142ok steruj\u0105cy hakiem i jest dopuszczony przez g\u0142\u00f3wnych producent\u00f3w drzwi do drzwi RC3 i RC4. Zamki silnikowe serii 6000 wykorzystuj\u0105 128-bitowe szyfrowanie dla maksymalnego bezpiecze\u0144stwa i umo\u017cliwiaj\u0105 stosowanie kabli o d\u0142ugo\u015bci do 100 metr\u00f3w pomi\u0119dzy zamkiem silnikowym a jednostk\u0105 steruj\u0105c\u0105. Oznacza to, \u017ce jednostk\u0119 steruj\u0105c\u0105 mo\u017cna instalowa\u0107 w \u015brodowiskach chronionych, takich jak centra zasilania lub serwerownie.<\/p>\n<p>\u2022 Certyfikowany zgodnie z klas\u0105 zamka SSF-3522 2B, 3, 4 i 5 oraz SS-EN 14846 klasa 7<br \/>\n\u2022 G\u0142\u0119boko\u015b\u0107 trzpienia 50 mm<br \/>\n\u2022 Wzmocniony trzpie\u0144 przymiaru hakowego<br \/>\n\u2022 Zintegrowana kontrola system\u00f3w dost\u0119pu<br \/>\n\u2022 Umiejscowienie t\u0142oka takie samo jak w przypadku po\u0142\u0105czenia ASSA<br \/>\n\u2022 Szybko\u015b\u0107 otwierania: 0,1 sekundy<br \/>\n\u2022 Mo\u017cliwo\u015b\u0107 otwarcia za pomoc\u0105 klucza\/pokr\u0119t\u0142a (obr\u00f3t o 90 stopni)<br \/>\n\u2022 Przystosowany do automatyki bramowej<br \/>\n\u2022 Ewakuacja awaryjna\/ponowne zakwaterowanie wraz z akcesoriami do ewakuacji awaryjnej 795<br \/>\n\u2022 Automatyczna inicjalizacja<br \/>\n\u2022 Dziennik zdarze\u0144<br \/>\n\u2022 Po\u0142\u0105czenie szeregowe, maksymalnie dwa zamki silnikowe do jednostki steruj\u0105cej<\/p>","protected":false},"excerpt":{"rendered":"<p>SAFETRON 6500 \u00e4r marknadens mest kompletta motorl\u00e5s med modern kolvplacering &#8211; identisk med med l\u00e5s i ASSA connect-serierna. Detta inneb\u00e4r att motorl\u00e5set \u00e4r anpassad f\u00f6r moderna d\u00f6rrurtag, oavsett om det<\/p>","protected":false},"featured_media":142444,"template":"","meta":{"_acf_changed":false},"product_brand":[],"product_cat":[2874],"product_tag":[4546,4500,4866,4501],"class_list":{"0":"post-149378","1":"product","2":"type-product","3":"status-publish","4":"has-post-thumbnail","6":"product_cat-motorlas","7":"product_tag-panikutrymning-ja","8":"product_tag-rel-safetron-motorlas","9":"product_tag-safetron-20","10":"product_tag-safetron-motorlas","11":"product_shipping_class-tunga-paket","12":"pa_brands-7safetron","13":"tm-has-options","15":"first","16":"instock","17":"sale","18":"featured","19":"taxable","20":"shipping-taxable","21":"purchasable","22":"product-type-simple"},"acf":[],"_links":{"self":[{"href":"https:\/\/secureus.se\/pl\/wp-json\/wp\/v2\/product\/149378","targetHints":{"allow":["GET"]}}],"collection":[{"href":"https:\/\/secureus.se\/pl\/wp-json\/wp\/v2\/product"}],"about":[{"href":"https:\/\/secureus.se\/pl\/wp-json\/wp\/v2\/types\/product"}],"wp:featuredmedia":[{"embeddable":true,"href":"https:\/\/secureus.se\/pl\/wp-json\/wp\/v2\/media\/142444"}],"wp:attachment":[{"href":"https:\/\/secureus.se\/pl\/wp-json\/wp\/v2\/media?parent=149378"}],"wp:term":[{"taxonomy":"product_brand","embeddable":true,"href":"https:\/\/secureus.se\/pl\/wp-json\/wp\/v2\/product_brand?post=149378"},{"taxonomy":"product_cat","embeddable":true,"href":"https:\/\/secureus.se\/pl\/wp-json\/wp\/v2\/product_cat?post=149378"},{"taxonomy":"product_tag","embeddable":true,"href":"https:\/\/secureus.se\/pl\/wp-json\/wp\/v2\/product_tag?post=149378"}],"curies":[{"name":"wp","href":"https:\/\/api.w.org\/{rel}","templated":true}]}}