{"id":149379,"date":"2022-07-04T07:50:38","date_gmt":"2022-07-04T05:50:38","guid":{"rendered":"https:\/\/secureus.se\/ellas-sl621-omvand-kpl\/"},"modified":"2026-01-12T15:24:29","modified_gmt":"2026-01-12T14:24:29","slug":"ellas-sl621-omvand-kpl","status":"publish","type":"product","link":"https:\/\/secureus.se\/pl\/ellas-sl621-omvand-kpl\/","title":{"rendered":"Zamek elektryczny Safetron SL621 Zestaw odwracalnej obudowy zamka"},"content":{"rendered":"<h1>Zamek elektryczny Safetron SL621 Zestaw odwracalnej obudowy zamka<\/h1>\n<p>SAFETRON SL621 w opakowaniu typu kit. Opakowanie zawiera:<\/p>\n<ul>\n<li>Zamek elektryczny SL621<\/li>\n<li>Kabel po\u0142\u0105czeniowy C02 (10m)<\/li>\n<li>Transfer ramki CT81<\/li>\n<\/ul>\n<p>SAFETRON SL621 to wielofunkcyjny zamek elektryczny nowej generacji z funkcj\u0105 dzielon\u0105 i opatentowan\u0105 technologi\u0105 hybrydow\u0105.<\/p>\n<p>Typowe obszary zastosowa\u0144 to wewn\u0119trzne ryglowanie drzwi o wysokiej cz\u0119stotliwo\u015bci w budynkach komercyjnych, szpitalach, szko\u0142ach, zak\u0142adach przemys\u0142owych i budynkach wielorodzinnych, gdzie wymagana jest wysoka niezawodno\u015b\u0107 dzia\u0142ania.<\/p>\n<p>Wskazanie zamkni\u0119cia, ruchu nacisku, stanu drzwi poprzez styk magnetyczny i wskazanie pokr\u0119t\u0142a.<\/p>\n<p>Obrotowy wska\u017anik umo\u017cliwia uruchomienie alarmu w przypadku nieautoryzowanego otwarcia cylindra. SL621 posiada funkcj\u0119 odwrotn\u0105.<\/p>\n<p>SAFETRON SL621 wykorzystuje opatentowan\u0105 technologi\u0119 hybrydow\u0105, kt\u00f3ra umo\u017cliwia zmian\u0119 po\u0142o\u017cenia t\u0142oka.<\/p>\n<p>Oznacza to, \u017ce zamek mo\u017cna stosowa\u0107 razem z blachami zaczepowymi i wn\u0119kami na o\u015bcie\u017cnice, dostosowanymi zar\u00f3wno do serii modu\u0142owej ASSA connect, jak i ASSA classic.<\/p>\n<p>Dotyczy to zar\u00f3wno starszych, jak i nowo wyprodukowanych drzwi. Regulacja po\u0142o\u017cenia t\u0142oka jest \u0142atwa, tak samo prosta, jak w przypadku tradycyjnej zmiany kierunku otwierania.<\/p>\n<p>SAFETRON SL621 mo\u017cna regulowa\u0107 pomi\u0119dzy funkcj\u0105 pojedyncz\u0105, kt\u00f3ra zapewnia aktywacj\u0119 elektryczn\u0105 z obu stron (podw\u00f3jne czytniki kart), a funkcj\u0105 rozdzielon\u0105, co oznacza, \u017ce zewn\u0119trzny przycisk jest sterowany elektrycznie, a wewn\u0119trzny przycisk jest zawsze za\u0142\u0105czany mechanicznie, umo\u017cliwiaj\u0105c w ten spos\u00f3b zawsze wyj\u015bcie mechaniczne.<\/p>\n<p>Dzi\u0119ki zastosowaniu funkcji blokady dzielonej nie ma potrzeby stosowania przycisku otwierania lub kontroli dost\u0119pu wewn\u0105trz.<\/p>\n<div class=\"tabRow\"><span class=\"bold\">Wolta\u017c<\/span>12-24 V pr\u0105du sta\u0142ego (-10%\/+15%)<\/div>\n<div class=\"tabRow\"><span class=\"bold\">Zu\u017cycie energii<\/span>12 V pr\u0105du sta\u0142ego: 70 mA<br \/>\n24 V pr\u0105du sta\u0142ego: 40 mA<\/div>\n<div class=\"tabRow\"><span class=\"bold\">Zakres temperatur<\/span>-20\u00b0C \u2013 +40\u00b0C<\/div>\n<div class=\"tabRow\"><span class=\"bold\">Funkcjonowa\u0107<\/span>Funkcja odwrotna<\/div>\n<div class=\"tabRow\"><span class=\"bold\">Klasyfikacja ogniowa<\/span>Tak (E\/EI 120)<\/div>\n<div class=\"tabRow\"><span class=\"bold\">Sygna\u0142y<\/span>Blokada, ruch przycisku, stan drzwi, cylinder<\/div>","protected":false},"excerpt":{"rendered":"<p>Safetron Ell\u00e5s SL621 Sats Omv\u00e4ndbart l\u00e5shus SAFETRON SL621 i satsf\u00f6rpackning. Satsf\u00f6rpackningen inneh\u00e5ller: Eltryckesl\u00e5s SL621 Anslutningskabel C02 (10m) Karm\u00f6verf\u00f6ring CT81 SAFETRON SL621 \u00e4r n\u00e4sta generationens multifunktionella eltryckesl\u00e5s med split funktion och<\/p>","protected":false},"featured_media":142231,"template":"","meta":{"_acf_changed":false},"product_brand":[],"product_cat":[2429],"product_tag":[2286,2290,4510,4866,4511],"class_list":{"0":"post-149379","1":"product","2":"type-product","3":"status-publish","4":"has-post-thumbnail","6":"product_cat-ellas","7":"product_tag-ellas-eltryckeslas","8":"product_tag-ellas-komplett-sats-kpl","9":"product_tag-rel-safetron-eltryckeslas","10":"product_tag-safetron-20","11":"product_tag-safetron-eltryckeslas","12":"product_shipping_class-tunga-paket","13":"tm-no-options","15":"first","16":"instock","17":"sale","18":"featured","19":"taxable","20":"shipping-taxable","21":"purchasable","22":"product-type-simple"},"acf":[],"_links":{"self":[{"href":"https:\/\/secureus.se\/pl\/wp-json\/wp\/v2\/product\/149379","targetHints":{"allow":["GET"]}}],"collection":[{"href":"https:\/\/secureus.se\/pl\/wp-json\/wp\/v2\/product"}],"about":[{"href":"https:\/\/secureus.se\/pl\/wp-json\/wp\/v2\/types\/product"}],"wp:featuredmedia":[{"embeddable":true,"href":"https:\/\/secureus.se\/pl\/wp-json\/wp\/v2\/media\/142231"}],"wp:attachment":[{"href":"https:\/\/secureus.se\/pl\/wp-json\/wp\/v2\/media?parent=149379"}],"wp:term":[{"taxonomy":"product_brand","embeddable":true,"href":"https:\/\/secureus.se\/pl\/wp-json\/wp\/v2\/product_brand?post=149379"},{"taxonomy":"product_cat","embeddable":true,"href":"https:\/\/secureus.se\/pl\/wp-json\/wp\/v2\/product_cat?post=149379"},{"taxonomy":"product_tag","embeddable":true,"href":"https:\/\/secureus.se\/pl\/wp-json\/wp\/v2\/product_tag?post=149379"}],"curies":[{"name":"wp","href":"https:\/\/api.w.org\/{rel}","templated":true}]}}