{"id":149387,"date":"2022-07-04T07:52:43","date_gmt":"2022-07-04T05:52:43","guid":{"rendered":"https:\/\/secureus.se\/motorlas-6300\/"},"modified":"2026-01-12T13:17:53","modified_gmt":"2026-01-12T12:17:53","slug":"motorlas-6300","status":"publish","type":"product","link":"https:\/\/secureus.se\/pl\/motorlas-6300\/","title":{"rendered":"Zamek silnikowy Safetron 6300"},"content":{"rendered":"<p>Zamek silnikowy 6300 o w\u0105skim profilu zwalnia si\u0119 w ci\u0105gu 0,2 sekundy, dlatego te\u017c w przypadku drzwi cz\u0119sto ucz\u0119szczanych zwykle nie jest wymagana osobna blokada dzienna. Typowe obszary zastosowa\u0144 to zamki dzienne, nocne i zabezpieczaj\u0105ce w handlu, biurach i przemy\u015ble, gdzie stawiane s\u0105 wysokie lub bardzo wysokie wymagania w zakresie bezpiecze\u0144stwa. Zamek silnikowy 6300 przystosowany jest do wsp\u00f3\u0142pracy z automatyk\u0105 drzwiow\u0105.<\/p>\n<p>Jednostka steruj\u0105ca CU2 ma najszerszy zakres zastosowa\u0144 na rynku, a jednocze\u015bnie jest najbardziej przyjazna dla u\u017cytkownika. Dzi\u0119ki CU2 mo\u017cna pod\u0142\u0105czy\u0107 dwa zamki silnikowe bez \u017cadnych ogranicze\u0144 w wymianie sygna\u0142\u00f3w, co oznacza, \u017ce CU2 to w rzeczywisto\u015bci dwie jednostki steruj\u0105ce w jednej. Mo\u017cliwe jest tak\u017ce zaprogramowanie przeka\u017anik\u00f3w AUX pod \u017c\u0105dan\u0105 funkcj\u0119, np.: pe\u0142na kontrola automatyzacji drzwi lub podstawowych funkcji.<\/p>\n<p>Jednostka steruj\u0105ca CU2 posiada funkcj\u0119 automatycznego skanowania, co sprawia, \u017ce instalacja jest typu plug-and-play. Nie jest wymagana inicjacja, natomiast parowanie pomi\u0119dzy urz\u0105dzeniami odbywa si\u0119 automatycznie po up\u0142ywie 12h, wtedy te\u017c cyfrowo w urz\u0105dzeniach ustawiana jest data instalacji, od kt\u00f3rej rozpoczyna si\u0119 bieg okresu gwarancji.<\/p>\n<p>Zar\u00f3wno obudowa zamka, jak i jednostka steruj\u0105ca posiadaj\u0105 wbudowany wy\u015bwietlacz z mo\u017cliwo\u015bci\u0105 nawigacji, kt\u00f3ry umo\u017cliwia dokonanie konfiguracji oraz odczytanie informacji m.in. wydarzenia i daty instalacji.<\/p>\n<p>\u2022 Certyfikowany zgodnie z klas\u0105 zamka SSF-3522 3, 4 i 5 oraz SS-EN 14846 klasa 7<\/p>\n<p>\u2022 Regu\u0142a haka<\/p>\n<p>\u2022 Przystosowany do automatyki bramowej<\/p>\n<p>\u2022 Kabel o d\u0142ugo\u015bci do 100 m<\/p>\n<p>\u2022 Automatyczna inicjalizacja<\/p>\n<p>\u2022 G\u0142\u0119boko\u015b\u0107 trzpienia 35 mm<\/p>\n<p>\u2022 Wy\u0142\u0105cza na 0,2 sekundy<\/p>\n<p>\u2022 Mo\u017cliwo\u015b\u0107 otwarcia za pomoc\u0105 klucza\/pokr\u0119t\u0142a (obr\u00f3t o 90 stopni)<\/p>\n<p>\u2022 Modu\u0142 serwisowy w jednostce steruj\u0105cej<\/p>\n<p>\u2022 Dziennik zdarze\u0144<\/p>\n<p>\u2022 Dziennik kod\u00f3w b\u0142\u0119d\u00f3w<\/p>\n<p>\u2022 Po\u0142\u0105czenie szeregowe, maksymalnie dwa zamki silnikowe do jednostki steruj\u0105cej<\/p>\n<p>\u2022 Napi\u0119cie: 10-48VDC, 8-35VAC, 60-300 mA<\/p>\n<p>\u2022 Temperatura: -30\u00b0C do +70\u00b0C<\/p>\n<p>\u2022 Pasuje do skandynawskich cylindr\u00f3w owalnych i okr\u0105g\u0142ych<\/p>","protected":false},"excerpt":{"rendered":"<p>Motorl\u00e5s 6300 i smalprofilutf\u00f6rande fr\u00e5nreglar under 0.2 sekunder och d\u00e4rf\u00f6r beh\u00f6vs normalt sett inget separat dagl\u00e5s p\u00e5 h\u00f6gfrekventa d\u00f6rrar. Typiska anv\u00e4ndningsomr\u00e5den \u00e4r dag-, natt- och s\u00e4kerhetsl\u00e5sning inom handel, kontor och<\/p>","protected":false},"featured_media":142821,"template":"","meta":{"_acf_changed":false},"product_brand":[],"product_cat":[2874],"product_tag":[4542,4500,4866,4501],"class_list":{"0":"post-149387","1":"product","2":"type-product","3":"status-publish","4":"has-post-thumbnail","6":"product_cat-motorlas","7":"product_tag-panikutrymning-nej","8":"product_tag-rel-safetron-motorlas","9":"product_tag-safetron-20","10":"product_tag-safetron-motorlas","11":"product_shipping_class-tunga-paket","12":"pa_brands-7safetron","13":"tm-no-options","15":"first","16":"instock","17":"sale","18":"featured","19":"taxable","20":"shipping-taxable","21":"purchasable","22":"product-type-simple"},"acf":[],"_links":{"self":[{"href":"https:\/\/secureus.se\/pl\/wp-json\/wp\/v2\/product\/149387","targetHints":{"allow":["GET"]}}],"collection":[{"href":"https:\/\/secureus.se\/pl\/wp-json\/wp\/v2\/product"}],"about":[{"href":"https:\/\/secureus.se\/pl\/wp-json\/wp\/v2\/types\/product"}],"wp:featuredmedia":[{"embeddable":true,"href":"https:\/\/secureus.se\/pl\/wp-json\/wp\/v2\/media\/142821"}],"wp:attachment":[{"href":"https:\/\/secureus.se\/pl\/wp-json\/wp\/v2\/media?parent=149387"}],"wp:term":[{"taxonomy":"product_brand","embeddable":true,"href":"https:\/\/secureus.se\/pl\/wp-json\/wp\/v2\/product_brand?post=149387"},{"taxonomy":"product_cat","embeddable":true,"href":"https:\/\/secureus.se\/pl\/wp-json\/wp\/v2\/product_cat?post=149387"},{"taxonomy":"product_tag","embeddable":true,"href":"https:\/\/secureus.se\/pl\/wp-json\/wp\/v2\/product_tag?post=149387"}],"curies":[{"name":"wp","href":"https:\/\/api.w.org\/{rel}","templated":true}]}}