{"id":149390,"date":"2022-07-04T09:59:11","date_gmt":"2022-07-04T07:59:11","guid":{"rendered":"https:\/\/secureus.se\/styrenhet-motorlas-tc-cu2\/"},"modified":"2026-01-12T13:19:49","modified_gmt":"2026-01-12T12:19:49","slug":"styrenhet-motorlas-tc-cu2","status":"publish","type":"product","link":"https:\/\/secureus.se\/pl\/styrenhet-motorlas-tc-cu2\/","title":{"rendered":"Jednostka steruj\u0105ca blokady silnika TC CU2"},"content":{"rendered":"<p>Jednostka steruj\u0105ca TC CU2 ma najszerszy zakres zastosowa\u0144 na rynku, a jednocze\u015bnie jest najbardziej przyjazna dla u\u017cytkownika. Za pomoc\u0105 TC CU2 mo\u017cna pod\u0142\u0105czy\u0107 dwa zamki silnikowe bez \u017cadnych ogranicze\u0144 w wymianie sygna\u0142\u00f3w, co oznacza, \u017ce TC CU2 to w rzeczywisto\u015bci dwie jednostki steruj\u0105ce w jednej. Mo\u017cliwe jest tak\u017ce zaprogramowanie przeka\u017anik\u00f3w AUX pod \u017c\u0105dan\u0105 funkcj\u0119, np.: pe\u0142na kontrola nad podstawowymi funkcjami. <\/p>\n<p>Jednostka steruj\u0105ca TC CU2 posiada funkcj\u0119 automatycznego skanowania, co sprawia, \u017ce instalacja jest typu plug-and-play. Nie jest wymagana inicjacja, natomiast parowanie pomi\u0119dzy urz\u0105dzeniami odbywa si\u0119 automatycznie po up\u0142ywie 12h, w\u00f3wczas w urz\u0105dzeniach ustawiana jest r\u00f3wnie\u017c cyfrowo data instalacji, od kt\u00f3rej rozpoczyna si\u0119 bieg okresu gwarancji. <\/p>\n<p>TC CU2 komunikuje si\u0119 przy u\u017cyciu 128-bitowego szyfrowania i umo\u017cliwia stosowanie kabli o d\u0142ugo\u015bci do 100 metr\u00f3w pomi\u0119dzy obudow\u0105 zamka a jednostk\u0105 steruj\u0105c\u0105. Otwiera to nowe mo\u017cliwo\u015bci instalowania jednostek steruj\u0105cych w chronionych \u015brodowiskach, takich jak centra zasilania lub serwerownie. <\/p>\n<p>Dost\u0119pna jest mo\u017cliwo\u015b\u0107 pod\u0142\u0105czenia dw\u00f3ch zamk\u00f3w silnikowych do TC CU2. U\u017cyj dw\u00f3ch zamk\u00f3w silnikowych w tych samych lub w oddzielnych drzwiach. Dedykowane sekcje przeka\u017anik\u00f3w odpowiednio dla zamka 1 i zamka 2. Przy monta\u017cu dw\u00f3ch zamk\u00f3w silnikowych zapewniona jest taka sama wymiana sygna\u0142\u00f3w.<\/p>\n<p>\u2022 Blokada wej\u015b\u0107 1: Aktywacja, Zewn\u0119trzny styk magnetyczny drzwi<br \/>\n<br \/>\n\u2022 Blokada wej\u015b\u0107 2: Aktywacja, Zewn\u0119trzny styk magnetyczny drzwi<br \/>\n<br \/>\n\u2022 Blokada wyj\u015b\u0107 1: Wykluczenie\/wej\u015bcie, Drzwi otwarte\/zamkni\u0119te, Impuls, Alarm<br \/>\n<br \/>\n\u2022 Blokada wyj\u015b\u0107 2: Wykluczenie\/wej\u015bcie, Drzwi otwarte\/zamkni\u0119te, Impuls, Alarm<\/p>\n<p>\u2022 10\u201348 V pr\u0105du sta\u0142ego<br \/>\n<br \/>\n\u2022 Technologia TwoCom BUS<br \/>\n<br \/>\n\u2022 Programowalne przeka\u017aniki AUX (np. automatyczne sterowanie drzwiami, podstawowe funkcje)<br \/>\n<br \/>\n\u2022 Po\u0142\u0105czenie szeregowe, maksymalnie dwie blokady silnika z TC CU2<br \/>\n<br \/>\n\u2022 Automatyczna inicjalizacja urz\u0105dze\u0144<br \/>\n<br \/>\n\u2022 Ka\u017cde wyj\u015bcie przeka\u017anikowe mo\u017cna indywidualnie ustawi\u0107 na NO lub NC za pomoc\u0105 zworki zwieraj\u0105cej<br \/>\n<br \/>\n\u2022 Dioda LED na ka\u017cdym indywidualnym wyj\u015bciu przeka\u017anikowym wskazuj\u0105ca aktywacj\u0119<br \/>\n<br \/>\n\u2022 Dziennik zdarze\u0144<br \/>\n<br \/>\n\u2022 Zarz\u0105dzanie kodami b\u0142\u0119d\u00f3w poprzez wy\u015bwietlacz<br \/>\n<br \/>\n\u2022 Modu\u0142 serwisowy<br \/>\n<br \/>\n\u2022 Obs\u0142uguje d\u0142ugie kable, do 100 metr\u00f3w pomi\u0119dzy obudow\u0105 zamka a jednostk\u0105 steruj\u0105c\u0105<br \/>\n<br \/>\n\u2022 Niski pob\u00f3r mocy (&gt;1W w trybie gotowo\u015bci)<br \/>\n<br \/>\n\u2022 Razem z zamkami silnikowymi serii 6000, SSF-3522 spe\u0142nia klas\u0119 zamk\u00f3w 3, 4 i 5<\/p>","protected":false},"excerpt":{"rendered":"<p>Styrenhet TC CU2 har marknadens bredaste anv\u00e4ndningsomr\u00e5de samtidigt som den ocks\u00e5 \u00e4r mest anv\u00e4ndarv\u00e4nlig. Med TC CU2 kan tv\u00e5 motorl\u00e5s anslutas utan n\u00e5gon begr\u00e4nsning i signalutbyte, detta inneb\u00e4r att TC<\/p>","protected":false},"featured_media":142212,"template":"","meta":{"_acf_changed":false},"product_brand":[],"product_cat":[2834],"product_tag":[4508,4866,4452],"class_list":{"0":"post-149390","1":"product","2":"type-product","3":"status-publish","4":"has-post-thumbnail","6":"product_cat-ellas-motorlastillbehor","7":"product_tag-ellas-tillbehor-styrenheter","8":"product_tag-safetron-20","9":"product_tag-safetron-tillbehor-motorlas-6000-serien","10":"product_shipping_class-tunga-paket","11":"pa_brands-7safetron","12":"tm-no-options","14":"first","15":"instock","16":"featured","17":"taxable","18":"shipping-taxable","19":"purchasable","20":"product-type-simple"},"acf":[],"_links":{"self":[{"href":"https:\/\/secureus.se\/pl\/wp-json\/wp\/v2\/product\/149390","targetHints":{"allow":["GET"]}}],"collection":[{"href":"https:\/\/secureus.se\/pl\/wp-json\/wp\/v2\/product"}],"about":[{"href":"https:\/\/secureus.se\/pl\/wp-json\/wp\/v2\/types\/product"}],"wp:featuredmedia":[{"embeddable":true,"href":"https:\/\/secureus.se\/pl\/wp-json\/wp\/v2\/media\/142212"}],"wp:attachment":[{"href":"https:\/\/secureus.se\/pl\/wp-json\/wp\/v2\/media?parent=149390"}],"wp:term":[{"taxonomy":"product_brand","embeddable":true,"href":"https:\/\/secureus.se\/pl\/wp-json\/wp\/v2\/product_brand?post=149390"},{"taxonomy":"product_cat","embeddable":true,"href":"https:\/\/secureus.se\/pl\/wp-json\/wp\/v2\/product_cat?post=149390"},{"taxonomy":"product_tag","embeddable":true,"href":"https:\/\/secureus.se\/pl\/wp-json\/wp\/v2\/product_tag?post=149390"}],"curies":[{"name":"wp","href":"https:\/\/api.w.org\/{rel}","templated":true}]}}