{"id":149395,"date":"2022-07-04T10:04:07","date_gmt":"2022-07-04T08:04:07","guid":{"rendered":"https:\/\/secureus.se\/relakort-rec\/"},"modified":"2025-09-25T17:52:42","modified_gmt":"2025-09-25T15:52:42","slug":"relakort-rec","status":"publish","type":"product","link":"https:\/\/secureus.se\/pl\/relakort-rec\/","title":{"rendered":"Karta przeka\u017anikowa Safetron REC"},"content":{"rendered":"<p>SAFETRON REC to karta przeka\u017anikowa, kt\u00f3ra obs\u0142uguje ponowne zaj\u0119cie w po\u0142\u0105czeniu z SAFETRON SL621 lub SAFETRON SL630, gdy s\u0105 one u\u017cywane z armatur\u0105 ewakuacyjn\u0105 794. <\/p>\n<p>Funkcja ci\u015bnienia w SL621 i SL630 pe\u0142ni odwrotn\u0105 funkcj\u0119 i w ten spos\u00f3b aktywuje ponown\u0105 obudow\u0119 poprzez obni\u017cenie napi\u0119cia do otoczenia drzwi. Awaria mo\u017ce nast\u0105pi\u0107 poprzez aktywacj\u0119 alarmu po\u017carowego lub aktywacj\u0119 oprawy awaryjnej 794, kt\u00f3ra jest pod\u0142\u0105czona do SAFETRON REC. <\/p>\n<p>Za\u0142\u0105czenie ci\u015bnienia odbywa si\u0119 poprzez kart\u0119 przeka\u017anik\u00f3w REC, mikroprze\u0142\u0105cznik awaryjnego urz\u0105dzenia ewakuacyjnego jest pod\u0142\u0105czony do karty przeka\u017anik\u00f3w. Po uruchomieniu awaryjnego okucia ewakuacyjnego nast\u0119puje prze\u0142\u0105czenie przeka\u017anika zatrzaskowego, kt\u00f3ry przerywa napi\u0119cie na ci\u015bnienie, kt\u00f3re nast\u0119pnie jest umieszczane w mechanicznie po\u0142\u0105czonej pozycji, umo\u017cliwiaj\u0105c w ten spos\u00f3b ponowne zaj\u0119cie. <\/p>\n<p>Reset odbywa si\u0119 poprzez bezpotencja\u0142owe pod\u0142\u0105czenie do p\u0142ytki przeka\u017anik\u00f3w. SAFETRON REC posiada wyj\u015bcia alarmowe NO\/NC sygnalizuj\u0105ce aktywacj\u0119 zmiany obudowy.<\/p>","protected":false},"excerpt":{"rendered":"<p>SAFETRON REC \u00e4r ett rel\u00e4kort vilket hanterar \u00e5terinrymning i kombination med SAFETRON SL621 eller SAFETRON SL630 n\u00e4r dessa anv\u00e4nds med n\u00f6dutrymningsbeslag 794. Tryckesfunktionen i SL621 och SL630 har omv\u00e4nd funktion<\/p>","protected":false},"featured_media":141950,"template":"","meta":{"_acf_changed":false},"product_brand":[],"product_cat":[2834],"product_tag":[4508,4866,4505],"class_list":{"0":"post-149395","1":"product","2":"type-product","3":"status-publish","4":"has-post-thumbnail","6":"product_cat-ellas-motorlastillbehor","7":"product_tag-ellas-tillbehor-styrenheter","8":"product_tag-safetron-20","9":"product_tag-safetron-tillbehor-600-serien","10":"product_shipping_class-tunga-paket","11":"pa_brands-7safetron","12":"tm-no-options","14":"first","15":"instock","16":"sale","17":"featured","18":"taxable","19":"shipping-taxable","20":"purchasable","21":"product-type-simple"},"acf":[],"_links":{"self":[{"href":"https:\/\/secureus.se\/pl\/wp-json\/wp\/v2\/product\/149395","targetHints":{"allow":["GET"]}}],"collection":[{"href":"https:\/\/secureus.se\/pl\/wp-json\/wp\/v2\/product"}],"about":[{"href":"https:\/\/secureus.se\/pl\/wp-json\/wp\/v2\/types\/product"}],"wp:featuredmedia":[{"embeddable":true,"href":"https:\/\/secureus.se\/pl\/wp-json\/wp\/v2\/media\/141950"}],"wp:attachment":[{"href":"https:\/\/secureus.se\/pl\/wp-json\/wp\/v2\/media?parent=149395"}],"wp:term":[{"taxonomy":"product_brand","embeddable":true,"href":"https:\/\/secureus.se\/pl\/wp-json\/wp\/v2\/product_brand?post=149395"},{"taxonomy":"product_cat","embeddable":true,"href":"https:\/\/secureus.se\/pl\/wp-json\/wp\/v2\/product_cat?post=149395"},{"taxonomy":"product_tag","embeddable":true,"href":"https:\/\/secureus.se\/pl\/wp-json\/wp\/v2\/product_tag?post=149395"}],"curies":[{"name":"wp","href":"https:\/\/api.w.org\/{rel}","templated":true}]}}