{"id":149397,"date":"2022-07-04T07:53:34","date_gmt":"2022-07-04T05:53:34","guid":{"rendered":"https:\/\/secureus.se\/motorlas-6600-halvsats-2\/"},"modified":"2026-01-12T13:19:25","modified_gmt":"2026-01-12T12:19:25","slug":"motorlas-6600-halvsats-2","status":"publish","type":"product","link":"https:\/\/secureus.se\/pl\/motorlas-6600-halvsats-2\/","title":{"rendered":"Blokada silnika Safetron 6600 w po\u0142owie kompletu"},"content":{"rendered":"<p>SAFETRON 6600 w opakowaniu p\u00f3\u0142zestawowym. Zestaw zawiera: zamek silnikowy 6600, kabel po\u0142\u0105czeniowy C06 (10 m), p\u0142ytk\u0119 ko\u0144cow\u0105 107-2 i transfer ramy CT81.<\/p>\n<p>SAFETRON 6600 to najbardziej kompletny zamek silnikowy na rynku z nowoczesnym rozmieszczeniem t\u0142oka - identycznym jak zamki z serii ASSA connect. Oznacza to, \u017ce elektrozamek jest dostosowany do nowoczesnych wn\u0119k drzwiowych, niezale\u017cnie od tego, czy s\u0105 to p\u0142yty ko\u0144cowe sta\u0142e, czy wymienne. SAFETRON 6600 rozbraja si\u0119 w ci\u0105gu 0,1 sekundy i dlatego w przypadku drzwi o du\u017cej cz\u0119stotliwo\u015bci zwykle nie jest wymagana osobna blokada dzienna.<\/p>\n<p>Typowe obszary zastosowa\u0144 to zamki dzienne, nocne i zabezpieczaj\u0105ce w handlu, biurach i przemy\u015ble oraz tam, gdzie stawiane s\u0105 bardzo wysokie wymagania w zakresie bezpiecze\u0144stwa. Zamki silnikowe s\u0105 certyfikowane zgodnie z klas\u0105 zamka SSF-3522 2B, 3, 4 i 5 oraz SS-EN 14846 klasa 7.<\/p>\n<p>SAFETRON 6600 mo\u017cna stosowa\u0107 na drogach ewakuacyjnych razem z akcesoriami ewakuacyjnymi SAFETRON 796 zgodnymi z europejsk\u0105 norm\u0105 SS-EN 179:2008 oraz SSF 3522 klasa 2B.<\/p>\n<p>Seria SAFETRON 6000 oferuje zintegrowan\u0105 kontrol\u0119 nad kilkoma g\u0142\u00f3wnymi dostawcami system\u00f3w dost\u0119pu na rynku. Oznacza to, \u017ce zamki elektromotoryczne mo\u017cna pod\u0142\u0105czy\u0107 bezpo\u015brednio do centrali drzwiowej systemu dost\u0119pu bez jednostki steruj\u0105cej, a nast\u0119pnie mo\u017cna je skonfigurowa\u0107 za pomoc\u0105 oprogramowania systemu dost\u0119pu, co zapewnia uproszczon\u0105 instalacj\u0119 i bardziej ekonomiczne \u015brodowisko drzwi. Je\u015bli chcesz pod\u0142\u0105czy\u0107 zamek silnikowy zintegrowany z systemem dost\u0119pu lub je\u015bli z jednostk\u0105 steruj\u0105c\u0105 maj\u0105 by\u0107 u\u017cywane dwa zamki silnikowe, wybierz p\u00f3\u0142zestaw.<\/p>\n<p>SAFETRON 6600 ma wzmocniony t\u0142ok steruj\u0105cy hakiem i jest dopuszczony przez g\u0142\u00f3wnych producent\u00f3w drzwi do drzwi RC3 i RC4. Zamki silnikowe serii 6000 wykorzystuj\u0105 128-bitowe szyfrowanie dla maksymalnego bezpiecze\u0144stwa i umo\u017cliwiaj\u0105 stosowanie kabli o d\u0142ugo\u015bci do 100 metr\u00f3w mi\u0119dzy blokad\u0105 silnika a jednostk\u0105 steruj\u0105c\u0105. Oznacza to, \u017ce jednostk\u0119 steruj\u0105c\u0105 mo\u017cna instalowa\u0107 w \u015brodowiskach chronionych, takich jak centra zasilania lub serwerownie.<\/p>\n<p>\u2022 Certyfikowany zgodnie z klas\u0105 zamka SSF-3522 2B, 3, 4 i 5 oraz SS-EN 14846 klasa 7<br \/>\n\u2022 G\u0142\u0119boko\u015b\u0107 trzpienia 50 mm<br \/>\n\u2022 Wzmocniony trzpie\u0144 przymiaru hakowego<br \/>\n\u2022 T\u0142ok opadaj\u0105cy<br \/>\n\u2022 Certyfikat przeciwpo\u017carowy: 120 min<br \/>\n\u2022 Zintegrowana kontrola system\u00f3w dost\u0119pu<br \/>\n\u2022 Umiejscowienie t\u0142oka takie samo jak w przypadku po\u0142\u0105czenia ASSA<br \/>\n\u2022 Szybko\u015b\u0107 otwierania: 0,1 sekundy<br \/>\n\u2022 Mo\u017cliwo\u015b\u0107 otwarcia za pomoc\u0105 klucza\/pokr\u0119t\u0142a (obr\u00f3t o 90 stopni)<br \/>\n\u2022 Ewakuacja awaryjna\/ponowne zakwaterowanie wraz z akcesoriami do ewakuacji awaryjnej 796<br \/>\n\u2022 Automatyczna inicjalizacja<br \/>\n\u2022 Dziennik zdarze\u0144<br \/>\n\u2022 Po\u0142\u0105czenie szeregowe, maksymalnie dwa zamki silnikowe do jednostki steruj\u0105cej<\/p>","protected":false},"excerpt":{"rendered":"<p>SAFETRON 6600 i halvsatsf\u00f6rpackning. Satsf\u00f6rpackningen inneh\u00e5ller: motorl\u00e5s 6600, anslutningskabel C06 (10m), slutbleck 107-2 samt karm\u00f6verf\u00f6ring CT81. SAFETRON 6600 \u00e4r marknadens mest kompletta motorl\u00e5s med modern kolvplacering &#8211; identisk med med<\/p>","protected":false},"featured_media":142798,"template":"","meta":{"_acf_changed":false},"product_brand":[],"product_cat":[2874],"product_tag":[4512,4546,4500,4866,4501],"class_list":{"0":"post-149397","1":"product","2":"type-product","3":"status-publish","4":"has-post-thumbnail","6":"product_cat-motorlas","7":"product_tag-motorlas-komplett-kpl","8":"product_tag-panikutrymning-ja","9":"product_tag-rel-safetron-motorlas","10":"product_tag-safetron-20","11":"product_tag-safetron-motorlas","12":"product_shipping_class-tunga-paket","13":"pa_brands-7safetron","14":"tm-no-options","16":"first","17":"instock","18":"sale","19":"featured","20":"taxable","21":"shipping-taxable","22":"purchasable","23":"product-type-simple"},"acf":[],"_links":{"self":[{"href":"https:\/\/secureus.se\/pl\/wp-json\/wp\/v2\/product\/149397","targetHints":{"allow":["GET"]}}],"collection":[{"href":"https:\/\/secureus.se\/pl\/wp-json\/wp\/v2\/product"}],"about":[{"href":"https:\/\/secureus.se\/pl\/wp-json\/wp\/v2\/types\/product"}],"wp:featuredmedia":[{"embeddable":true,"href":"https:\/\/secureus.se\/pl\/wp-json\/wp\/v2\/media\/142798"}],"wp:attachment":[{"href":"https:\/\/secureus.se\/pl\/wp-json\/wp\/v2\/media?parent=149397"}],"wp:term":[{"taxonomy":"product_brand","embeddable":true,"href":"https:\/\/secureus.se\/pl\/wp-json\/wp\/v2\/product_brand?post=149397"},{"taxonomy":"product_cat","embeddable":true,"href":"https:\/\/secureus.se\/pl\/wp-json\/wp\/v2\/product_cat?post=149397"},{"taxonomy":"product_tag","embeddable":true,"href":"https:\/\/secureus.se\/pl\/wp-json\/wp\/v2\/product_tag?post=149397"}],"curies":[{"name":"wp","href":"https:\/\/api.w.org\/{rel}","templated":true}]}}