{"id":149402,"date":"2022-07-04T07:49:46","date_gmt":"2022-07-04T05:49:46","guid":{"rendered":"https:\/\/secureus.se\/motorlas-5328-kpl\/"},"modified":"2026-01-12T13:16:32","modified_gmt":"2026-01-12T12:16:32","slug":"motorlas-5328-kpl","status":"publish","type":"product","link":"https:\/\/secureus.se\/pl\/motorlas-5328-kpl\/","title":{"rendered":"Blokada silnika Safetron 5328 kpl"},"content":{"rendered":"<p>Zamek silnikowy SAFETRON 5328 w opakowaniu zestawu. Zestaw zawiera: zamek silnikowy 5328, jednostk\u0119 steruj\u0105c\u0105 5000, kabel po\u0142\u0105czeniowy C01 (10 m), p\u0142ytk\u0119 ko\u0144cow\u0105 102 i transfer ramy CT81.<\/p>\n<p>Zamek silnikowy SAFETRON 5328 o w\u0105skim profilu zwalnia si\u0119 w ci\u0105gu 0,3 sekundy, dlatego w przypadku drzwi cz\u0119sto ucz\u0119szczanych zwykle nie jest wymagana osobna blokada dzienna. Elektrozamek doskonale wsp\u00f3\u0142pracuje z automatami do drzwi.<\/p>\n<p>Typowe obszary zastosowa\u0144 to zamki dzienne, nocne i zabezpieczaj\u0105ce w handlu, biurach i przemy\u015ble. Zamek spe\u0142nia wymagania odpowiadaj\u0105ce klasie zamka SS 3079 3. Zamek silnikowy wyposa\u017cony jest we wzmocniony prosty t\u0142ok zapewniaj\u0105cy maksymaln\u0105 wytrzyma\u0142o\u015b\u0107.<\/p>\n<p>\u2022 G\u0142\u0119boko\u015b\u0107 trzpienia: 28 mm<\/p>\n<p>\u2022 T\u0142ok z przymiarem hakowym<\/p>\n<p>\u2022 Rozbraja si\u0119 na 0,3 sekundy<\/p>\n<p>\u2022 Przystosowany do automatyki bramowej<\/p>\n<p>\u2022 Certyfikowany zgodnie z norm\u0105 SS-EN 14846<\/p>\n<p>Jednostka steruj\u0105ca posiada podw\u00f3jne rz\u0119dy zacisk\u00f3w (NC\/NO) i nast\u0119puj\u0105c\u0105 funkcj\u0119 przeka\u017anika:<\/p>\n<p>\u2022 Bezpotencja\u0142owy impuls otwarcia<\/p>\n<p>\u2022 Timer\/otwarcie awaryjne<\/p>\n<p>\u2022 Zewn\u0119trzny magnes na drzwi<\/p>\n<p>\u2022 Alarm<\/p>\n<p>\u2022 Drzwi zamkni\u0119te<\/p>\n<p>\u2022 Wyklucz<\/p>\n<p>\u2022 Ustawianie czasu otwarcia 1-25 s<\/p>\n<p>\u2022 Alarm w przypadku utraty kabla<\/p>\n<p>\u2022 Napi\u0119cie impulsowe otwarcia<\/p>\n<p>\u2022 Blokada dzienna<\/p>\n<p>\u2022 Drzwi otwarte<\/p>\n<p>\u2022 Funkcja pokr\u0119t\u0142a alarmu<\/p>\n<p>\u2022 Rz\u0105d\u017a wewn\u0105trz<\/p>\n<p>\u2022 Sygna\u0142 impulsowy<\/p>\n<p>\u2022 Napi\u0119cie: 10-35 VDC\/ 8-24 VAC<\/p>\n<p>\u2022 Pob\u00f3r pr\u0105du: 50-350 mA<\/p>","protected":false},"excerpt":{"rendered":"<p>SAFETRON motorl\u00e5s 5328 i satsf\u00f6rpackning. Satsf\u00f6rpackningen inneh\u00e5ller: motorl\u00e5s 5328, styrenhet 5000, anslutningskabel C01 (10m), slutbleck 102 samt karm\u00f6verf\u00f6ring CT81. SAFETRON motorl\u00e5s 5328 i smalprofilutf\u00f6rande fr\u00e5nreglar under 0.3 sekunder och d\u00e4rf\u00f6r<\/p>","protected":false},"featured_media":142119,"template":"","meta":{"_acf_changed":false},"product_brand":[],"product_cat":[2874],"product_tag":[4512,4500,4866,4511],"class_list":{"0":"post-149402","1":"product","2":"type-product","3":"status-publish","4":"has-post-thumbnail","6":"product_cat-motorlas","7":"product_tag-motorlas-komplett-kpl","8":"product_tag-rel-safetron-motorlas","9":"product_tag-safetron-20","10":"product_tag-safetron-eltryckeslas","11":"product_shipping_class-tunga-paket","12":"pa_brands-7safetron","13":"tm-no-options","15":"first","16":"instock","17":"sale","18":"featured","19":"taxable","20":"shipping-taxable","21":"purchasable","22":"product-type-simple"},"acf":[],"_links":{"self":[{"href":"https:\/\/secureus.se\/pl\/wp-json\/wp\/v2\/product\/149402","targetHints":{"allow":["GET"]}}],"collection":[{"href":"https:\/\/secureus.se\/pl\/wp-json\/wp\/v2\/product"}],"about":[{"href":"https:\/\/secureus.se\/pl\/wp-json\/wp\/v2\/types\/product"}],"wp:featuredmedia":[{"embeddable":true,"href":"https:\/\/secureus.se\/pl\/wp-json\/wp\/v2\/media\/142119"}],"wp:attachment":[{"href":"https:\/\/secureus.se\/pl\/wp-json\/wp\/v2\/media?parent=149402"}],"wp:term":[{"taxonomy":"product_brand","embeddable":true,"href":"https:\/\/secureus.se\/pl\/wp-json\/wp\/v2\/product_brand?post=149402"},{"taxonomy":"product_cat","embeddable":true,"href":"https:\/\/secureus.se\/pl\/wp-json\/wp\/v2\/product_cat?post=149402"},{"taxonomy":"product_tag","embeddable":true,"href":"https:\/\/secureus.se\/pl\/wp-json\/wp\/v2\/product_tag?post=149402"}],"curies":[{"name":"wp","href":"https:\/\/api.w.org\/{rel}","templated":true}]}}