{"id":149414,"date":"2022-07-04T10:07:01","date_gmt":"2022-07-04T08:07:01","guid":{"rendered":"https:\/\/secureus.se\/slutbleck-106-6\/"},"modified":"2025-12-31T20:20:30","modified_gmt":"2025-12-31T19:20:30","slug":"slutbleck-106-6","status":"publish","type":"product","link":"https:\/\/secureus.se\/pl\/slutbleck-106-6\/","title":{"rendered":"P\u0142yta ko\u0144cowa 106-6"},"content":{"rendered":"<h1>P\u0142yta ko\u0144cowa 106-6<\/h1>\n<p class=\"\" data-start=\"261\" data-end=\"808\">Blacha zaczepowa 106-6 przeznaczona jest do stosowania w systemie profili SAPA 2086 i jest kompatybilna z zamkami silnikowymi serii 5000 i 6000, a tak\u017ce z zamkami elektrycznymi z przyciskiem SAFETRON.<\/p>\n<p class=\"\" data-start=\"261\" data-end=\"808\">Posiada regulowany mostek, co oznacza, \u017ce do tej p\u0142ytki zaczepowej pasuj\u0105 zar\u00f3wno zamki ASSA connect, jak i klasyczne gniazda t\u0142okowe.<\/p>\n<p class=\"\" data-start=\"261\" data-end=\"808\">W komplecie z regulowanym magnesem. Produkt wykonany ze stali nierdzewnej, co zapewnia trwa\u0142o\u015b\u0107 i d\u0142ug\u0105 \u017cywotno\u015b\u0107.<\/p>\n<p class=\"\" data-start=\"261\" data-end=\"808\">Dzi\u0119ki szeroko\u015bci 58 mm, d\u0142ugo\u015bci 200 mm i g\u0142\u0119boko\u015bci 27 mm idealnie nadaje si\u0119 do wielu rozwi\u0105za\u0144 drzwiowych, w kt\u00f3rych wa\u017cne jest zar\u00f3wno bezpiecze\u0144stwo, jak i funkcjonalno\u015b\u0107.<\/p>\n<p class=\"\" data-start=\"810\" data-end=\"827\"><strong data-start=\"810\" data-end=\"824\">Charakterystyka<\/strong>:<\/p>\n<ul data-start=\"828\" data-end=\"1099\">\n<li class=\"\" data-start=\"828\" data-end=\"867\">\n<p class=\"\" data-start=\"830\" data-end=\"867\">Dostosowany do systemu profili SAPA 2086<\/p>\n<\/li>\n<li class=\"\" data-start=\"868\" data-end=\"946\">\n<p class=\"\" data-start=\"870\" data-end=\"946\">Kompatybilny z zamkami silnikowymi serii 5000 i 6000 oraz elektrycznymi zamkami przyciskowymi SAFETRON<\/p>\n<\/li>\n<li class=\"\" data-start=\"947\" data-end=\"1012\">\n<p class=\"\" data-start=\"949\" data-end=\"1012\">Regulowany mostek do monta\u017cu ASSA connect i klasycznych t\u0142ok\u00f3w<\/p>\n<\/li>\n<li class=\"\" data-start=\"1013\" data-end=\"1047\">\n<p class=\"\" data-start=\"1015\" data-end=\"1047\">W zestawie z regulowanym magnesem<\/p>\n<\/li>\n<li class=\"\" data-start=\"1048\" data-end=\"1099\">\n<p class=\"\" data-start=\"1050\" data-end=\"1099\">Wykonany ze stali nierdzewnej dla zapewnienia d\u0142ugiej trwa\u0142o\u015bci<\/p>\n<\/li>\n<\/ul>\n<p class=\"\" data-start=\"1101\" data-end=\"1120\"><strong data-start=\"1101\" data-end=\"1117\">Dane techniczne<\/strong>:<\/p>\n<ul data-start=\"1121\" data-end=\"1339\">\n<li class=\"\" data-start=\"1121\" data-end=\"1141\">\n<p class=\"\" data-start=\"1123\" data-end=\"1141\"><strong data-start=\"1123\" data-end=\"1132\">Szeroko\u015b\u0107<\/strong>: 58mm<\/p>\n<\/li>\n<li class=\"\" data-start=\"1142\" data-end=\"1163\">\n<p class=\"\" data-start=\"1144\" data-end=\"1163\"><strong data-start=\"1144\" data-end=\"1153\">D\u0142ugo\u015b\u0107<\/strong>: 200mm<\/p>\n<\/li>\n<li class=\"\" data-start=\"1164\" data-end=\"1183\">\n<p class=\"\" data-start=\"1166\" data-end=\"1183\"><strong data-start=\"1166\" data-end=\"1174\">G\u0142\u0119boko\u015b\u0107<\/strong>: 27mm<\/p>\n<\/li>\n<li class=\"\" data-start=\"1184\" data-end=\"1209\">\n<p class=\"\" data-start=\"1186\" data-end=\"1209\"><strong data-start=\"1186\" data-end=\"1198\">Miara j\u0119zyka<\/strong>: 27,5 mm<\/p>\n<\/li>\n<li class=\"\" data-start=\"1210\" data-end=\"1242\">\n<p class=\"\" data-start=\"1212\" data-end=\"1242\"><strong data-start=\"1212\" data-end=\"1224\">Tworzywo<\/strong>:Stal nierdzewna<\/p>\n<\/li>\n<li class=\"\" data-start=\"1243\" data-end=\"1339\">\n<p class=\"\" data-start=\"1245\" data-end=\"1339\"><strong data-start=\"1245\" data-end=\"1263\">Zgodno\u015b\u0107<\/strong>:System profili SAPA 2086, zamek silnikowy seria 5000\/6000, elektryczny zamek wciskany SAFETRON<\/p>\n<\/li>\n<\/ul>","protected":false},"excerpt":{"rendered":"<p>P\u0142ytka ko\u0144cowa 106-6 do systemu profili SAPA 2086, z regulowanym mostkiem i magnesem.<\/p>\n<p>Kompatybilny z zamkami silnikowymi serii 5000\/6000 i elektrycznymi zamkami przyciskowymi SAFETRON.<\/p>","protected":false},"featured_media":142384,"template":"","meta":{"_acf_changed":false},"product_brand":[],"product_cat":[3355],"product_tag":[4504,4866,4503],"class_list":{"0":"post-149414","1":"product","2":"type-product","3":"status-publish","4":"has-post-thumbnail","6":"product_cat-elslutbleck","7":"product_tag-ellas-tillbehor-slutbleck","8":"product_tag-safetron-20","9":"product_tag-safetron-tillbehor-motorlas-5000-serien","10":"product_shipping_class-tunga-paket","11":"pa_brands-7safetron","12":"tm-no-options","14":"first","15":"instock","16":"featured","17":"taxable","18":"shipping-taxable","19":"purchasable","20":"product-type-simple"},"acf":[],"_links":{"self":[{"href":"https:\/\/secureus.se\/pl\/wp-json\/wp\/v2\/product\/149414","targetHints":{"allow":["GET"]}}],"collection":[{"href":"https:\/\/secureus.se\/pl\/wp-json\/wp\/v2\/product"}],"about":[{"href":"https:\/\/secureus.se\/pl\/wp-json\/wp\/v2\/types\/product"}],"wp:featuredmedia":[{"embeddable":true,"href":"https:\/\/secureus.se\/pl\/wp-json\/wp\/v2\/media\/142384"}],"wp:attachment":[{"href":"https:\/\/secureus.se\/pl\/wp-json\/wp\/v2\/media?parent=149414"}],"wp:term":[{"taxonomy":"product_brand","embeddable":true,"href":"https:\/\/secureus.se\/pl\/wp-json\/wp\/v2\/product_brand?post=149414"},{"taxonomy":"product_cat","embeddable":true,"href":"https:\/\/secureus.se\/pl\/wp-json\/wp\/v2\/product_cat?post=149414"},{"taxonomy":"product_tag","embeddable":true,"href":"https:\/\/secureus.se\/pl\/wp-json\/wp\/v2\/product_tag?post=149414"}],"curies":[{"name":"wp","href":"https:\/\/api.w.org\/{rel}","templated":true}]}}