{"id":149425,"date":"2025-03-28T15:13:48","date_gmt":"2025-03-28T14:13:48","guid":{"rendered":"https:\/\/secureus.se\/?post_type=product&#038;p=149425"},"modified":"2026-04-08T15:11:19","modified_gmt":"2026-04-08T13:11:19","slug":"eltryckeslas-step-132-modern-multi","status":"publish","type":"product","link":"https:\/\/secureus.se\/pl\/eltryckeslas-step-132-modern-multi\/","title":{"rendered":"Zamek elektryczny STEP 132 Modern Multi"},"content":{"rendered":"<p>\nSTEP 132 to elektryczny zamek ci\u015bnieniowy z unikalnym automatycznym t\u0142okiem, kt\u00f3ry pe\u0142ni podw\u00f3jn\u0105 funkcj\u0119. Umo\u017cliwia otwieranie zamka zar\u00f3wno elektrycznie za pomoc\u0105 ci\u015bnienia, jak i automatyki drzwiowej.<\/p>\n<div>Oczywi\u015bcie ten elektryczny zamek ci\u015bnieniowy jest r\u00f3wnie\u017c wyposa\u017cony w nasz\u0105 opatentowan\u0105 technologi\u0119 ci\u015bnienia formowania, kt\u00f3ra gwarantuje, \u017ce zamek wytrzyma bardzo wysokie ci\u015bnienie formowania. Dzi\u0119ki tym w\u0142a\u015bciwo\u015bciom STEP 132 jest oczywistym wyborem dla \u015brodowisk drzwiowych wymagaj\u0105cych automatyzacji drzwi, przeciwpo\u017carowych i ewakuacyjnych, gdzie jednocze\u015bnie chcesz zapewni\u0107 wysok\u0105 niezawodno\u015b\u0107 operacyjn\u0105.\u00a0<\/div>\n<div>STEP 132 ma dok\u0142adnie te same doskona\u0142e funkcje i technologie, co STEP 112. R\u00f3\u017cnica pomi\u0119dzy dwoma elektrycznymi zamkami ci\u015bnieniowymi polega na tym, \u017ce STEP 132 posiada automatyczny t\u0142ok, kt\u00f3ry sk\u0142ada si\u0119, gdy drzwi s\u0105 otwierane elektrycznie. STEP 132 jest zatem przystosowany do stosowania w \u015brodowiskach drzwiowych, w kt\u00f3rych wymagana jest wi\u0119ksza dost\u0119pno\u015b\u0107.<\/div>\n<div><\/div>\n<div><b>Podw\u00f3jna funkcja automatycznego t\u0142oka<\/b><\/div>\n<div>Automatyczny t\u0142ok nadaje elektrycznej p\u0142ycie ko\u0144cowej podw\u00f3jn\u0105 funkcj\u0119. Kiedy drzwi s\u0105 otwierane pod ci\u015bnieniem, STEP 132 dzia\u0142a jak normalny elektryczny zamek ci\u015bnieniowy z t\u0142okiem opadaj\u0105cym.<\/div>\n<div>Gdy drzwi s\u0105 otwierane elektrycznie, t\u0142ok automatyczny mo\u017ce si\u0119 z\u0142o\u017cy\u0107, umo\u017cliwiaj\u0105c w ten spos\u00f3b otwieranie za pomoc\u0105 automatyki drzwi. Natychmiast po otwarciu drzwi, t\u0142ok automatyczny wysuwa si\u0119, ustala swoje po\u0142o\u017cenie i ponownie dzia\u0142a jak normalny t\u0142ok opadaj\u0105cy. KROK 132 nie posiada funkcji dzielenia, co oznacza, \u017ce zamek jest sterowany elektrycznie z obu stron.<\/div>\n<div><\/div>\n<div><b>Zatrzymanie ognia i wysoka odporno\u015b\u0107 na zu\u017cycie<\/b><\/div>\n<div>Poniewa\u017c t\u0142ok automatyczny wygl\u0105da jak zwyk\u0142y t\u0142ok opadaj\u0105cy, mo\u017ce roz\u0142o\u017cy\u0107 odporno\u015b\u0107 na zu\u017cycie na ca\u0142ej swojej powierzchni. Zapewnia r\u00f3wnie\u017c utrzymanie powstrzymywania po\u017caru, nawet je\u015bli pomi\u0119dzy t\u0142okiem a p\u0142yt\u0105 ko\u0144cow\u0105 istnieje szczelina. To, w po\u0142\u0105czeniu z technologi\u0105 docisku STEP, oznacza, \u017ce STEP 132 mo\u017ce wytrzyma\u0107 wysoki docisk i zapewnia wysok\u0105 niezawodno\u015b\u0107 dzia\u0142ania.<\/div>\n<div><b>W\u0142a\u015bciwo\u015bci:<\/b><\/p>\n<ul>\n<li>Nowoczesne umiejscowienie t\u0142oka.<\/li>\n<li>Unikalny automatyczny t\u0142ok<\/li>\n<li>Mikroprze\u0142\u0105cznik jednobiegunowy naprzemienny, max. 30 V pr\u0105du sta\u0142ego, 1 A<\/li>\n<li>Wielonapi\u0119ciowe<\/li>\n<li>Bez funkcji podzia\u0142u<\/li>\n<li>Dwustronny, pasuj\u0105cy do drzwi prawych i lewych<\/li>\n<li>Mo\u017cliwo\u015b\u0107 prze\u0142\u0105czania funkcji do przodu\/do ty\u0142u.<\/li>\n<li>Atestowana ewakuacja awaryjna z akcesoriami do ewakuacji awaryjnej STEP Exit. Certyfikowany zgodnie z norm\u0105 SS-EN 179:2008.<\/li>\n<li>Z technologi\u0105 druku STEP List<\/li>\n<li>Wbudowana opatentowana funkcja DirectDrive\u00ae zapewnia bezpo\u015bredni\u0105 kontrol\u0119 ci\u015bnienia<\/li>\n<li>Wbudowane mikroprze\u0142\u0105czniki wskazuj\u0105 po\u0142o\u017cenie zamkni\u0119te i zablokowane oraz uruchomienie ci\u015bnienia<\/li>\n<li>Wbudowana dioda zabezpieczaj\u0105ca.<\/li>\n<li>Wbudowana funkcja ponownego osadzania<\/li>\n<li>Przystosowany do okr\u0105g\u0142ych i owalnych cylindr\u00f3w skandynawskich<\/li>\n<li>G\u0142\u0119boko\u015b\u0107 trzpienia 50 mm<\/li>\n<li>Zalecane jest ci\u015bnienie odbicia<\/li>\n<li>Kabel bezhalogenowy<\/li>\n<li>Patent w oczekiwaniu<\/li>\n<\/ul>\n<\/div>\n<div><b>Funkcjonowa\u0107:<\/b><\/p>\n<ul>\n<li>Automatyczny t\u0142ok blokuje\/odblokowuje si\u0119 elektrycznie poprzez sygna\u0142 otwarcia z systemu dost\u0119pu, zamka szyfrowego, przycisku lub podobnego.<\/li>\n<li>T\u0142ok automatyczny cofa si\u0119 mechanicznie za pomoc\u0105 wio\u015blarza cylindrycznego za pomoc\u0105 klucza od zewn\u0105trz lub klucza\/pokr\u0119t\u0142a od wewn\u0105trz.<\/li>\n<li>Nacisk wewn\u0105trz i na zewn\u0105trz jest aktywowany elektrycznie za pomoc\u0105 systemu przepustowego, zamka szyfrowego itp. i cofa automatyczny t\u0142ok.<\/li>\n<\/ul>\n<\/div>","protected":false},"excerpt":{"rendered":"<p>STEP 132 to elektryczny zamek typu push lock z unikalnym automatycznym t\u0142okiem, kt\u00f3ry pe\u0142ni podw\u00f3jn\u0105 funkcj\u0119. Umo\u017cliwia to otwarcie zamka zar\u00f3wno elektrycznie za pomoc\u0105 przycisku, jak i automatycznie poprzez otwarcie drzwi. Oczywi\u015bcie, to te\u017c jest<\/p>","protected":false},"featured_media":149424,"template":"","meta":{"_acf_changed":false},"product_brand":[],"product_cat":[2429],"product_tag":[],"class_list":{"0":"post-149425","1":"product","2":"type-product","3":"status-publish","4":"has-post-thumbnail","6":"product_cat-ellas","7":"pa_brands-step","8":"tm-no-options","10":"first","11":"instock","12":"sale","13":"taxable","14":"shipping-taxable","15":"purchasable","16":"product-type-simple"},"acf":[],"_links":{"self":[{"href":"https:\/\/secureus.se\/pl\/wp-json\/wp\/v2\/product\/149425","targetHints":{"allow":["GET"]}}],"collection":[{"href":"https:\/\/secureus.se\/pl\/wp-json\/wp\/v2\/product"}],"about":[{"href":"https:\/\/secureus.se\/pl\/wp-json\/wp\/v2\/types\/product"}],"wp:featuredmedia":[{"embeddable":true,"href":"https:\/\/secureus.se\/pl\/wp-json\/wp\/v2\/media\/149424"}],"wp:attachment":[{"href":"https:\/\/secureus.se\/pl\/wp-json\/wp\/v2\/media?parent=149425"}],"wp:term":[{"taxonomy":"product_brand","embeddable":true,"href":"https:\/\/secureus.se\/pl\/wp-json\/wp\/v2\/product_brand?post=149425"},{"taxonomy":"product_cat","embeddable":true,"href":"https:\/\/secureus.se\/pl\/wp-json\/wp\/v2\/product_cat?post=149425"},{"taxonomy":"product_tag","embeddable":true,"href":"https:\/\/secureus.se\/pl\/wp-json\/wp\/v2\/product_tag?post=149425"}],"curies":[{"name":"wp","href":"https:\/\/api.w.org\/{rel}","templated":true}]}}