{"id":149427,"date":"2025-03-28T15:13:49","date_gmt":"2025-03-28T14:13:49","guid":{"rendered":"https:\/\/secureus.se\/?post_type=product&#038;p=149427"},"modified":"2026-03-25T15:31:23","modified_gmt":"2026-03-25T14:31:23","slug":"eltryckeslas-step-112-modern-12-24v","status":"publish","type":"product","link":"https:\/\/secureus.se\/pl\/eltryckeslas-step-112-modern-12-24v\/","title":{"rendered":"Elektryczny zamek push STEP 112 Nowoczesny 12-24V"},"content":{"rendered":"<div><\/div>\n<div>STEP 112 to wytrzyma\u0142y elektryczny zamek wciskany z opatentowanym nap\u0119dem bezpo\u015brednim, zwanym Direct Drive TM. W efekcie korzystanie z wydruku jest bardzo mi\u0119kkie i responsywne. Stylowy zamek posiada nowoczesne rozmieszczenie t\u0142oka i zasuwk\u0119 cylindryczn\u0105 umieszczon\u0105 w \u015brodku obudowy zamka. Projekt powsta\u0142 w oparciu o wysokie wymagania jako\u015bciowe STEP, co gwarantuje wysok\u0105 wydajno\u015b\u0107 i niezawodno\u015b\u0107 dzia\u0142ania. Doskonale nadaje si\u0119 do stosowania w przypadku blachy elektrotechnicznej. Oznakowanie CE zgodne z norm\u0105 SS-EN 14846:2008 w klasie ogniowej E\/EI120.<\/div>\n<div><\/div>\n<div><b>W\u0142a\u015bciwo\u015bci:\u00a0<\/b><\/div>\n<div>\n<ul>\n<li>Nowoczesne rozmieszczenie t\u0142ok\u00f3w odpowiada uk\u0142adowi Assas Connect<\/li>\n<li>Przetestowane i certyfikowane pod k\u0105tem odporno\u015bci ogniowej do klasy FE\/EI 120.<\/li>\n<li>Mikroprze\u0142\u0105cznik jednobiegunowy naprzemienny, max. 30 V pr\u0105du sta\u0142ego, 1 A.<\/li>\n<li>Wbudowana, opatentowana technologia Direct DriveTM \u2013 funkcja zapewniaj\u0105ca bezpo\u015bredni\u0105 kontrol\u0119 ci\u015bnienia.<\/li>\n<li>Wbudowane mikroprze\u0142\u0105czniki wskazuj\u0105 pozycje zamkni\u0119te i zablokowane, a tak\u017ce dzia\u0142anie przycisk\u00f3w.<\/li>\n<li>Dioda zabezpieczaj\u0105ca jest wbudowana.<\/li>\n<li>Mo\u017cliwo\u015b\u0107 odwracania, aby pasowa\u0142a do prawych i lewych drzwi.<\/li>\n<li>Mo\u017cliwo\u015b\u0107 prze\u0142\u0105czania funkcji do przodu\/do ty\u0142u.<\/li>\n<li>Prze\u0142\u0105czana strona sterowana elektrycznie\/mechanicznie.<\/li>\n<li>Przystosowany do okr\u0105g\u0142ych i owalnych cylindr\u00f3w skandynawskich.<\/li>\n<li>G\u0142\u0119boko\u015b\u0107 trzpienia 50 mm.<\/li>\n<li>Mo\u017cna stosowa\u0107 zar\u00f3wno prasy spr\u0119\u017cynowe, jak i bezspr\u0119\u017cynowe.<\/li>\n<li>Kabel bezhalogenowy.<\/li>\n<\/ul>\n<\/div>\n<div><\/div>\n<div><b>Dane techniczne:<\/b><\/div>\n<div>\n<ul>\n<li>Napi\u0119cie robocze: 24 V DC + 15 % \u2013 10 %.<\/li>\n<li>Pob\u00f3r pr\u0105du: maks. 60 mA.<\/li>\n<li>Trwa\u0142o\u015b\u0107: Klasa X zgodnie z SS-EN 14846.<\/li>\n<\/ul>\n<\/div>","protected":false},"excerpt":{"rendered":"<p>STEP 112 to wytrzyma\u0142y elektryczny zamek wciskany z opatentowanym nap\u0119dem bezpo\u015brednim, zwanym Direct Drive TM. W efekcie korzystanie z wydruku jest bardzo mi\u0119kkie i responsywne. Stylowy zamek ma<\/p>","protected":false},"featured_media":159486,"template":"","meta":{"_acf_changed":false},"product_brand":[],"product_cat":[2429],"product_tag":[],"class_list":{"0":"post-149427","1":"product","2":"type-product","3":"status-publish","4":"has-post-thumbnail","6":"product_cat-ellas","7":"pa_brands-step","8":"tm-no-options","10":"first","11":"instock","12":"sale","13":"taxable","14":"shipping-taxable","15":"purchasable","16":"product-type-simple"},"acf":[],"_links":{"self":[{"href":"https:\/\/secureus.se\/pl\/wp-json\/wp\/v2\/product\/149427","targetHints":{"allow":["GET"]}}],"collection":[{"href":"https:\/\/secureus.se\/pl\/wp-json\/wp\/v2\/product"}],"about":[{"href":"https:\/\/secureus.se\/pl\/wp-json\/wp\/v2\/types\/product"}],"wp:featuredmedia":[{"embeddable":true,"href":"https:\/\/secureus.se\/pl\/wp-json\/wp\/v2\/media\/159486"}],"wp:attachment":[{"href":"https:\/\/secureus.se\/pl\/wp-json\/wp\/v2\/media?parent=149427"}],"wp:term":[{"taxonomy":"product_brand","embeddable":true,"href":"https:\/\/secureus.se\/pl\/wp-json\/wp\/v2\/product_brand?post=149427"},{"taxonomy":"product_cat","embeddable":true,"href":"https:\/\/secureus.se\/pl\/wp-json\/wp\/v2\/product_cat?post=149427"},{"taxonomy":"product_tag","embeddable":true,"href":"https:\/\/secureus.se\/pl\/wp-json\/wp\/v2\/product_tag?post=149427"}],"curies":[{"name":"wp","href":"https:\/\/api.w.org\/{rel}","templated":true}]}}