{"id":149438,"date":"2025-03-28T15:13:50","date_gmt":"2025-03-28T14:13:50","guid":{"rendered":"https:\/\/secureus.se\/?post_type=product&#038;p=149438"},"modified":"2026-04-08T15:11:00","modified_gmt":"2026-04-08T13:11:00","slug":"eltryckeslas-step-130-modern-split-multi","status":"publish","type":"product","link":"https:\/\/secureus.se\/pl\/eltryckeslas-step-130-modern-split-multi\/","title":{"rendered":"Zamek elektryczny STEP 130 Modern Split Multi"},"content":{"rendered":"<h1>Zamek elektryczny STEP 130 Modern Split Multi<\/h1>\n<p>STEP 130 to elektryczna blokada typu push lock z unikalnym automatycznym t\u0142okiem, kt\u00f3ra pe\u0142ni podw\u00f3jn\u0105 funkcj\u0119.<\/p>\n<p>Umo\u017cliwia to otwarcie zamka zar\u00f3wno elektrycznie za pomoc\u0105 przycisku, jak i automatycznie poprzez otwarcie drzwi.<\/p>\n<div>Oczywi\u015bcie, ten elektryczny zamek zatrzaskowy jest r\u00f3wnie\u017c wyposa\u017cony w nasz\u0105 opatentowan\u0105 technologi\u0119 docisku paska, kt\u00f3ra gwarantuje, \u017ce zamek wytrzymuje bardzo du\u017cy nacisk paska.<\/div>\n<div>Dzi\u0119ki tym w\u0142a\u015bciwo\u015bciom STEP 130 jest oczywistym wyborem dla \u015brodowisk z automatycznymi systemami drzwiowymi, wymaganiami przeciwpo\u017carowymi i ewakuacyjnymi, gdzie r\u00f3wnie\u017c chcesz mie\u0107 pewno\u015b\u0107 wysokiej niezawodno\u015bci dzia\u0142ania.<\/div>\n<div>STEP 130 ma dok\u0142adnie te same \u015bwietne funkcje i technologie co STEP 110.<\/div>\n<div>R\u00f3\u017cnica pomi\u0119dzy dwoma elektrycznymi zamkami typu push-lock polega na tym, \u017ce STEP 130 ma automatyczny t\u0142ok, kt\u00f3ry sk\u0142ada si\u0119 po elektrycznym otwarciu drzwi.<\/div>\n<div>STEP 130 jest zatem przystosowany do \u015brodowisk, w kt\u00f3rych wymagana jest wi\u0119ksza dost\u0119pno\u015b\u0107 i\/lub dostosowanie do potrzeb os\u00f3b niepe\u0142nosprawnych.<\/div>\n<div><\/div>\n<div><b>Podw\u00f3jna funkcja automatycznego t\u0142oka<\/b><\/div>\n<div>Automatyczny t\u0142ok nadaje elektrycznej p\u0142ycie ko\u0144cowej podw\u00f3jn\u0105 funkcj\u0119.<\/div>\n<div>Kiedy drzwi s\u0105 otwierane pod ci\u015bnieniem, STEP 130 dzia\u0142a jak normalny elektryczny zamek ci\u015bnieniowy z t\u0142okiem opadaj\u0105cym.<\/div>\n<div>Podczas elektrycznego otwierania drzwi automatyczny t\u0142ok mo\u017ce si\u0119 z\u0142o\u017cy\u0107, umo\u017cliwiaj\u0105c automatyczne otwieranie drzwi.<\/div>\n<div>Natychmiast po otwarciu drzwi automatyczny t\u0142ok wysuwa si\u0119, blokuje w odpowiedniej pozycji i zn\u00f3w dzia\u0142a jak zwyk\u0142y t\u0142ok opuszczaj\u0105cy.<\/div>\n<div><\/div>\n<div><b>Zatrzymanie ognia i wysoka odporno\u015b\u0107 na zu\u017cycie<\/b><\/div>\n<div>Poniewa\u017c automatyczny t\u0142ok wygl\u0105da jak zwyk\u0142y t\u0142ok, mo\u017ce roz\u0142o\u017cy\u0107 odporno\u015b\u0107 na zu\u017cycie na ca\u0142ej swojej powierzchni.<\/div>\n<div>Zapewnia r\u00f3wnie\u017c utrzymanie bezpiecze\u0144stwa po\u017carowego, nawet je\u015bli mi\u0119dzy t\u0142okiem a p\u0142yt\u0105 uderzeniow\u0105 powstanie szczelina.<\/div>\n<div>W po\u0142\u0105czeniu z technologi\u0105 STEP Strip Pressure oznacza to, \u017ce STEP 130 wytrzymuje wysokie ci\u015bnienie przy zdejmowaniu izolacji i gwarantuje wysok\u0105 niezawodno\u015b\u0107 dzia\u0142ania.<\/div>\n<div><\/div>\n<div><b>Z funkcj\u0105 podzia\u0142u<\/b><\/div>\n<div>STEP 130 wyposa\u017cony jest w funkcj\u0119 dzielenia, co oznacza, \u017ce mo\u017cna ustawi\u0107 dowoln\u0105 stron\u0119 zamka z wyj\u015bciem mechanicznym.<\/div>\n<div>\n<p>Przestrze\u0144 i wysok\u0105 trwa\u0142o\u015b\u0107 zapewnia fakt, \u017ce strona sterowana mechanicznie posiada solidne mocowanie, a funkcj\u0119 dzielenia zabezpieczaj\u0105 detale nierdzewne i hartowane.<\/p>\n<p><b>W\u0142a\u015bciwo\u015bci:<\/b><\/p>\n<ul>\n<li>Nowoczesne umiejscowienie t\u0142oka.<\/li>\n<li>Unikalny automatyczny t\u0142ok<\/li>\n<li>Mikroprze\u0142\u0105cznik jednobiegunowy naprzemienny, max. 30 V pr\u0105du sta\u0142ego, 1 A<\/li>\n<li>Wielonapi\u0119ciowe<\/li>\n<li>Dwustronny, pasuj\u0105cy do drzwi prawych i lewych<\/li>\n<li>Mo\u017cliwo\u015b\u0107 prze\u0142\u0105czania funkcji do przodu\/do ty\u0142u.<\/li>\n<li>Atestowana ewakuacja awaryjna z akcesoriami do ewakuacji awaryjnej STEP Exit. Certyfikowany zgodnie z norm\u0105 SS-EN 179:2008.<\/li>\n<li>Z funkcj\u0105 podzia\u0142u. Mo\u017cliwo\u015b\u0107 prze\u0142\u0105czania strony obs\u0142ugiwanej elektrycznie\/mechanicznie<\/li>\n<li>Z technologi\u0105 druku STEP List<\/li>\n<li>Wbudowana opatentowana funkcja DirectDrive\u00ae zapewnia bezpo\u015bredni\u0105 kontrol\u0119 ci\u015bnienia<\/li>\n<li>Wbudowane mikroprze\u0142\u0105czniki wskazuj\u0105 po\u0142o\u017cenie zamkni\u0119te i zablokowane oraz uruchomienie ci\u015bnienia<\/li>\n<li>Wbudowana dioda zabezpieczaj\u0105ca.<\/li>\n<li>Wbudowana funkcja ponownego osadzania<\/li>\n<li>Przystosowany do okr\u0105g\u0142ych i owalnych cylindr\u00f3w skandynawskich<\/li>\n<li>G\u0142\u0119boko\u015b\u0107 trzpienia 50 mm<\/li>\n<li>Zalecane jest ci\u015bnienie odbicia<\/li>\n<li>Kabel bezhalogenowy<\/li>\n<li>Patent w oczekiwaniu<\/li>\n<\/ul>\n<\/div>\n<div>\n<p><b>Funkcjonowa\u0107:<\/b><\/p>\n<ul>\n<li>Automatyczny t\u0142ok blokuje\/odblokowuje si\u0119 elektrycznie poprzez sygna\u0142 otwarcia z systemu dost\u0119pu, zamka szyfrowego, przycisku lub podobnego.<\/li>\n<li>T\u0142ok automatyczny cofa si\u0119 mechanicznie za pomoc\u0105 wio\u015blarza cylindrycznego za pomoc\u0105 klucza od zewn\u0105trz lub klucza\/pokr\u0119t\u0142a od wewn\u0105trz.<\/li>\n<li>Nacisk zewn\u0119trzny jest aktywowany elektrycznie poprzez system dost\u0119pu, zamek szyfrowy lub podobny i cofa automatyczny t\u0142ok.<\/li>\n<li>Ci\u015bnienie wewn\u0119trzne jest zawsze aktywne mechanicznie i cofa automatyczny t\u0142ok.<\/li>\n<\/ul>\n<\/div>","protected":false},"excerpt":{"rendered":"<p>Elektryczny zamek wciskany STEP 130 Modern Split Multi STEP 130 to elektryczny zamek wciskany z unikalnym automatycznym t\u0142okiem, kt\u00f3ry pe\u0142ni podw\u00f3jn\u0105 funkcj\u0119. Umo\u017cliwia to elektryczne otwarcie zamka za pomoc\u0105 przycisku.<\/p>","protected":false},"featured_media":149436,"template":"","meta":{"_acf_changed":false},"product_brand":[],"product_cat":[2429],"product_tag":[],"class_list":{"0":"post-149438","1":"product","2":"type-product","3":"status-publish","4":"has-post-thumbnail","6":"product_cat-ellas","7":"pa_brands-step","8":"tm-no-options","10":"first","11":"instock","12":"sale","13":"taxable","14":"shipping-taxable","15":"purchasable","16":"product-type-simple"},"acf":[],"_links":{"self":[{"href":"https:\/\/secureus.se\/pl\/wp-json\/wp\/v2\/product\/149438","targetHints":{"allow":["GET"]}}],"collection":[{"href":"https:\/\/secureus.se\/pl\/wp-json\/wp\/v2\/product"}],"about":[{"href":"https:\/\/secureus.se\/pl\/wp-json\/wp\/v2\/types\/product"}],"wp:featuredmedia":[{"embeddable":true,"href":"https:\/\/secureus.se\/pl\/wp-json\/wp\/v2\/media\/149436"}],"wp:attachment":[{"href":"https:\/\/secureus.se\/pl\/wp-json\/wp\/v2\/media?parent=149438"}],"wp:term":[{"taxonomy":"product_brand","embeddable":true,"href":"https:\/\/secureus.se\/pl\/wp-json\/wp\/v2\/product_brand?post=149438"},{"taxonomy":"product_cat","embeddable":true,"href":"https:\/\/secureus.se\/pl\/wp-json\/wp\/v2\/product_cat?post=149438"},{"taxonomy":"product_tag","embeddable":true,"href":"https:\/\/secureus.se\/pl\/wp-json\/wp\/v2\/product_tag?post=149438"}],"curies":[{"name":"wp","href":"https:\/\/api.w.org\/{rel}","templated":true}]}}