{"id":149442,"date":"2025-03-28T15:13:50","date_gmt":"2025-03-28T14:13:50","guid":{"rendered":"https:\/\/secureus.se\/?post_type=product&#038;p=149442"},"modified":"2026-03-25T15:30:31","modified_gmt":"2026-03-25T14:30:31","slug":"eltryckeslas-step-120-klassisk-split-sats-12-24v","status":"publish","type":"product","link":"https:\/\/secureus.se\/pl\/eltryckeslas-step-120-klassisk-split-sats-12-24v\/","title":{"rendered":"Elektryczny zamek push STEP 120 Classic Split Set 12-24V"},"content":{"rendered":"<div>\n<div><\/div>\n<h1>Elektryczny zamek push STEP 120 Classic Split Set 12-24V<\/h1>\n<div>STEP 120 to wytrzyma\u0142y zamek elektryczny z funkcj\u0105 dzielenia. Wykonany ze stali nierdzewnej, z klasycznym rozmieszczeniem t\u0142oka i kilkoma elastycznymi funkcjami.<\/div>\n<div>Projekt powsta\u0142 w oparciu o wysokie wymagania jako\u015bciowe STEP, co gwarantuje wysok\u0105 wydajno\u015b\u0107 i niezawodno\u015b\u0107 dzia\u0142ania.<\/div>\n<div>Zamek mo\u017cna stosowa\u0107 w pomieszczeniach, w kt\u00f3rych obowi\u0105zuj\u0105 wymagania przeciwpo\u017carowe i ewakuacyjne, a tak\u017ce jest przystosowany do wsp\u00f3\u0142pracy z blachami elektrozaczepowymi.<\/div>\n<div>Oznaczone znakiem CE zgodnie z norm\u0105 SS-EN 14846:2008 w klasie ogniowej E\/EI120 i certyfikowane zgodnie z norm\u0105 SS-EN 179:2008 wraz z osprz\u0119tem ewakuacyjnym STEP Exit ST17901, ST17902, ST17903 i ST17904.<\/div>\n<\/div>\n<div>\n<b>Zestaw zawiera:<\/b><br \/>\nElektryczny zamek zatrzaskowy Step 120 24V, kabel przy\u0142\u0105czeniowy (10 m) i rama transferowa.<\/div>\n<div><b><br \/>\nW\u0142a\u015bciwo\u015bci:<\/b><\/div>\n<div>\n<div>\n<ul>\n<li>Klasyczne umiejscowienie t\u0142oka.<\/li>\n<li>Funkcja podzia\u0142u<\/li>\n<li>Certyfikowany zgodnie z norm\u0105 SS-EN 179:2008 wraz z wyposa\u017ceniem ewakuacyjnym STEP Exit.<\/li>\n<li>Posiada certyfikat odporno\u015bci ogniowej do klasy E\/EI 120.<\/li>\n<li>Mikroprze\u0142\u0105cznik jednobiegunowy naprzemienny, max. 30 V pr\u0105du sta\u0142ego, 1 A.<\/li>\n<li>Wbudowane mikroprze\u0142\u0105czniki wskazuj\u0105 po\u0142o\u017cenie zamkni\u0119te i zablokowane oraz zadzia\u0142anie ci\u015bnieniem.<\/li>\n<li>Wbudowana dioda zabezpieczaj\u0105ca.<\/li>\n<li>Mo\u017cliwo\u015b\u0107 odwracania, aby pasowa\u0142a do prawych i lewych drzwi.<\/li>\n<li>Mo\u017cliwo\u015b\u0107 prze\u0142\u0105czania funkcji do przodu\/do ty\u0142u.<\/li>\n<li>Mo\u017cliwo\u015b\u0107 prze\u0142\u0105czania strony obs\u0142ugiwanej elektrycznie\/mechanicznie.<\/li>\n<li>Przystosowany do okr\u0105g\u0142ych i owalnych cylindr\u00f3w skandynawskich.<\/li>\n<li>G\u0142\u0119boko\u015b\u0107 trzpienia 50 mm.<\/li>\n<li>Zalecane jest ci\u015bnienie odbicia.<\/li>\n<\/ul>\n<\/div>\n<\/div>\n<div><b>\u00a0<\/b><\/div>\n<div><b>Dane techniczne:<\/b><\/div>\n<div>\n<ul>\n<li>Napi\u0119cie robocze: 24 V DC + 15 % \u2013 10 %.<\/li>\n<li>Pob\u00f3r pr\u0105du: maks. 60 mA.<\/li>\n<li>Trwa\u0142o\u015b\u0107: Klasa X zgodnie z SS-EN 14846.<\/li>\n<\/ul>\n<\/div>\n<div><\/div>","protected":false},"excerpt":{"rendered":"<p>Zamek elektryczny typu push-lock STEP 120 Classic Split Set 12-24V STEP 120 to wytrzyma\u0142y zamek elektryczny typu push-lock z funkcj\u0105 split-lock. Wykonany ze stali nierdzewnej, z klasycznym rozmieszczeniem t\u0142oka i kilkoma elastycznymi funkcjami. Projekt opracowano w oparciu o STEPs<\/p>","protected":false},"featured_media":149441,"template":"","meta":{"_acf_changed":false},"product_brand":[],"product_cat":[2429],"product_tag":[],"class_list":{"0":"post-149442","1":"product","2":"type-product","3":"status-publish","4":"has-post-thumbnail","6":"product_cat-ellas","7":"pa_brands-step","8":"tm-no-options","10":"first","11":"instock","12":"sale","13":"taxable","14":"shipping-taxable","15":"purchasable","16":"product-type-simple"},"acf":[],"_links":{"self":[{"href":"https:\/\/secureus.se\/pl\/wp-json\/wp\/v2\/product\/149442","targetHints":{"allow":["GET"]}}],"collection":[{"href":"https:\/\/secureus.se\/pl\/wp-json\/wp\/v2\/product"}],"about":[{"href":"https:\/\/secureus.se\/pl\/wp-json\/wp\/v2\/types\/product"}],"wp:featuredmedia":[{"embeddable":true,"href":"https:\/\/secureus.se\/pl\/wp-json\/wp\/v2\/media\/149441"}],"wp:attachment":[{"href":"https:\/\/secureus.se\/pl\/wp-json\/wp\/v2\/media?parent=149442"}],"wp:term":[{"taxonomy":"product_brand","embeddable":true,"href":"https:\/\/secureus.se\/pl\/wp-json\/wp\/v2\/product_brand?post=149442"},{"taxonomy":"product_cat","embeddable":true,"href":"https:\/\/secureus.se\/pl\/wp-json\/wp\/v2\/product_cat?post=149442"},{"taxonomy":"product_tag","embeddable":true,"href":"https:\/\/secureus.se\/pl\/wp-json\/wp\/v2\/product_tag?post=149442"}],"curies":[{"name":"wp","href":"https:\/\/api.w.org\/{rel}","templated":true}]}}