{"id":149483,"date":"2025-03-28T15:27:37","date_gmt":"2025-03-28T14:27:37","guid":{"rendered":"https:\/\/secureus.se\/?post_type=product&#038;p=149483"},"modified":"2026-04-15T17:33:30","modified_gmt":"2026-04-15T15:33:30","slug":"ajax-doorbell-dorrklocka-med-kamera","status":"publish","type":"product","link":"https:\/\/secureus.se\/pl\/ajax-doorbell-dorrklocka-med-kamera\/","title":{"rendered":"Ajax Doorbell \u2013 Dzwonek z kamer\u0105 \u2013 Bia\u0142y"},"content":{"rendered":"<p data-start=\"959\" data-end=\"1251\"><strong data-start=\"959\" data-end=\"976\">Dzwonek Ajax<\/strong> zapewnia profesjonaln\u0105 ochron\u0119 tu\u017c przy drzwiach wej\u015bciowych. Gdy kto\u015b si\u0119 zbli\u017ca, aktywuje si\u0119 czujnik PIR i kamera sterowana przez sztuczn\u0105 inteligencj\u0119. Dostajesz <strong data-start=\"1109\" data-end=\"1133\">natychmiastowe powiadomienie push<\/strong> w aplikacji Ajax mo\u017cesz ogl\u0105da\u0107 wideo na \u017cywo dzi\u0119ki technologii JetSparrow w ci\u0105gu kilku sekund i rozmawia\u0107 w czasie rzeczywistym, korzystaj\u0105c z krystalicznie czystego d\u017awi\u0119ku.<\/p>\n<p data-start=\"1253\" data-end=\"1562\">W przypadku utraty po\u0142\u0105czenia Wi-Fi DoorBell p\u0142ynnie prze\u0142\u0105cza si\u0119 na hub Ajax <strong data-start=\"1327\" data-end=\"1351\">Protok\u00f3\u0142 jubilera<\/strong> i wysy\u0142a wydarzenia lub zdj\u0119cia za po\u015brednictwem <strong data-start=\"1390\" data-end=\"1399\">Skrzyde\u0142ka<\/strong> \u2013 podobnie jak inne detektory Ajax. Dzi\u0119kujemy za wsparcie <strong data-start=\"1455\" data-end=\"1490\">Ajax Cloud NVR (wkr\u00f3tce premiera)<\/strong> Ju\u017c wkr\u00f3tce b\u0119dziesz m\u00f3g\u0142 przechowywa\u0107 i odtwarza\u0107 nagrania bez konieczno\u015bci u\u017cywania dodatkowego sprz\u0119tu.<\/p>\n<hr data-start=\"1564\" data-end=\"1567\" \/>\n<h2 data-start=\"1569\" data-end=\"1597\"><strong data-start=\"1572\" data-end=\"1597\">Cechy i korzy\u015bci<\/strong><\/h2>\n<div class=\"_tableContainer_16hzy_1\">\n<div class=\"_tableWrapper_16hzy_14 group flex w-fit flex-col-reverse\">\n<table class=\"w-fit min-w-(--thread-content-width)\" data-start=\"1599\" data-end=\"2487\">\n<thead data-start=\"1599\" data-end=\"1628\">\n<tr data-start=\"1599\" data-end=\"1628\">\n<th data-start=\"1599\" data-end=\"1614\" data-col-size=\"sm\"><strong data-start=\"1601\" data-end=\"1613\">Kategoria<\/strong><\/th>\n<th data-start=\"1614\" data-end=\"1628\" data-col-size=\"md\"><strong data-start=\"1616\" data-end=\"1626\">Szczeg\u00f3\u0142<\/strong><\/th>\n<\/tr>\n<\/thead>\n<tbody data-start=\"1658\" data-end=\"2487\">\n<tr data-start=\"1658\" data-end=\"1737\">\n<td data-start=\"1658\" data-end=\"1671\" data-col-size=\"sm\"><strong data-start=\"1660\" data-end=\"1670\">Kamera<\/strong><\/td>\n<td data-col-size=\"md\" data-start=\"1671\" data-end=\"1737\">4MP, 2K (2560 \u00d7 1440), <strong data-start=\"1698\" data-end=\"1713\">Kodek H.264<\/strong>, HDR, szeroki k\u0105t 155\u00b0<\/td>\n<\/tr>\n<tr data-start=\"1738\" data-end=\"1805\">\n<td data-start=\"1738\" data-end=\"1756\" data-col-size=\"sm\"><strong data-start=\"1740\" data-end=\"1755\">Tryb nocny IR<\/strong><\/td>\n<td data-start=\"1756\" data-end=\"1805\" data-col-size=\"md\">Smart IR do 6 m \u2013 automatyczna intensywno\u015b\u0107<\/td>\n<\/tr>\n<tr data-start=\"1806\" data-end=\"1884\">\n<td data-start=\"1806\" data-end=\"1822\" data-col-size=\"sm\"><strong data-start=\"1808\" data-end=\"1821\">Analiza AI<\/strong><\/td>\n<td data-start=\"1822\" data-end=\"1884\" data-col-size=\"md\">Rozpoznaje <strong data-start=\"1835\" data-end=\"1864\">ludzie \/ zwierz\u0119ta \/ pojazdy<\/strong>, strefy mog\u0105 by\u0107 maskowane<\/td>\n<\/tr>\n<tr data-start=\"1885\" data-end=\"1960\">\n<td data-start=\"1885\" data-end=\"1902\" data-col-size=\"sm\"><strong data-start=\"1887\" data-end=\"1901\">Czujnik PIR<\/strong><\/td>\n<td data-start=\"1902\" data-end=\"1960\" data-col-size=\"md\">Zasi\u0119g \u2264 4 m, 120\u00b0 H \/ 100\u00b0 V, 3 poziomy czu\u0142o\u015bci<\/td>\n<\/tr>\n<tr data-start=\"1961\" data-end=\"2026\">\n<td data-start=\"1961\" data-end=\"1972\" data-col-size=\"sm\"><strong data-start=\"1963\" data-end=\"1971\">D\u017awi\u0119k<\/strong><\/td>\n<td data-start=\"1972\" data-end=\"2026\" data-col-size=\"md\">Dwukierunkowy, redukcja szum\u00f3w i echa, alarm 70 dB w odleg\u0142o\u015bci 10 cm<\/td>\n<\/tr>\n<tr data-start=\"2027\" data-end=\"2150\">\n<td data-start=\"2027\" data-end=\"2047\" data-col-size=\"sm\"><strong data-start=\"2029\" data-end=\"2046\">Komunikacja<\/strong><\/td>\n<td data-start=\"2047\" data-end=\"2150\" data-col-size=\"md\">Wi-Fi 802.11 b\/g\/n 2,4 GHz (\u2264 2 Mbit\/s)<br \/>\nRadio jubilerskie \u2264 1700 m<br \/>\nSkrzyd\u0142a do transferu obrazu<\/td>\n<\/tr>\n<tr data-start=\"2151\" data-end=\"2231\">\n<td data-start=\"2151\" data-end=\"2166\" data-col-size=\"sm\"><strong data-start=\"2153\" data-end=\"2165\">Bezpiecze\u0144stwo<\/strong><\/td>\n<td data-start=\"2166\" data-end=\"2231\" data-col-size=\"md\">Szyfrowanie mTLS, bezpieczny rozruch, przycisk antysabota\u017cowy, przeskakiwanie cz\u0119stotliwo\u015bci<\/td>\n<\/tr>\n<tr data-start=\"2232\" data-end=\"2313\">\n<td data-start=\"2232\" data-end=\"2244\" data-col-size=\"sm\"><strong data-start=\"2234\" data-end=\"2243\">Aktualny<\/strong><\/td>\n<td data-start=\"2244\" data-end=\"2313\" data-col-size=\"md\">12\u201324 V pr\u0105du sta\u0142ego \/ 16\u201324 V pr\u0105du przemiennego, <strong data-start=\"2271\" data-end=\"2281\">\u2264 10 W<\/strong>, Akumulator zapasowy litowo-jonowy 600 mAh<\/td>\n<\/tr>\n<tr data-start=\"2314\" data-end=\"2364\">\n<td data-start=\"2314\" data-end=\"2331\" data-col-size=\"sm\"><strong data-start=\"2316\" data-end=\"2330\">\u015arodowisko operacyjne<\/strong><\/td>\n<td data-start=\"2331\" data-end=\"2364\" data-col-size=\"md\">\u201325 \u2026 +60 \u00b0C, \u2264 90 % wilgotno\u015b\u0107 wzgl\u0119dna, IP54<\/td>\n<\/tr>\n<tr data-start=\"2365\" data-end=\"2410\">\n<td data-start=\"2365\" data-end=\"2383\" data-col-size=\"sm\"><strong data-start=\"2367\" data-end=\"2382\">Wymiary \/ Waga<\/strong><\/td>\n<td data-start=\"2383\" data-end=\"2410\" data-col-size=\"md\">145 \u00d7 47 \u00d7 34 mm, 163 g<\/td>\n<\/tr>\n<tr data-start=\"2411\" data-end=\"2487\">\n<td data-start=\"2411\" data-end=\"2427\" data-col-size=\"sm\"><strong data-start=\"2413\" data-end=\"2426\">Montowanie<\/strong><\/td>\n<td data-start=\"2427\" data-end=\"2487\" data-col-size=\"md\">SmartBracket ze \u015brub\u0105 mocuj\u0105c\u0105, zalecana wysoko\u015b\u0107 1,2\u20131,5 m<\/td>\n<\/tr>\n<\/tbody>\n<\/table>\n<div class=\"sticky end-(--thread-content-margin) h-0 self-end select-none\">\n<div class=\"absolute end-0 flex items-end\"><\/div>\n<\/div>\n<\/div>\n<\/div>\n<hr data-start=\"2489\" data-end=\"2492\" \/>\n<h2 data-start=\"585\" data-end=\"635\"><strong data-start=\"602\" data-end=\"635\">\u0141atwa instalacja i uruchomienie<\/strong><\/h2>\n<ul data-start=\"637\" data-end=\"940\">\n<li data-start=\"637\" data-end=\"717\">\n<p data-start=\"639\" data-end=\"717\"><strong data-start=\"639\" data-end=\"661\">Parowanie za pomoc\u0105 kodu QR<\/strong> \u2013 zeskanuj w aplikacji Ajax bezpo\u015brednie po\u0142\u0105czenie z hubem.<\/p>\n<\/li>\n<li data-start=\"718\" data-end=\"794\">\n<p data-start=\"720\" data-end=\"794\"><strong data-start=\"720\" data-end=\"742\">Pe\u0142ne zdalne sterowanie<\/strong> \u2013 skonfiguruj strefy, filtry AI i powiadomienia w aplikacji.<\/p>\n<\/li>\n<li data-start=\"795\" data-end=\"863\">\n<p data-start=\"797\" data-end=\"863\"><strong data-start=\"797\" data-end=\"819\">Panel SmartBracket<\/strong> \u2013 zamontowa\u0107 dzwonek nie otwieraj\u0105c obudowy.<\/p>\n<\/li>\n<li data-start=\"864\" data-end=\"940\">\n<p data-start=\"866\" data-end=\"940\"><strong data-start=\"866\" data-end=\"884\">Obej\u015bcie BellKit<\/strong> \u2013 umo\u017cliwia pod\u0142\u0105czenie DoorBell do istniej\u0105cego przewodowego dzwonka do drzwi.<\/p>\n<\/li>\n<\/ul>\n<hr data-start=\"2912\" data-end=\"2915\" \/>\n<h2 data-start=\"126\" data-end=\"165\"><strong data-start=\"143\" data-end=\"165\">Pakiet zawiera<\/strong><\/h2>\n<div class=\"_tableContainer_16hzy_1\">\n<div class=\"_tableWrapper_16hzy_14 group flex w-fit flex-col-reverse\">\n<table class=\"w-fit min-w-(--thread-content-width)\" data-start=\"167\" data-end=\"470\">\n<thead data-start=\"167\" data-end=\"186\">\n<tr data-start=\"167\" data-end=\"186\">\n<th data-start=\"167\" data-end=\"171\" data-col-size=\"md\">#<\/th>\n<th data-start=\"171\" data-end=\"177\" data-col-size=\"sm\">Cz\u0119\u015b\u0107<\/th>\n<th data-start=\"177\" data-end=\"186\" data-col-size=\"sm\">Numer<\/th>\n<\/tr>\n<\/thead>\n<tbody data-start=\"207\" data-end=\"470\">\n<tr data-start=\"207\" data-end=\"235\">\n<td data-start=\"207\" data-end=\"230\" data-col-size=\"md\">\u2460 <strong data-start=\"211\" data-end=\"229\">Urz\u0105dzenie dzwonka do drzwi<\/strong><\/td>\n<td data-start=\"230\" data-end=\"235\" data-col-size=\"sm\">1<\/td>\n<td data-col-size=\"sm\"><\/td>\n<\/tr>\n<tr data-start=\"236\" data-end=\"278\">\n<td data-start=\"236\" data-end=\"273\" data-col-size=\"md\">\u2461 <strong data-start=\"240\" data-end=\"256\">Inteligentny wspornik<\/strong> panel monta\u017cowy<\/td>\n<td data-start=\"273\" data-end=\"278\" data-col-size=\"sm\">1<\/td>\n<td data-col-size=\"sm\"><\/td>\n<\/tr>\n<tr data-start=\"279\" data-end=\"317\">\n<td data-start=\"279\" data-end=\"312\" data-col-size=\"md\">\u2462 <strong data-start=\"283\" data-end=\"300\">Wspornik klinowy<\/strong> (5\u00b0 + 15\u00b0)<\/td>\n<td data-start=\"312\" data-end=\"317\" data-col-size=\"sm\">2<\/td>\n<td data-col-size=\"sm\"><\/td>\n<\/tr>\n<tr data-start=\"318\" data-end=\"380\">\n<td data-start=\"318\" data-end=\"375\" data-col-size=\"md\">\u2463 <strong data-start=\"322\" data-end=\"340\">Obej\u015bcie BellKit<\/strong> (po\u0142\u0105cz z istniej\u0105cym dzwonkiem)<\/td>\n<td data-start=\"375\" data-end=\"380\" data-col-size=\"sm\">1<\/td>\n<td data-col-size=\"sm\"><\/td>\n<\/tr>\n<tr data-start=\"381\" data-end=\"427\">\n<td data-start=\"381\" data-end=\"422\" data-col-size=\"md\">\u2464 <strong data-start=\"385\" data-end=\"405\">Zestaw instalacyjny<\/strong> (\u015bruba i korek)<\/td>\n<td data-start=\"422\" data-end=\"427\" data-col-size=\"sm\">1<\/td>\n<td data-col-size=\"sm\"><\/td>\n<\/tr>\n<tr data-start=\"428\" data-end=\"470\">\n<td data-start=\"428\" data-end=\"465\" data-col-size=\"md\">\u2465 <strong data-start=\"432\" data-end=\"453\">Przewodnik szybkiego startu<\/strong><\/td>\n<td data-start=\"465\" data-end=\"470\" data-col-size=\"sm\">1<\/td>\n<td data-col-size=\"sm\"><\/td>\n<\/tr>\n<\/tbody>\n<\/table>\n<div class=\"sticky end-(--thread-content-margin) h-0 self-end select-none\">\n<div class=\"absolute end-0 flex items-end\"><em data-start=\"474\" data-end=\"578\"><br \/>\nW zestawie nie ma oddzielnego kabla zasilaj\u0105cego \u2013 urz\u0105dzenie pod\u0142\u0105cza si\u0119 do istniej\u0105cej sieci elektrycznej 12\u201324 V DC lub 16\u201324 V AC.<\/em><\/div>\n<\/div>\n<\/div>\n<\/div>\n<div class=\"_tableContainer_16hzy_1\"><\/div>\n<div class=\"_tableContainer_16hzy_1\"><\/div>","protected":false},"excerpt":{"rendered":"<p data-start=\"113\" data-end=\"195\">\ud83d\udcf8 <strong data-start=\"116\" data-end=\"154\">Aparat 4 MP (2K), pole widzenia 155\u00b0 + HDR<\/strong> \u2013 wyra\u017ane szczeg\u00f3\u0142y nawet przy silnym pod\u015bwietleniu<\/p>\n<p data-start=\"113\" data-end=\"195\">\ud83c\udf19 <strong data-start=\"201\" data-end=\"235\">Inteligentny tryb nocny IR do 6 m<\/strong> \u2013 automatyczna regulacja o\u015bwietlenia, brak prze\u015bwietlonych twarzy<\/p>\n<p data-start=\"299\" data-end=\"380\">\ud83e\udde0 <strong data-start=\"302\" data-end=\"326\">Rozpoznawanie AI + PIR<\/strong> \u2013 rozr\u00f3\u017cnia ludzi, zwierz\u0119ta i pojazdy, mniej fa\u0142szywych alarm\u00f3w<\/p>\n<p data-start=\"383\" data-end=\"444\">\ud83d\udd0a <strong data-start=\"386\" data-end=\"401\">D\u017awi\u0119k dwukierunkowy<\/strong> \u2013 redukcja szum\u00f3w i echa dla wyra\u017anych rozm\u00f3w<\/p>\n<p data-start=\"447\" data-end=\"533\">\ud83d\udce1 <strong data-start=\"450\" data-end=\"474\">Podw\u00f3jna komunikacja<\/strong> \u2013 Wi-Fi 2,4 GHz <strong data-start=\"491\" data-end=\"520\">+ Radio jubilerskie (1,7 km)<\/strong> jako kopia zapasowa<\/p>\n<p data-start=\"536\" data-end=\"609\">\ud83c\udfa6 <strong data-start=\"539\" data-end=\"564\">Przesy\u0142anie strumieniowe JetSparrow\u2122<\/strong> \u2013 wideo na \u017cywo w aplikacji Ajax bez op\u00f3\u017anie\u0144<\/p>\n<p data-start=\"612\" data-end=\"692\">\ud83d\udee1\ufe0f <strong data-start=\"616\" data-end=\"651\">Szyfrowanie mTLS i alarm antysabota\u017cowy<\/strong> \u2013 najwy\u017csza ochrona danych i bezpiecze\u0144stwo fizyczne<\/p>\n<p data-start=\"695\" data-end=\"777\">\ud83d\udd0b <strong data-start=\"698\" data-end=\"740\">Zasilacz + zapasowa bateria 600 mAh<\/strong> \u2013 dzia\u0142a nawet w przypadku zaniku zasilania<\/p>\n<p data-start=\"780\" data-end=\"837\">\u2614 <strong data-start=\"782\" data-end=\"804\">IP54, \u201325 \u2026 +60 \u00b0C<\/strong> \u2013 stworzony do klimatu zewn\u0119trznego w krajach nordyckich<\/p>\n<p data-start=\"840\" data-end=\"925\">\ud83d\ude80 <strong data-start=\"843\" data-end=\"879\">Gotowy na nadchodz\u0105cy Ajax Cloud NVR<\/strong> \u2013 przysz\u0142o\u015bciowe przechowywanie i zdalne odtwarzanie<\/p>","protected":false},"featured_media":155508,"template":"","meta":{"_acf_changed":false},"product_brand":[],"product_cat":[4011,3156,3157],"product_tag":[4863],"class_list":{"0":"post-149483","1":"product","2":"type-product","3":"status-publish","4":"has-post-thumbnail","6":"product_cat-ajax-kameror","7":"product_cat-rorelse-och-kamera","8":"product_cat-utomhussakerhet","9":"product_tag-pf","10":"pa_brands-ajax-systems","11":"pa_farg-vit","12":"tm-no-options","14":"first","15":"instock","16":"sale","17":"taxable","18":"shipping-taxable","19":"purchasable","20":"product-type-simple"},"acf":[],"_links":{"self":[{"href":"https:\/\/secureus.se\/pl\/wp-json\/wp\/v2\/product\/149483","targetHints":{"allow":["GET"]}}],"collection":[{"href":"https:\/\/secureus.se\/pl\/wp-json\/wp\/v2\/product"}],"about":[{"href":"https:\/\/secureus.se\/pl\/wp-json\/wp\/v2\/types\/product"}],"wp:featuredmedia":[{"embeddable":true,"href":"https:\/\/secureus.se\/pl\/wp-json\/wp\/v2\/media\/155508"}],"wp:attachment":[{"href":"https:\/\/secureus.se\/pl\/wp-json\/wp\/v2\/media?parent=149483"}],"wp:term":[{"taxonomy":"product_brand","embeddable":true,"href":"https:\/\/secureus.se\/pl\/wp-json\/wp\/v2\/product_brand?post=149483"},{"taxonomy":"product_cat","embeddable":true,"href":"https:\/\/secureus.se\/pl\/wp-json\/wp\/v2\/product_cat?post=149483"},{"taxonomy":"product_tag","embeddable":true,"href":"https:\/\/secureus.se\/pl\/wp-json\/wp\/v2\/product_tag?post=149483"}],"curies":[{"name":"wp","href":"https:\/\/api.w.org\/{rel}","templated":true}]}}