{"id":149552,"date":"2022-03-10T15:40:00","date_gmt":"2022-03-10T14:40:00","guid":{"rendered":"https:\/\/secureus.se\/abloy-motorlas-el595-50-22mm-2\/"},"modified":"2025-12-31T19:42:50","modified_gmt":"2025-12-31T18:42:50","slug":"abloy-motorlas-el595-50-22mm","status":"publish","type":"product","link":"https:\/\/secureus.se\/pl\/abloy-motorlas-el595-50-22mm\/","title":{"rendered":"Zamek silnikowy Abloy EL595 50\/22mm"},"content":{"rendered":"<div>\n<h3>Obszar zastosowania<\/h3>\n<p>ABLOY EL595 to zamek silnikowy z t\u0142okiem opadaj\u0105cym. Oznacza to niepowtarzaln\u0105 mo\u017cliwo\u015b\u0107 po\u0142\u0105czenia wymaga\u0144 w zakresie dost\u0119pno\u015bci, ochrony przeciwpo\u017carowej i ewakuacji. Solidne okucia ewakuacyjne spe\u0142niaj\u0105 wymagania normy SS-EN 179. Drzwi z tym typem zamka otwiera si\u0119 za pomoc\u0105 nap\u0119du drzwiowego lub za pomoc\u0105 uchwytu\/p\u0142ytki dociskowej lub alternatywnie za pomoc\u0105 nacisku. Sterowanie \u015bluzami odbywa si\u0119 za pomoc\u0105 sygna\u0142\u00f3w m.in. system przepustek.<\/p>\n<h3>Funkcjonowa\u0107<\/h3>\n<p>T\u0142ok opadaj\u0105cy nap\u0119dzany jest w celu odblokowania przez wbudowany silnik. Ryglowanie odbywa si\u0119 automatycznie\/mechanicznie, niezale\u017cnie od zasilania elektrycznego, co zapewnia zastosowanie w drzwiach w komorach przeciwpo\u017carowych. EL595 ma t\u0142ok opadaj\u0105cy z blokad\u0105 spr\u0119\u017cynow\u0105, co oznacza, \u017ce blokuje si\u0119 do 20 mm. Je\u015bli EL595 jest u\u017cywany na granicy komory ogniowej, t\u0142ok opadaj\u0105cy musi by\u0107 ustawiony w pozycji 14 mm. Zamek jest ustawiony w taki spos\u00f3b, \u017ce okucie ewakuacyjne jest zawsze za\u0142\u0105czone. Jest to warunek wst\u0119pny dla normy SS-EN 179.<\/p>\n<h3>W\u0142a\u015bciwo\u015bci mechaniczne<\/h3>\n<p>EL595 ma g\u0142\u0119boko\u015b\u0107 trzpienia 50 mm i wymiar CC 105 mm. Jest to to samo, co seria modu\u0142\u00f3w i zamk\u00f3w Connect. Jednak\u017ce EL595 r\u00f3\u017cni si\u0119 pomiarem wysoko\u015bci, patrz rysunek.<\/p>\n<p>EL595 posiada regulowany t\u0142ok opadaj\u0105cy, wysuni\u0119cie 14mm lub 20mm. W drzwiach przeciwpo\u017carowych stosowana jest tylko pozycja 14 mm.<\/p>\n<h3>W\u0142a\u015bciwo\u015bci elektryczne<\/h3>\n<p>Zamek posiada wbudowany sterownik i wymaga sta\u0142ego zasilania obudowy zamka. Czas odblokowania wynosi 1,7 sekundy.<\/p>\n<h3>Dane techniczne EL595<\/h3>\n<ul>\n<li>Napi\u0119cie 12 (-10%) do 24 (+15%) V DC Stab<\/li>\n<li>Pr\u0105d 12 V DC Maks. 1700 mA Praca 600 mA (przy nacisku 50 N) Spoczynek 50 mA 24 V DC Maks. 700 mA Praca 250 mA (przy nacisku 50 N) Spoczynek 25 mA<\/li>\n<li>Wskazania Zablokowany (zablokowany) Odblokowany (otwierany) Ruch naciskowy Ruch pokr\u0119t\u0142a lub cylindra (opcja, patrz poni\u017cej)<\/li>\n<li>Mikroprze\u0142\u0105cznik Maks. 30 V AC\/DC 100 mA obci\u0105\u017cenie rezystancyjne, 3<\/li>\n<li>Wymagania \u015brodowiskowe -20 do + 60 \u02da C 20-90% wilgotno\u015b\u0107 wzgl\u0119dna, bez kondensacji<\/li>\n<li>Kabel po\u0142\u0105czeniowy EA 227 (10 m)<\/li>\n<\/ul>\n<\/div>","protected":false},"excerpt":{"rendered":"<p>Anv\u00e4ndningsomr\u00e5de ABLOY\u00a0EL595 \u00e4r ett motorl\u00e5s med fallkolv. Det inneb\u00e4r en unik m\u00f6jlighet att kombinera krav p\u00e5 tillg\u00e4nglighet, brandskydd och utrymning. De robusta utrymningsbeslagen uppfyller kraven i SS-EN 179. D\u00f6rrar med<\/p>","protected":false},"featured_media":144994,"template":"","meta":{"_acf_changed":false},"product_brand":[],"product_cat":[2874,1324],"product_tag":[2286,2417],"class_list":{"0":"post-149552","1":"product","2":"type-product","3":"status-publish","4":"has-post-thumbnail","6":"product_cat-motorlas","7":"product_cat-outlet","8":"product_tag-ellas-eltryckeslas","9":"product_tag-rel-abloy-ellas","10":"product_shipping_class-tunga-paket","11":"pa_brands-abloy","12":"tm-no-options","14":"first","15":"instock","16":"sale","17":"featured","18":"taxable","19":"shipping-taxable","20":"purchasable","21":"product-type-simple"},"acf":[],"_links":{"self":[{"href":"https:\/\/secureus.se\/pl\/wp-json\/wp\/v2\/product\/149552","targetHints":{"allow":["GET"]}}],"collection":[{"href":"https:\/\/secureus.se\/pl\/wp-json\/wp\/v2\/product"}],"about":[{"href":"https:\/\/secureus.se\/pl\/wp-json\/wp\/v2\/types\/product"}],"wp:featuredmedia":[{"embeddable":true,"href":"https:\/\/secureus.se\/pl\/wp-json\/wp\/v2\/media\/144994"}],"wp:attachment":[{"href":"https:\/\/secureus.se\/pl\/wp-json\/wp\/v2\/media?parent=149552"}],"wp:term":[{"taxonomy":"product_brand","embeddable":true,"href":"https:\/\/secureus.se\/pl\/wp-json\/wp\/v2\/product_brand?post=149552"},{"taxonomy":"product_cat","embeddable":true,"href":"https:\/\/secureus.se\/pl\/wp-json\/wp\/v2\/product_cat?post=149552"},{"taxonomy":"product_tag","embeddable":true,"href":"https:\/\/secureus.se\/pl\/wp-json\/wp\/v2\/product_tag?post=149552"}],"curies":[{"name":"wp","href":"https:\/\/api.w.org\/{rel}","templated":true}]}}