{"id":149868,"date":"2025-04-03T14:21:08","date_gmt":"2025-04-03T12:21:08","guid":{"rendered":"https:\/\/secureus.se\/apollo-sa5100-810apo-soteria-tri-sensor-detector-dual-optical-heat-co\/"},"modified":"2026-04-16T15:04:05","modified_gmt":"2026-04-16T13:04:05","slug":"apollo-sa5100-810apo-soteria-tri-sensor-detector-dual-optical-heat-co","status":"publish","type":"product","link":"https:\/\/secureus.se\/pl\/apollo-sa5100-810apo-soteria-tri-sensor-detector-dual-optical-heat-co\/","title":{"rendered":"Apollo SA5100-810APO Soteria Tri-Sensor Detector Dual Optyczny \/ Ciep\u0142o \/ CO"},"content":{"rendered":"<h1>Apollo SA5100-810APO Soteria Tri-Sensor Detector Dual Optyczny \/ Ciep\u0142o \/ CO<\/h1>\n<p class=\"\" data-start=\"445\" data-end=\"1031\">Detektor tr\u00f3jsensorowy Apollo SA5100-810APO Soteria to zaawansowane urz\u0105dzenie \u0142\u0105cz\u0105ce w sobie trzy metody wykrywania: podw\u00f3jn\u0105 detekcj\u0119 optyczn\u0105, czujnik ciep\u0142a i czujnik dwutlenku w\u0119gla (CO).<\/p>\n<p class=\"\" data-start=\"445\" data-end=\"1031\">Ten wszechstronny detektor oferuje pi\u0119\u0107 r\u00f3\u017cnych modeli czu\u0142o\u015bci, co pozwala zoptymalizowa\u0107 wydajno\u015b\u0107 w r\u00f3\u017cnych \u015brodowiskach, w tym ustawienia NT (normalna czu\u0142o\u015b\u0107) i MT (\u015brednia czu\u0142o\u015b\u0107).<\/p>\n<p class=\"\" data-start=\"445\" data-end=\"1031\">Urz\u0105dzenie wykorzystuje zaawansowany optyczny czujnik dymu z nadajnikiem-odbiornikiem podczerwieni i dodatkow\u0105 fotodiod\u0105, co pozwala uzyska\u0107 wiele k\u0105t\u00f3w rozpraszania \u015bwiat\u0142a, co poprawia zdolno\u015b\u0107 filtrowania sygna\u0142\u00f3w zak\u0142\u00f3caj\u0105cych.<\/p>\n<p class=\"\" data-start=\"1033\" data-end=\"1479\">Czujnik ciep\u0142a, termistor NTC, umo\u017cliwia precyzyjne monitorowanie temperatury, natomiast czujnik CO, oparty na technologii ogniw elektrochemicznych, mierzy poziom dwutlenku w\u0119gla, co dodatkowo wspomaga wykrywanie po\u017caru.<\/p>\n<p class=\"\" data-start=\"1033\" data-end=\"1479\">Detektor posiada r\u00f3wnie\u017c wbudowany izolator i funkcj\u0119 FasTest\u00ae, dzi\u0119ki kt\u00f3rej testowanie jest szybsze i \u0142atwiejsze, redukuj\u0105c czas konserwacji.<\/p>\n<p class=\"\" data-start=\"1033\" data-end=\"1479\">Dodatkowo prze\u0142\u0105czniki DIL umo\u017cliwiaj\u0105 adresowanie, a tr\u00f3jkolorowa dioda LED sygnalizuje stan alarmu i tryb pracy.<\/p>\n<p class=\"\" data-start=\"1481\" data-end=\"1501\"><strong data-start=\"1481\" data-end=\"1500\">Dane techniczne<\/strong>:<\/p>\n<ul data-start=\"1502\" data-end=\"1959\">\n<li class=\"\" data-start=\"1502\" data-end=\"1532\">\n<p class=\"\" data-start=\"1504\" data-end=\"1532\"><strong data-start=\"1504\" data-end=\"1518\">\u0179r\u00f3d\u0142o zasilania<\/strong>: 17 V \u2013 35 V pr\u0105du sta\u0142ego<\/p>\n<\/li>\n<li class=\"\" data-start=\"1533\" data-end=\"1583\">\n<p class=\"\" data-start=\"1535\" data-end=\"1583\"><strong data-start=\"1535\" data-end=\"1558\">Napi\u0119cie modulacyjne<\/strong>: 5V \u2013 13V szczyt do szczytu<\/p>\n<\/li>\n<li class=\"\" data-start=\"1584\" data-end=\"1627\">\n<p class=\"\" data-start=\"1586\" data-end=\"1627\"><strong data-start=\"1586\" data-end=\"1610\">Niskie zu\u017cycie energii<\/strong>: 600 \u00b5A w stanie spoczynku<\/p>\n<\/li>\n<li class=\"\" data-start=\"1628\" data-end=\"1662\">\n<p class=\"\" data-start=\"1630\" data-end=\"1662\"><strong data-start=\"1630\" data-end=\"1656\">Moc szczytowa przy uruchomieniu<\/strong>: 2mA<\/p>\n<\/li>\n<li class=\"\" data-start=\"1663\" data-end=\"1704\">\n<p class=\"\" data-start=\"1665\" data-end=\"1704\"><strong data-start=\"1665\" data-end=\"1679\">Pr\u0105d alarmowy<\/strong>: 4 mA przy o\u015bwietleniu LED<\/p>\n<\/li>\n<li class=\"\" data-start=\"1705\" data-end=\"1750\">\n<p class=\"\" data-start=\"1707\" data-end=\"1750\"><strong data-start=\"1707\" data-end=\"1733\">Temperatury robocze<\/strong>: \u201310\u00b0C do 55\u00b0C<\/p>\n<\/li>\n<li class=\"\" data-start=\"1751\" data-end=\"1814\">\n<p class=\"\" data-start=\"1753\" data-end=\"1814\"><strong data-start=\"1753\" data-end=\"1766\">Wilgotno\u015b\u0107<\/strong>: 0% do 90% RH (bez kondensacji i oblodzenia)<\/p>\n<\/li>\n<li class=\"\" data-start=\"1815\" data-end=\"1842\">\n<p class=\"\" data-start=\"1817\" data-end=\"1842\"><strong data-start=\"1817\" data-end=\"1825\">Mierzy\u0107<\/strong>: \u00d8103mm x 55mm<\/p>\n<\/li>\n<li class=\"\" data-start=\"1843\" data-end=\"1860\">\n<p class=\"\" data-start=\"1845\" data-end=\"1860\"><strong data-start=\"1845\" data-end=\"1853\">Waga<\/strong>: 105g<\/p>\n<\/li>\n<li class=\"\" data-start=\"1861\" data-end=\"1909\">\n<p class=\"\" data-start=\"1863\" data-end=\"1909\"><strong data-start=\"1863\" data-end=\"1881\">Zgodno\u015b\u0107<\/strong>:Odkrycie i CoreProtocol<\/p>\n<\/li>\n<li class=\"\" data-start=\"1910\" data-end=\"1930\">\n<p class=\"\" data-start=\"1912\" data-end=\"1930\"><strong data-start=\"1912\" data-end=\"1924\">Klasa IP<\/strong>: IP40<\/p>\n<\/li>\n<li class=\"\" data-start=\"1931\" data-end=\"1959\">\n<p class=\"\" data-start=\"1933\" data-end=\"1959\"><strong data-start=\"1933\" data-end=\"1945\">Tworzywo<\/strong>: ABS, POM, PC<\/p>\n<\/li>\n<\/ul>","protected":false},"excerpt":{"rendered":"<p>Czujka Apollo SA5100-810APO Soteria Tri-Sensor wykorzystuje podw\u00f3jn\u0105 technologi\u0119 detekcji optycznej wraz z czujnikiem ciep\u0142a i czujnikiem CO, co zapewnia dok\u0142adne wykrywanie dymu i minimalizuje ryzyko fa\u0142szywych alarm\u00f3w.<\/p>\n<p>Urz\u0105dzenie jest kompatybilne zar\u00f3wno z protoko\u0142em Discovery, jak i CoreProtocol i oferuje pi\u0119\u0107 modeli czu\u0142o\u015bci.<\/p>","protected":false},"featured_media":149867,"template":"","meta":{"_acf_changed":false},"product_brand":[],"product_cat":[4750],"product_tag":[],"class_list":{"0":"post-149868","1":"product","2":"type-product","3":"status-publish","4":"has-post-thumbnail","6":"product_cat-soteria-serien","7":"pa_brands-apollo-fire-detectors","8":"tm-no-options","10":"first","11":"onbackorder","12":"taxable","13":"shipping-taxable","14":"purchasable","15":"product-type-simple"},"acf":[],"_links":{"self":[{"href":"https:\/\/secureus.se\/pl\/wp-json\/wp\/v2\/product\/149868","targetHints":{"allow":["GET"]}}],"collection":[{"href":"https:\/\/secureus.se\/pl\/wp-json\/wp\/v2\/product"}],"about":[{"href":"https:\/\/secureus.se\/pl\/wp-json\/wp\/v2\/types\/product"}],"wp:featuredmedia":[{"embeddable":true,"href":"https:\/\/secureus.se\/pl\/wp-json\/wp\/v2\/media\/149867"}],"wp:attachment":[{"href":"https:\/\/secureus.se\/pl\/wp-json\/wp\/v2\/media?parent=149868"}],"wp:term":[{"taxonomy":"product_brand","embeddable":true,"href":"https:\/\/secureus.se\/pl\/wp-json\/wp\/v2\/product_brand?post=149868"},{"taxonomy":"product_cat","embeddable":true,"href":"https:\/\/secureus.se\/pl\/wp-json\/wp\/v2\/product_cat?post=149868"},{"taxonomy":"product_tag","embeddable":true,"href":"https:\/\/secureus.se\/pl\/wp-json\/wp\/v2\/product_tag?post=149868"}],"curies":[{"name":"wp","href":"https:\/\/api.w.org\/{rel}","templated":true}]}}