{"id":149874,"date":"2025-04-03T14:19:28","date_gmt":"2025-04-03T12:19:28","guid":{"rendered":"https:\/\/secureus.se\/apollo-55000-217apo-65-series-rokdetektor-med-jonisering-vit\/"},"modified":"2026-04-16T15:11:19","modified_gmt":"2026-04-16T13:11:19","slug":"apollo-55000-217apo-65-series-rokdetektor-med-jonisering-vit","status":"publish","type":"product","link":"https:\/\/secureus.se\/pl\/apollo-55000-217apo-65-series-rokdetektor-med-jonisering-vit\/","title":{"rendered":"Apollo 55000-217APO seria 65, jonizacyjny czujnik dymu, bia\u0142y KONIEC SERII: Zast\u0105piony przez 55000-317APO"},"content":{"rendered":"<h1>Apollo 55000-217APO seria 65, czujnik dymu z jonizacj\u0105, bia\u0142y<\/h1>\n<p class=\"\" data-start=\"393\" data-end=\"837\">Czujnik dymu Apollo 55000-217APO serii 65 wykrywa dym za pomoc\u0105 niskoaktywnej folii radioaktywnej, napromieniowuj\u0105c powietrze w komorze dymowej, co powoduje przep\u0142yw pr\u0105du.<\/p>\n<p class=\"\" data-start=\"393\" data-end=\"837\">Kiedy dym przedostaje si\u0119 do komory, przep\u0142yw pr\u0105du spada, co powoduje w\u0142\u0105czenie alarmu. Ten detektor ma szeroki zakres napi\u0119cia roboczego od 9 do 33 V i wykorzystuje zaawansowan\u0105 technologi\u0119 elektroniczn\u0105, dzi\u0119ki czemu jest wydajny i niezawodny w wielu zastosowaniach.<\/p>\n<p class=\"\" data-start=\"839\" data-end=\"1228\">Jedn\u0105 z najwa\u017cniejszych funkcji jest opcjonalna migaj\u0105ca dioda LED, kt\u00f3ra zapewnia wizualn\u0105 sygnalizacj\u0119 w trybie czuwania.<\/p>\n<p class=\"\" data-start=\"839\" data-end=\"1228\">Detektor wyposa\u017cono r\u00f3wnie\u017c w opcj\u0119 magnetycznego prze\u0142\u0105cznika testowego, dzi\u0119ki kt\u00f3rej mo\u017cna \u0142atwiej sprawdzi\u0107 jego dzia\u0142anie.<\/p>\n<p class=\"\" data-start=\"839\" data-end=\"1228\">Zaprojektowano go tak, aby spe\u0142nia\u0142 mi\u0119dzynarodowe normy i idealnie nadaje si\u0119 do stosowania w systemach wykrywania po\u017caru i systemach bezpiecze\u0144stwa.<\/p>\n<p class=\"\" data-start=\"1230\" data-end=\"1250\"><strong data-start=\"1230\" data-end=\"1249\">Dane techniczne<\/strong>:<\/p>\n<ul data-start=\"1251\" data-end=\"1717\">\n<li class=\"\" data-start=\"1251\" data-end=\"1277\">\n<p class=\"\" data-start=\"1253\" data-end=\"1277\"><strong data-start=\"1253\" data-end=\"1267\">\u0179r\u00f3d\u0142o zasilania<\/strong>: 9-33 V pr\u0105du sta\u0142ego<\/p>\n<\/li>\n<li class=\"\" data-start=\"1278\" data-end=\"1308\">\n<p class=\"\" data-start=\"1280\" data-end=\"1308\"><strong data-start=\"1280\" data-end=\"1303\">Medium wykrywalne<\/strong>:Dym<\/p>\n<\/li>\n<li class=\"\" data-start=\"1309\" data-end=\"1324\">\n<p class=\"\" data-start=\"1311\" data-end=\"1324\"><strong data-start=\"1311\" data-end=\"1319\">Farba<\/strong>: Bia\u0142y<\/p>\n<\/li>\n<li class=\"\" data-start=\"1325\" data-end=\"1359\">\n<p class=\"\" data-start=\"1327\" data-end=\"1359\"><strong data-start=\"1327\" data-end=\"1334\">Typ<\/strong>: Jonizuj\u0105cy czujnik dymu<\/p>\n<\/li>\n<li class=\"\" data-start=\"1360\" data-end=\"1417\">\n<p class=\"\" data-start=\"1362\" data-end=\"1417\"><strong data-start=\"1362\" data-end=\"1376\">Alternatywny<\/strong>: Migaj\u0105ca dioda LED, magnetyczny prze\u0142\u0105cznik testowy<\/p>\n<\/li>\n<li class=\"\" data-start=\"1418\" data-end=\"1469\">\n<p class=\"\" data-start=\"1420\" data-end=\"1469\"><strong data-start=\"1420\" data-end=\"1428\">Mierzy\u0107<\/strong>:Standardowy rozmiar dla detektor\u00f3w serii 65<\/p>\n<\/li>\n<li class=\"\" data-start=\"1470\" data-end=\"1518\">\n<p class=\"\" data-start=\"1472\" data-end=\"1518\"><strong data-start=\"1472\" data-end=\"1480\">Waga<\/strong>:Standardowa waga dla detektor\u00f3w serii 65<\/p>\n<\/li>\n<li class=\"\" data-start=\"1519\" data-end=\"1565\">\n<p class=\"\" data-start=\"1521\" data-end=\"1565\"><strong data-start=\"1521\" data-end=\"1539\">Funkcje testowe<\/strong>: Prze\u0142\u0105cznik testu magnetycznego<\/p>\n<\/li>\n<li class=\"\" data-start=\"1566\" data-end=\"1633\">\n<p class=\"\" data-start=\"1568\" data-end=\"1633\"><strong data-start=\"1568\" data-end=\"1586\">Zgodno\u015b\u0107<\/strong>:Wsp\u00f3\u0142pracuje z bazami i systemami Apollo Series 65<\/p>\n<\/li>\n<li class=\"\" data-start=\"1634\" data-end=\"1717\">\n<p class=\"\" data-start=\"1636\" data-end=\"1717\"><strong data-start=\"1636\" data-end=\"1652\">Orzecznictwo<\/strong>: Testowane i zatwierdzone zgodnie z norm\u0105 EN 54-7 dla czujnik\u00f3w dymu.<\/p>\n<\/li>\n<\/ul>","protected":false},"excerpt":{"rendered":"<p>Ten produkt jest KO\u0143CEM SERII. Bezpo\u015brednio zast\u0105piony <strong>55000-317APO<\/strong><\/p>\n<p>Apollo 55000-217APO seria 65 to jonizacyjny czujnik dymu z zaawansowan\u0105 technologi\u0105 elektroniczn\u0105 i szerokim napi\u0119ciem roboczym.<\/p>\n<p>Wyposa\u017cony w foli\u0119 radioaktywn\u0105 i migaj\u0105c\u0105 diod\u0119 LED, wykrywa dym poprzez redukcj\u0119 przep\u0142ywu pr\u0105du w momencie przedostania si\u0119 dymu do komory.<\/p>","protected":false},"featured_media":149873,"template":"","meta":{"_acf_changed":false},"product_brand":[],"product_cat":[4747,3373],"product_tag":[],"class_list":{"0":"post-149874","1":"product","2":"type-product","3":"status-publish","4":"has-post-thumbnail","6":"product_cat-65-serien","7":"product_cat-rokdetektorer","8":"pa_brands-apollo-fire-detectors","9":"tm-no-options","11":"first","12":"outofstock","13":"sale","14":"taxable","15":"shipping-taxable","16":"purchasable","17":"product-type-simple"},"acf":[],"_links":{"self":[{"href":"https:\/\/secureus.se\/pl\/wp-json\/wp\/v2\/product\/149874","targetHints":{"allow":["GET"]}}],"collection":[{"href":"https:\/\/secureus.se\/pl\/wp-json\/wp\/v2\/product"}],"about":[{"href":"https:\/\/secureus.se\/pl\/wp-json\/wp\/v2\/types\/product"}],"wp:featuredmedia":[{"embeddable":true,"href":"https:\/\/secureus.se\/pl\/wp-json\/wp\/v2\/media\/149873"}],"wp:attachment":[{"href":"https:\/\/secureus.se\/pl\/wp-json\/wp\/v2\/media?parent=149874"}],"wp:term":[{"taxonomy":"product_brand","embeddable":true,"href":"https:\/\/secureus.se\/pl\/wp-json\/wp\/v2\/product_brand?post=149874"},{"taxonomy":"product_cat","embeddable":true,"href":"https:\/\/secureus.se\/pl\/wp-json\/wp\/v2\/product_cat?post=149874"},{"taxonomy":"product_tag","embeddable":true,"href":"https:\/\/secureus.se\/pl\/wp-json\/wp\/v2\/product_tag?post=149874"}],"curies":[{"name":"wp","href":"https:\/\/api.w.org\/{rel}","templated":true}]}}