{"id":149876,"date":"2025-04-03T14:19:27","date_gmt":"2025-04-03T12:19:27","guid":{"rendered":"https:\/\/secureus.se\/apollo-55000-137apo-65-series-cs-varmedetektor-vit\/"},"modified":"2026-04-09T11:23:45","modified_gmt":"2026-04-09T09:23:45","slug":"apollo-55000-137apo-65-series-cs-varmedetektor-vit","status":"publish","type":"product","link":"https:\/\/secureus.se\/pl\/apollo-55000-137apo-65-series-cs-varmedetektor-vit\/","title":{"rendered":"Apollo 55000-137APO seria 65, czujnik ciep\u0142a CS, bia\u0142y"},"content":{"rendered":"<h1>Apollo 55000-137APO seria 65, czujnik ciep\u0142a CS, bia\u0142y<\/h1>\n<p class=\"\" data-start=\"453\" data-end=\"821\">Czujnik ciep\u0142a Apollo 55000-137APO serii 65 CS monitoruje temperatur\u0119 za pomoc\u0105 sieci termistor\u00f3w NTC i generuje napi\u0119cie wyj\u015bciowe proporcjonalne do temperatury powietrza zewn\u0119trznego.<\/p>\n<p class=\"\" data-start=\"453\" data-end=\"821\">Doskonale sprawdza si\u0119 w zastosowaniach, w kt\u00f3rych nie mo\u017cna stosowa\u0107 czujnik\u00f3w dymu, np. w brudnych lub zadymionych pomieszczeniach, gdzie czujniki mog\u0105 generowa\u0107 fa\u0142szywe alarmy.<\/p>\n<p class=\"\" data-start=\"823\" data-end=\"1197\">Posiada szeroki zakres napi\u0119cia roboczego 9\u201333 V DC i mo\u017ce by\u0107 stosowany w r\u00f3\u017cnych \u015brodowiskach, w tym w \u015brodowiskach o du\u017cej wilgotno\u015bci (0%\u201395% RH) oraz tam, gdzie wymagany jest niezawodny monitoring temperatury.<\/p>\n<p class=\"\" data-start=\"823\" data-end=\"1197\">Wersja CS posiada pojedynczy termistor NTC umo\u017cliwiaj\u0105cy szybszy i bardziej efektywny pomiar temperatury. Detektor ciep\u0142a ma r\u00f3wnie\u017c klas\u0119 ochrony IP54, co sprawia, \u017ce nadaje si\u0119 do stosowania zar\u00f3wno wewn\u0105trz, jak i na zewn\u0105trz w trudnych warunkach.<\/p>\n<p class=\"\" data-start=\"1199\" data-end=\"1219\"><strong data-start=\"1199\" data-end=\"1218\">Dane techniczne<\/strong>:<\/p>\n<ul data-start=\"1220\" data-end=\"1705\">\n<li class=\"\" data-start=\"1220\" data-end=\"1246\">\n<p class=\"\" data-start=\"1222\" data-end=\"1246\"><strong data-start=\"1222\" data-end=\"1236\">\u0179r\u00f3d\u0142o zasilania<\/strong>: 9\u201333 V pr\u0105du sta\u0142ego<\/p>\n<\/li>\n<li class=\"\" data-start=\"1247\" data-end=\"1274\">\n<p class=\"\" data-start=\"1249\" data-end=\"1274\"><strong data-start=\"1249\" data-end=\"1257\">Mierzy\u0107<\/strong>: \u00d8100mm x 42mm<\/p>\n<\/li>\n<li class=\"\" data-start=\"1275\" data-end=\"1291\">\n<p class=\"\" data-start=\"1277\" data-end=\"1291\"><strong data-start=\"1277\" data-end=\"1285\">Waga<\/strong>: 80g<\/p>\n<\/li>\n<li class=\"\" data-start=\"1292\" data-end=\"1307\">\n<p class=\"\" data-start=\"1294\" data-end=\"1307\"><strong data-start=\"1294\" data-end=\"1302\">Farba<\/strong>: Bia\u0142y<\/p>\n<\/li>\n<li class=\"\" data-start=\"1308\" data-end=\"1394\">\n<p class=\"\" data-start=\"1310\" data-end=\"1394\"><strong data-start=\"1310\" data-end=\"1324\">Temperatura<\/strong>: A1R: \u201320\u00b0C do +50\u00b0C, BR: \u201320\u00b0C do +65\u00b0C, CS\/CR: \u201320\u00b0C do +80\u00b0C<\/p>\n<\/li>\n<li class=\"\" data-start=\"1395\" data-end=\"1458\">\n<p class=\"\" data-start=\"1397\" data-end=\"1458\"><strong data-start=\"1397\" data-end=\"1410\">Wilgotno\u015b\u0107<\/strong>: 0% do 95% RH (bez kondensacji i oblodzenia)<\/p>\n<\/li>\n<li class=\"\" data-start=\"1459\" data-end=\"1479\">\n<p class=\"\" data-start=\"1461\" data-end=\"1479\"><strong data-start=\"1461\" data-end=\"1473\">Klasa IP<\/strong>: IP54<\/p>\n<\/li>\n<li class=\"\" data-start=\"1480\" data-end=\"1519\">\n<p class=\"\" data-start=\"1482\" data-end=\"1519\"><strong data-start=\"1482\" data-end=\"1493\">Gwarancja<\/strong>:Ograniczona 10-letnia gwarancja<\/p>\n<\/li>\n<li class=\"\" data-start=\"1520\" data-end=\"1571\">\n<p class=\"\" data-start=\"1522\" data-end=\"1571\"><strong data-start=\"1522\" data-end=\"1540\">Zgodno\u015b\u0107<\/strong>:Podstawy serii 60 i serii 65<\/p>\n<\/li>\n<li class=\"\" data-start=\"1572\" data-end=\"1603\">\n<p class=\"\" data-start=\"1574\" data-end=\"1603\"><strong data-start=\"1574\" data-end=\"1595\">Technologia po\u0142\u0105czenia<\/strong>:Gwintowany<\/p>\n<\/li>\n<li class=\"\" data-start=\"1604\" data-end=\"1705\">\n<p class=\"\" data-start=\"1606\" data-end=\"1705\"><strong data-start=\"1606\" data-end=\"1618\">Korzy\u015bci<\/strong>:Idealny do \u015brodowisk, w kt\u00f3rych nie mo\u017cna zastosowa\u0107 czujnik\u00f3w dymu, obszar\u00f3w brudnych lub zadymionych<\/p>\n<\/li>\n<\/ul>\n<p>&nbsp;<\/p>","protected":false},"excerpt":{"rendered":"<p>Detektor ciep\u0142a Apollo 55000-137APO serii 65 CS to niezawodny detektor do monitorowania temperatury za pomoc\u0105 sieci termistor\u00f3w NTC.<\/p>\n<p>Idealnie nadaje si\u0119 do stosowania w miejscach, w kt\u00f3rych nie mo\u017cna zastosowa\u0107 czujnik\u00f3w dymu, np. w pomieszczeniach brudnych lub zadymionych.<\/p>\n<p>Posiada szeroki zakres napi\u0119cia roboczego i spe\u0142nia mi\u0119dzynarodowe normy bezpiecze\u0144stwa.<\/p>","protected":false},"featured_media":149875,"template":"","meta":{"_acf_changed":false},"product_brand":[],"product_cat":[4747,4157],"product_tag":[],"class_list":{"0":"post-149876","1":"product","2":"type-product","3":"status-publish","4":"has-post-thumbnail","6":"product_cat-65-serien","7":"product_cat-varmedetektor","8":"pa_brands-apollo-fire-detectors","9":"tm-no-options","11":"first","12":"instock","13":"sale","14":"taxable","15":"shipping-taxable","16":"purchasable","17":"product-type-simple"},"acf":[],"_links":{"self":[{"href":"https:\/\/secureus.se\/pl\/wp-json\/wp\/v2\/product\/149876","targetHints":{"allow":["GET"]}}],"collection":[{"href":"https:\/\/secureus.se\/pl\/wp-json\/wp\/v2\/product"}],"about":[{"href":"https:\/\/secureus.se\/pl\/wp-json\/wp\/v2\/types\/product"}],"wp:featuredmedia":[{"embeddable":true,"href":"https:\/\/secureus.se\/pl\/wp-json\/wp\/v2\/media\/149875"}],"wp:attachment":[{"href":"https:\/\/secureus.se\/pl\/wp-json\/wp\/v2\/media?parent=149876"}],"wp:term":[{"taxonomy":"product_brand","embeddable":true,"href":"https:\/\/secureus.se\/pl\/wp-json\/wp\/v2\/product_brand?post=149876"},{"taxonomy":"product_cat","embeddable":true,"href":"https:\/\/secureus.se\/pl\/wp-json\/wp\/v2\/product_cat?post=149876"},{"taxonomy":"product_tag","embeddable":true,"href":"https:\/\/secureus.se\/pl\/wp-json\/wp\/v2\/product_tag?post=149876"}],"curies":[{"name":"wp","href":"https:\/\/api.w.org\/{rel}","templated":true}]}}