{"id":149878,"date":"2025-04-03T14:19:26","date_gmt":"2025-04-03T12:19:26","guid":{"rendered":"https:\/\/secureus.se\/apollo-55000-136apo-65-series-cs-varmedetektor-med-blinkande-led-vit\/"},"modified":"2026-04-09T11:23:50","modified_gmt":"2026-04-09T09:23:50","slug":"apollo-55000-136apo-65-series-cs-varmedetektor-med-blinkande-led-vit","status":"publish","type":"product","link":"https:\/\/secureus.se\/pl\/apollo-55000-136apo-65-series-cs-varmedetektor-med-blinkande-led-vit\/","title":{"rendered":"Apollo 55000-136APO seria 65, detektor ciep\u0142a CS z migaj\u0105c\u0105 diod\u0105 LED, bia\u0142y"},"content":{"rendered":"<h1>Apollo 55000-136APO seria 65, detektor ciep\u0142a CS z migaj\u0105c\u0105 diod\u0105 LED, bia\u0142y<\/h1>\n<p class=\"\" data-start=\"416\" data-end=\"813\">Czujnik ciep\u0142a Apollo 55000-136APO serii 65 CS z migaj\u0105c\u0105 diod\u0105 LED wykorzystuje zaawansowan\u0105 sie\u0107 termistor\u00f3w do monitorowania temperatury powietrza i w\u0142\u0105cza alarm w przypadku nag\u0142ego wzrostu temperatury.<\/p>\n<p class=\"\" data-start=\"416\" data-end=\"813\">Detektor jest przeznaczony do stosowania w miejscach, w kt\u00f3rych nie mo\u017cna stosowa\u0107 tradycyjnych czujnik\u00f3w dymu, na przyk\u0142ad w pomieszczeniach, w kt\u00f3rych w warunkach naturalnych wyst\u0119puje zadymienie lub brud.<\/p>\n<p class=\"\" data-start=\"815\" data-end=\"1214\">Wyposa\u017cony jest w zintegrowan\u0105 diod\u0119 LED, kt\u00f3ra miga, gdy detektor jest w trybie u\u015bpienia i \u015bwieci si\u0119 w przypadku alarmu. Szeroki zakres napi\u0119cia roboczego (9-33 V DC) sprawia, \u017ce urz\u0105dzenie jest kompatybilne z szerok\u0105 gam\u0105 system\u00f3w.<\/p>\n<p class=\"\" data-start=\"815\" data-end=\"1214\">Materia\u0142 obudowy to bia\u0142y poliw\u0119glan, kt\u00f3ry zapewnia wytrzyma\u0142o\u015b\u0107 i trwa\u0142o\u015b\u0107 koloru. Detektor ma r\u00f3wnie\u017c klas\u0119 ochrony IP54 i skutecznie dzia\u0142a w r\u00f3\u017cnych warunkach temperatury i wilgotno\u015bci (od 0% do 95% RH).<\/p>\n<p class=\"\" data-start=\"1216\" data-end=\"1395\">Dzi\u0119ki sprawdzonej wydajno\u015bci i d\u0142ugiej trwa\u0142o\u015bci (10-letnia gwarancja) ten czujnik jest doskona\u0142ym wyborem do monitorowania temperatury w zastosowaniach, w kt\u00f3rych czujniki dymu nie s\u0105 odpowiednie.<\/p>\n<p class=\"\" data-start=\"1397\" data-end=\"1417\"><strong data-start=\"1397\" data-end=\"1416\">Dane techniczne<\/strong>:<\/p>\n<ul data-start=\"1418\" data-end=\"1778\">\n<li class=\"\" data-start=\"1418\" data-end=\"1444\">\n<p class=\"\" data-start=\"1420\" data-end=\"1444\"><strong data-start=\"1420\" data-end=\"1434\">\u0179r\u00f3d\u0142o zasilania<\/strong>: 9\u201333 V pr\u0105du sta\u0142ego<\/p>\n<\/li>\n<li class=\"\" data-start=\"1445\" data-end=\"1472\">\n<p class=\"\" data-start=\"1447\" data-end=\"1472\"><strong data-start=\"1447\" data-end=\"1455\">Mierzy\u0107<\/strong>: \u00d8100mm x 42mm<\/p>\n<\/li>\n<li class=\"\" data-start=\"1473\" data-end=\"1489\">\n<p class=\"\" data-start=\"1475\" data-end=\"1489\"><strong data-start=\"1475\" data-end=\"1483\">Waga<\/strong>: 80g<\/p>\n<\/li>\n<li class=\"\" data-start=\"1490\" data-end=\"1505\">\n<p class=\"\" data-start=\"1492\" data-end=\"1505\"><strong data-start=\"1492\" data-end=\"1500\">Farba<\/strong>: Bia\u0142y<\/p>\n<\/li>\n<li class=\"\" data-start=\"1506\" data-end=\"1540\">\n<p class=\"\" data-start=\"1508\" data-end=\"1540\"><strong data-start=\"1508\" data-end=\"1522\">Temperatura<\/strong>: \u201320\u00b0C do +60\u00b0C<\/p>\n<\/li>\n<li class=\"\" data-start=\"1541\" data-end=\"1604\">\n<p class=\"\" data-start=\"1543\" data-end=\"1604\"><strong data-start=\"1543\" data-end=\"1556\">Wilgotno\u015b\u0107<\/strong>: 0% do 95% RH (bez kondensacji i oblodzenia)<\/p>\n<\/li>\n<li class=\"\" data-start=\"1605\" data-end=\"1625\">\n<p class=\"\" data-start=\"1607\" data-end=\"1625\"><strong data-start=\"1607\" data-end=\"1619\">Klasa IP<\/strong>: IP54<\/p>\n<\/li>\n<li class=\"\" data-start=\"1626\" data-end=\"1665\">\n<p class=\"\" data-start=\"1628\" data-end=\"1665\"><strong data-start=\"1628\" data-end=\"1639\">Gwarancja<\/strong>:Ograniczona 10-letnia gwarancja<\/p>\n<\/li>\n<li class=\"\" data-start=\"1666\" data-end=\"1694\">\n<p class=\"\" data-start=\"1668\" data-end=\"1694\"><strong data-start=\"1668\" data-end=\"1680\">Tworzywo<\/strong>:Poliw\u0119glan<\/p>\n<\/li>\n<li class=\"\" data-start=\"1695\" data-end=\"1746\">\n<p class=\"\" data-start=\"1697\" data-end=\"1746\"><strong data-start=\"1697\" data-end=\"1715\">Zgodno\u015b\u0107<\/strong>:Podstawy serii 60 i serii 65<\/p>\n<\/li>\n<li class=\"\" data-start=\"1747\" data-end=\"1778\">\n<p class=\"\" data-start=\"1749\" data-end=\"1778\"><strong data-start=\"1749\" data-end=\"1770\">Technologia po\u0142\u0105czenia<\/strong>:Gwintowany<\/p>\n<\/li>\n<\/ul>","protected":false},"excerpt":{"rendered":"<p>Czujnik ciep\u0142a Apollo 55000-136APO serii 65 CS z migaj\u0105c\u0105 diod\u0105 LED doskonale sprawdza si\u0119 w miejscach, w kt\u00f3rych czujniki dymu nie s\u0105 odpowiednie, np. w pomieszczeniach brudnych lub zadymionych.<\/p>\n<p>Dzi\u0119ki szerokiemu zakresowi napi\u0119cia roboczego i sprawdzonej wydajno\u015bci wykrywania, detektor ten zapewnia niezawodny monitoring temperatury.<\/p>","protected":false},"featured_media":149877,"template":"","meta":{"_acf_changed":false},"product_brand":[],"product_cat":[4747,4157],"product_tag":[],"class_list":{"0":"post-149878","1":"product","2":"type-product","3":"status-publish","4":"has-post-thumbnail","6":"product_cat-65-serien","7":"product_cat-varmedetektor","8":"pa_brands-apollo-fire-detectors","9":"tm-no-options","11":"first","12":"instock","13":"taxable","14":"shipping-taxable","15":"purchasable","16":"product-type-simple"},"acf":[],"_links":{"self":[{"href":"https:\/\/secureus.se\/pl\/wp-json\/wp\/v2\/product\/149878","targetHints":{"allow":["GET"]}}],"collection":[{"href":"https:\/\/secureus.se\/pl\/wp-json\/wp\/v2\/product"}],"about":[{"href":"https:\/\/secureus.se\/pl\/wp-json\/wp\/v2\/types\/product"}],"wp:featuredmedia":[{"embeddable":true,"href":"https:\/\/secureus.se\/pl\/wp-json\/wp\/v2\/media\/149877"}],"wp:attachment":[{"href":"https:\/\/secureus.se\/pl\/wp-json\/wp\/v2\/media?parent=149878"}],"wp:term":[{"taxonomy":"product_brand","embeddable":true,"href":"https:\/\/secureus.se\/pl\/wp-json\/wp\/v2\/product_brand?post=149878"},{"taxonomy":"product_cat","embeddable":true,"href":"https:\/\/secureus.se\/pl\/wp-json\/wp\/v2\/product_cat?post=149878"},{"taxonomy":"product_tag","embeddable":true,"href":"https:\/\/secureus.se\/pl\/wp-json\/wp\/v2\/product_tag?post=149878"}],"curies":[{"name":"wp","href":"https:\/\/api.w.org\/{rel}","templated":true}]}}