{"id":149880,"date":"2025-04-03T14:19:25","date_gmt":"2025-04-03T12:19:25","guid":{"rendered":"https:\/\/secureus.se\/apollo-55000-127apo-65-series-br-varmedetektor-vit\/"},"modified":"2026-04-16T15:13:09","modified_gmt":"2026-04-16T13:13:09","slug":"apollo-55000-127apo-65-series-br-varmedetektor-vit","status":"publish","type":"product","link":"https:\/\/secureus.se\/pl\/apollo-55000-127apo-65-series-br-varmedetektor-vit\/","title":{"rendered":"Apollo 55000-127APO seria 65, czujnik ciep\u0142a BR, bia\u0142y"},"content":{"rendered":"<h1>Apollo 55000-127APO seria 65, czujnik ciep\u0142a BR, bia\u0142y<\/h1>\n<p class=\"\" data-start=\"358\" data-end=\"887\">Detektor ciep\u0142a Apollo 55000-127APO serii 65 BR jest przeznaczony do monitorowania temperatury powietrza za pomoc\u0105 sieci dw\u00f3ch termistor\u00f3w. Sie\u0107 ta zapewnia napi\u0119cie wyj\u015bciowe proporcjonalne do temperatury powietrza zewn\u0119trznego, umo\u017cliwiaj\u0105c detektorowi reagowanie na gwa\u0142towne wzrosty temperatury. Jest on szczeg\u00f3lnie przydatny w miejscach, w kt\u00f3rych nie mo\u017cna skutecznie u\u017cywa\u0107 czujnik\u00f3w dymu, np. w pomieszczeniach brudnych lub zadymionych. Szeroki zakres napi\u0119cia roboczego 9\u201333 V sprawia, \u017ce urz\u0105dzenie jest kompatybilne z szerok\u0105 gam\u0105 system\u00f3w.<\/p>\n<p class=\"\" data-start=\"889\" data-end=\"909\"><strong data-start=\"889\" data-end=\"908\">Dane techniczne<\/strong>:<\/p>\n<ul data-start=\"910\" data-end=\"1241\">\n<li class=\"\" data-start=\"910\" data-end=\"936\">\n<p class=\"\" data-start=\"912\" data-end=\"936\"><strong data-start=\"912\" data-end=\"926\">\u0179r\u00f3d\u0142o zasilania<\/strong>: 9\u201333 V pr\u0105du sta\u0142ego<\/p>\n<\/li>\n<li class=\"\" data-start=\"937\" data-end=\"964\">\n<p class=\"\" data-start=\"939\" data-end=\"964\"><strong data-start=\"939\" data-end=\"947\">Mierzy\u0107<\/strong>: \u00d8100mm x 42mm<\/p>\n<\/li>\n<li class=\"\" data-start=\"965\" data-end=\"981\">\n<p class=\"\" data-start=\"967\" data-end=\"981\"><strong data-start=\"967\" data-end=\"975\">Waga<\/strong>: 80g<\/p>\n<\/li>\n<li class=\"\" data-start=\"982\" data-end=\"997\">\n<p class=\"\" data-start=\"984\" data-end=\"997\"><strong data-start=\"984\" data-end=\"992\">Farba<\/strong>: Bia\u0142y<\/p>\n<\/li>\n<li class=\"\" data-start=\"998\" data-end=\"1032\">\n<p class=\"\" data-start=\"1000\" data-end=\"1032\"><strong data-start=\"1000\" data-end=\"1014\">Temperatura<\/strong>: \u201320\u00b0C do +65\u00b0C<\/p>\n<\/li>\n<li class=\"\" data-start=\"1033\" data-end=\"1096\">\n<p class=\"\" data-start=\"1035\" data-end=\"1096\"><strong data-start=\"1035\" data-end=\"1048\">Wilgotno\u015b\u0107<\/strong>: 0% do 95% RH (bez kondensacji i oblodzenia)<\/p>\n<\/li>\n<li class=\"\" data-start=\"1097\" data-end=\"1117\">\n<p class=\"\" data-start=\"1099\" data-end=\"1117\"><strong data-start=\"1099\" data-end=\"1111\">Klasa IP<\/strong>: IP54<\/p>\n<\/li>\n<li class=\"\" data-start=\"1118\" data-end=\"1157\">\n<p class=\"\" data-start=\"1120\" data-end=\"1157\"><strong data-start=\"1120\" data-end=\"1131\">Gwarancja<\/strong>:Ograniczona 10-letnia gwarancja<\/p>\n<\/li>\n<li class=\"\" data-start=\"1158\" data-end=\"1209\">\n<p class=\"\" data-start=\"1160\" data-end=\"1209\"><strong data-start=\"1160\" data-end=\"1178\">Zgodno\u015b\u0107<\/strong>:Podstawy serii 60 i serii 65<\/p>\n<\/li>\n<li class=\"\" data-start=\"1210\" data-end=\"1241\">\n<p class=\"\" data-start=\"1212\" data-end=\"1241\"><strong data-start=\"1212\" data-end=\"1233\">Technologia po\u0142\u0105czenia<\/strong>:Gwintowany<\/p>\n<\/li>\n<\/ul>","protected":false},"excerpt":{"rendered":"<p>Czujnik ciep\u0142a Apollo 55000-127APO serii 65 BR doskonale nadaje si\u0119 do stosowania w miejscach, w kt\u00f3rych czujniki dymu nie s\u0105 odpowiednie, np. w brudnych lub zadymionych pomieszczeniach.<\/p>\n<p>Do monitorowania temperatury wykorzystuje sie\u0107 dw\u00f3ch termistor\u00f3w i charakteryzuje si\u0119 szerokim zakresem napi\u0119cia roboczego.<\/p>","protected":false},"featured_media":149879,"template":"","meta":{"_acf_changed":false},"product_brand":[],"product_cat":[4747,4157],"product_tag":[],"class_list":{"0":"post-149880","1":"product","2":"type-product","3":"status-publish","4":"has-post-thumbnail","6":"product_cat-65-serien","7":"product_cat-varmedetektor","8":"pa_brands-apollo-fire-detectors","9":"tm-no-options","11":"first","12":"instock","13":"taxable","14":"shipping-taxable","15":"purchasable","16":"product-type-simple"},"acf":[],"_links":{"self":[{"href":"https:\/\/secureus.se\/pl\/wp-json\/wp\/v2\/product\/149880","targetHints":{"allow":["GET"]}}],"collection":[{"href":"https:\/\/secureus.se\/pl\/wp-json\/wp\/v2\/product"}],"about":[{"href":"https:\/\/secureus.se\/pl\/wp-json\/wp\/v2\/types\/product"}],"wp:featuredmedia":[{"embeddable":true,"href":"https:\/\/secureus.se\/pl\/wp-json\/wp\/v2\/media\/149879"}],"wp:attachment":[{"href":"https:\/\/secureus.se\/pl\/wp-json\/wp\/v2\/media?parent=149880"}],"wp:term":[{"taxonomy":"product_brand","embeddable":true,"href":"https:\/\/secureus.se\/pl\/wp-json\/wp\/v2\/product_brand?post=149880"},{"taxonomy":"product_cat","embeddable":true,"href":"https:\/\/secureus.se\/pl\/wp-json\/wp\/v2\/product_cat?post=149880"},{"taxonomy":"product_tag","embeddable":true,"href":"https:\/\/secureus.se\/pl\/wp-json\/wp\/v2\/product_tag?post=149880"}],"curies":[{"name":"wp","href":"https:\/\/api.w.org\/{rel}","templated":true}]}}