{"id":149882,"date":"2025-04-03T14:19:23","date_gmt":"2025-04-03T12:19:23","guid":{"rendered":"https:\/\/secureus.se\/apollo-29600-458-intelligent-basmonterad-flamdetektor-med-monteringsbox-for-dackhuvud\/"},"modified":"2026-04-09T11:24:00","modified_gmt":"2026-04-09T09:24:00","slug":"apollo-29600-458-intelligent-basmonterad-flamdetektor-med-monteringsbox-for-dackhuvud","status":"publish","type":"product","link":"https:\/\/secureus.se\/pl\/apollo-29600-458-intelligent-basmonterad-flamdetektor-med-monteringsbox-for-dackhuvud\/","title":{"rendered":"Apollo 29600-458 Inteligentny czujnik p\u0142omienia montowany na podstawie z puszk\u0105 monta\u017cow\u0105 na g\u0142owicy pok\u0142adowej"},"content":{"rendered":"<h1>Apollo 29600-458 Inteligentny czujnik p\u0142omienia montowany na podstawie z puszk\u0105 monta\u017cow\u0105 na g\u0142owicy pok\u0142adowej<\/h1>\n<p class=\"\" data-start=\"378\" data-end=\"778\">Apollo 29600-458 to inteligentny czujnik p\u0142omienia montowany na podstawie, wyposa\u017cony w solidny uchwyt i skrzynk\u0119 monta\u017cow\u0105 przeznaczon\u0105 do g\u0142owic pok\u0142adowych.<\/p>\n<p class=\"\" data-start=\"378\" data-end=\"778\">Ten detektor p\u0142omienia s\u0142u\u017cy do szybkiej i efektywnej identyfikacji po\u017caru poprzez wykrywanie \u015blad\u00f3w p\u0142omienia.<\/p>\n<p class=\"\" data-start=\"378\" data-end=\"778\">Jest cz\u0119sto u\u017cywany w zastosowaniach przemys\u0142owych i komercyjnych, gdzie konieczna jest szybka reakcja na wypadek po\u017caru.<\/p>\n<p class=\"\" data-start=\"780\" data-end=\"1127\">Do obs\u0142ugiwanych urz\u0105dze\u0144 zaliczaj\u0105 si\u0119 w szczeg\u00f3lno\u015bci detektory p\u0142omieni. Nale\u017cy pami\u0119ta\u0107, \u017ce wewn\u0119trzna podstawa monta\u017cowa jest sprzedawana oddzielnie.<\/p>\n<p class=\"\" data-start=\"780\" data-end=\"1127\">Produkt wykonany jest ze stali nierdzewnej, co gwarantuje d\u0142ugotrwa\u0142\u0105 wytrzyma\u0142o\u015b\u0107 i odporno\u015b\u0107 na korozj\u0119 w trudnych warunkach.<\/p>\n<p class=\"\" data-start=\"780\" data-end=\"1127\">Posiada r\u00f3wnie\u017c oznaczenie CE, co jest gwarancj\u0105 spe\u0142nienia europejskich norm bezpiecze\u0144stwa.<\/p>\n<p class=\"\" data-start=\"1129\" data-end=\"1149\"><strong data-start=\"1129\" data-end=\"1148\">Dane techniczne<\/strong>:<\/p>\n<ul data-start=\"1150\" data-end=\"1357\">\n<li class=\"\" data-start=\"1150\" data-end=\"1180\">\n<p class=\"\" data-start=\"1152\" data-end=\"1180\"><strong data-start=\"1152\" data-end=\"1164\">Tworzywo<\/strong>:Stal nierdzewna<\/p>\n<\/li>\n<li class=\"\" data-start=\"1181\" data-end=\"1196\">\n<p class=\"\" data-start=\"1183\" data-end=\"1196\"><strong data-start=\"1183\" data-end=\"1191\">Farba<\/strong>: Szary<\/p>\n<\/li>\n<li class=\"\" data-start=\"1197\" data-end=\"1234\">\n<p class=\"\" data-start=\"1199\" data-end=\"1234\"><strong data-start=\"1199\" data-end=\"1220\">Obs\u0142ugiwane urz\u0105dzenia<\/strong>:Czujnik p\u0142omienia<\/p>\n<\/li>\n<li class=\"\" data-start=\"1235\" data-end=\"1266\">\n<p class=\"\" data-start=\"1237\" data-end=\"1266\"><strong data-start=\"1237\" data-end=\"1253\">Orzecznictwo<\/strong>:Oznakowanie CE<\/p>\n<\/li>\n<li class=\"\" data-start=\"1267\" data-end=\"1301\">\n<p class=\"\" data-start=\"1269\" data-end=\"1301\"><strong data-start=\"1269\" data-end=\"1286\">Puszka monta\u017cowa<\/strong>: Do g\u0142owicy opony<\/p>\n<\/li>\n<li class=\"\" data-start=\"1302\" data-end=\"1357\">\n<p class=\"\" data-start=\"1304\" data-end=\"1357\"><strong data-start=\"1304\" data-end=\"1321\">Podstawa monta\u017cowa<\/strong>: Wewn\u0119trzna podstawa monta\u017cowa sprzedawana oddzielnie<\/p>\n<\/li>\n<\/ul>","protected":false},"excerpt":{"rendered":"<p>Inteligentny czujnik p\u0142omienia montowany na podstawie Apollo 29600-458 dostarczany jest ze wspornikiem i puszk\u0105 monta\u017cow\u0105 na g\u0142owicy, co czyni go idealnym do stosowania w \u015brodowiskach przemys\u0142owych, w kt\u00f3rych wykrywanie p\u0142omieni ma kluczowe znaczenie.<\/p>\n<p>Podstawa monta\u017cowa jest sprzedawana oddzielnie.<\/p>","protected":false},"featured_media":149881,"template":"","meta":{"_acf_changed":false},"product_brand":[],"product_cat":[4747],"product_tag":[],"class_list":{"0":"post-149882","1":"product","2":"type-product","3":"status-publish","4":"has-post-thumbnail","6":"product_cat-65-serien","7":"pa_brands-apollo-fire-detectors","8":"tm-no-options","10":"first","11":"instock","12":"taxable","13":"shipping-taxable","14":"purchasable","15":"product-type-simple"},"acf":[],"_links":{"self":[{"href":"https:\/\/secureus.se\/pl\/wp-json\/wp\/v2\/product\/149882","targetHints":{"allow":["GET"]}}],"collection":[{"href":"https:\/\/secureus.se\/pl\/wp-json\/wp\/v2\/product"}],"about":[{"href":"https:\/\/secureus.se\/pl\/wp-json\/wp\/v2\/types\/product"}],"wp:featuredmedia":[{"embeddable":true,"href":"https:\/\/secureus.se\/pl\/wp-json\/wp\/v2\/media\/149881"}],"wp:attachment":[{"href":"https:\/\/secureus.se\/pl\/wp-json\/wp\/v2\/media?parent=149882"}],"wp:term":[{"taxonomy":"product_brand","embeddable":true,"href":"https:\/\/secureus.se\/pl\/wp-json\/wp\/v2\/product_brand?post=149882"},{"taxonomy":"product_cat","embeddable":true,"href":"https:\/\/secureus.se\/pl\/wp-json\/wp\/v2\/product_cat?post=149882"},{"taxonomy":"product_tag","embeddable":true,"href":"https:\/\/secureus.se\/pl\/wp-json\/wp\/v2\/product_tag?post=149882"}],"curies":[{"name":"wp","href":"https:\/\/api.w.org\/{rel}","templated":true}]}}