{"id":149884,"date":"2025-04-03T14:19:19","date_gmt":"2025-04-03T12:19:19","guid":{"rendered":"https:\/\/secureus.se\/apollo-45681-245apo-monteringsbas-for-detektorer-i-65-serien-envagsanpassad-med-relautgang-vit\/"},"modified":"2026-04-09T11:24:36","modified_gmt":"2026-04-09T09:24:36","slug":"apollo-45681-245apo-monteringsbas-for-detektorer-i-65-serien-envagsanpassad-med-relautgang-vit","status":"publish","type":"product","link":"https:\/\/secureus.se\/pl\/apollo-45681-245apo-monteringsbas-for-detektorer-i-65-serien-envagsanpassad-med-relautgang-vit\/","title":{"rendered":"Apollo 45681-245APO Podstawa monta\u017cowa do czujek serii 65, jednokierunkowa, z wyj\u015bciem przeka\u017anikowym, bia\u0142a"},"content":{"rendered":"<h1>Apollo 45681-245APO Podstawa monta\u017cowa do czujek serii 65, jednokierunkowa, z wyj\u015bciem przeka\u017anikowym, bia\u0142a<\/h1>\n<p class=\"\" data-start=\"452\" data-end=\"886\">Podstawa monta\u017cowa Apollo 45681-245APO to funkcjonalne i niezawodne rozwi\u0105zanie przeznaczone do stosowania z detektorami serii 65.<\/p>\n<p class=\"\" data-start=\"452\" data-end=\"886\">Posiada mocowanie jednokierunkowe, co u\u0142atwia instalacj\u0119 i pod\u0142\u0105czenie detektora.<\/p>\n<p class=\"\" data-start=\"452\" data-end=\"886\">Mechanizm blokuj\u0105cy gwarantuje, \u017ce detektor pozostaje na swoim miejscu, zapewniaj\u0105c bezpieczn\u0105 prac\u0119.<\/p>\n<p class=\"\" data-start=\"452\" data-end=\"886\">Podstawa monta\u017cowa wyposa\u017cona jest w wyj\u015bcie przeka\u017anikowe, dzi\u0119ki czemu w przypadku alarmu mo\u017cna jej u\u017cywa\u0107 do wysy\u0142ania sygna\u0142\u00f3w do innych system\u00f3w.<\/p>\n<p class=\"\" data-start=\"888\" data-end=\"1228\">Podstawa monta\u017cowa idealnie nadaje si\u0119 do stosowania w systemach bezpiecze\u0144stwa, a tak\u017ce mo\u017ce by\u0107 stosowana w systemach dwu- i cztero\u017cy\u0142owych w celu dostarczania beznapi\u0119ciowych sygna\u0142\u00f3w steruj\u0105cych do uk\u0142ad\u00f3w pomocniczych, takich jak automatyczne zamykacze drzwi.<\/p>\n<p class=\"\" data-start=\"888\" data-end=\"1228\">Podstawa przeka\u017anika serii 65 jest r\u00f3wnie\u017c kompatybilna z systemami serii 60, co zapewnia jej elastyczno\u015b\u0107 i zgodno\u015b\u0107 ze starszymi metodami instalacji.<\/p>\n<p class=\"\" data-start=\"1230\" data-end=\"1250\"><strong data-start=\"1230\" data-end=\"1249\">Dane techniczne<\/strong>:<\/p>\n<ul data-start=\"1251\" data-end=\"1670\">\n<li class=\"\" data-start=\"1251\" data-end=\"1277\">\n<p class=\"\" data-start=\"1253\" data-end=\"1277\"><strong data-start=\"1253\" data-end=\"1267\">\u0179r\u00f3d\u0142o zasilania<\/strong>: 9\u201333 V pr\u0105du sta\u0142ego<\/p>\n<\/li>\n<li class=\"\" data-start=\"1278\" data-end=\"1324\">\n<p class=\"\" data-start=\"1280\" data-end=\"1324\"><strong data-start=\"1280\" data-end=\"1288\">Mierzy\u0107<\/strong>:Standardowy rozmiar dla podstaw serii 65<\/p>\n<\/li>\n<li class=\"\" data-start=\"1325\" data-end=\"1340\">\n<p class=\"\" data-start=\"1327\" data-end=\"1340\"><strong data-start=\"1327\" data-end=\"1335\">Farba<\/strong>: Bia\u0142y<\/p>\n<\/li>\n<li class=\"\" data-start=\"1341\" data-end=\"1387\">\n<p class=\"\" data-start=\"1343\" data-end=\"1387\"><strong data-start=\"1343\" data-end=\"1361\">Zgodno\u015b\u0107<\/strong>:Czujniki dymu w serii 65<\/p>\n<\/li>\n<li class=\"\" data-start=\"1388\" data-end=\"1433\">\n<p class=\"\" data-start=\"1390\" data-end=\"1433\"><strong data-start=\"1390\" data-end=\"1404\">Wyj\u015bcie przeka\u017anikowe<\/strong>:Formularz C (zmiana kontakt\u00f3w)<\/p>\n<\/li>\n<li class=\"\" data-start=\"1434\" data-end=\"1531\">\n<p class=\"\" data-start=\"1436\" data-end=\"1531\"><strong data-start=\"1436\" data-end=\"1456\">Zasada dzia\u0142ania<\/strong>:Do stosowania z 4-\u017cy\u0142owymi obwodami zasilania detektor\u00f3w i inicjowania alarmu<\/p>\n<\/li>\n<li class=\"\" data-start=\"1532\" data-end=\"1566\">\n<p class=\"\" data-start=\"1534\" data-end=\"1566\"><strong data-start=\"1534\" data-end=\"1548\">Temperatura<\/strong>: \u201320\u00b0C do +60\u00b0C<\/p>\n<\/li>\n<li class=\"\" data-start=\"1567\" data-end=\"1598\">\n<p class=\"\" data-start=\"1569\" data-end=\"1598\"><strong data-start=\"1569\" data-end=\"1585\">Orzecznictwo<\/strong>:Oznakowanie CE<\/p>\n<\/li>\n<li class=\"\" data-start=\"1599\" data-end=\"1648\">\n<p class=\"\" data-start=\"1601\" data-end=\"1648\"><strong data-start=\"1601\" data-end=\"1619\">Po\u0142\u0105czenie uziemiaj\u0105ce<\/strong>: Nie s\u0105 wymagane do bezpiecznego dzia\u0142ania<\/p>\n<\/li>\n<li class=\"\" data-start=\"1649\" data-end=\"1670\">\n<p class=\"\" data-start=\"1651\" data-end=\"1670\"><strong data-start=\"1651\" data-end=\"1666\">Przyjazny dla \u015brodowiska<\/strong>: Tak<\/p>\n<\/li>\n<\/ul>","protected":false},"excerpt":{"rendered":"<p>Podstawa monta\u017cowa Apollo 45681-245APO do detektor\u00f3w serii 65 to niestandardowa, jednokierunkowa podstawa z mechanizmem blokuj\u0105cym detektor i wyj\u015bciem przeka\u017anikowym.<\/p>\n<p>Jest kompatybilny z czujnikami dymu i ma szerokie napi\u0119cie robocze, dzi\u0119ki czemu idealnie nadaje si\u0119 do system\u00f3w bezpiecze\u0144stwa i og\u00f3lnych zastosowa\u0144 detekcyjnych.<\/p>","protected":false},"featured_media":149883,"template":"","meta":{"_acf_changed":false},"product_brand":[],"product_cat":[4747],"product_tag":[],"class_list":{"0":"post-149884","1":"product","2":"type-product","3":"status-publish","4":"has-post-thumbnail","6":"product_cat-65-serien","7":"pa_brands-apollo-fire-detectors","8":"tm-no-options","10":"first","11":"instock","12":"taxable","13":"shipping-taxable","14":"purchasable","15":"product-type-simple"},"acf":[],"_links":{"self":[{"href":"https:\/\/secureus.se\/pl\/wp-json\/wp\/v2\/product\/149884","targetHints":{"allow":["GET"]}}],"collection":[{"href":"https:\/\/secureus.se\/pl\/wp-json\/wp\/v2\/product"}],"about":[{"href":"https:\/\/secureus.se\/pl\/wp-json\/wp\/v2\/types\/product"}],"wp:featuredmedia":[{"embeddable":true,"href":"https:\/\/secureus.se\/pl\/wp-json\/wp\/v2\/media\/149883"}],"wp:attachment":[{"href":"https:\/\/secureus.se\/pl\/wp-json\/wp\/v2\/media?parent=149884"}],"wp:term":[{"taxonomy":"product_brand","embeddable":true,"href":"https:\/\/secureus.se\/pl\/wp-json\/wp\/v2\/product_brand?post=149884"},{"taxonomy":"product_cat","embeddable":true,"href":"https:\/\/secureus.se\/pl\/wp-json\/wp\/v2\/product_cat?post=149884"},{"taxonomy":"product_tag","embeddable":true,"href":"https:\/\/secureus.se\/pl\/wp-json\/wp\/v2\/product_tag?post=149884"}],"curies":[{"name":"wp","href":"https:\/\/api.w.org\/{rel}","templated":true}]}}