{"id":149886,"date":"2025-04-03T14:19:22","date_gmt":"2025-04-03T12:19:22","guid":{"rendered":"https:\/\/secureus.se\/apollo-53546-021apo-monteringslada-for-kanaldetektor-s-65\/"},"modified":"2026-04-23T13:12:26","modified_gmt":"2026-04-23T11:12:26","slug":"apollo-53546-021apo-monteringslada-for-kanaldetektor-s-65","status":"publish","type":"product","link":"https:\/\/secureus.se\/pl\/apollo-53546-021apo-monteringslada-for-kanaldetektor-s-65\/","title":{"rendered":"Apollo 53546-021APO Puszka monta\u017cowa do czujnika kana\u0142owego S 65"},"content":{"rendered":"<h1>Apollo 53546-021APO Puszka monta\u017cowa do czujnika kana\u0142owego S 65<\/h1>\n<p class=\"\" data-start=\"439\" data-end=\"882\">Puszka monta\u017cowa czujnika kana\u0142owego Apollo 53546-021APO S 65 zosta\u0142a zaprojektowana do stosowania z czujnikami serii 65 lub Orbis i stanowi niezawodne rozwi\u0105zanie do wykrywania dymu w przep\u0142ywie powietrza przez systemy HVAC w obiektach komercyjnych i przemys\u0142owych.<\/p>\n<p class=\"\" data-start=\"439\" data-end=\"882\">Skrzynka monta\u017cowa umo\u017cliwia wczesne wykrywanie dymu i zapobiega recyrkulacji dymu z miejsca po\u017caru do innych cz\u0119\u015bci budynku, kt\u00f3rych nie obj\u0105\u0142 po\u017car.<\/p>\n<p class=\"\" data-start=\"884\" data-end=\"1189\">Zintegrowany port do testu dymu u\u0142atwia sprawdzenie dzia\u0142ania czujnika, a przezroczysta pokrywa umo\u017cliwia wizualny dost\u0119p do diody LED g\u0142owicy czujnika.<\/p>\n<p class=\"\" data-start=\"884\" data-end=\"1189\">Puszka monta\u017cowa jest kompatybilna z pr\u0119dko\u015bciami powietrza od 0,5 m\/s do 20 m\/s i posiada styki beznapi\u0119ciowe, co umo\u017cliwia \u0142atw\u0105 integracj\u0119 z systemem.<\/p>\n<p class=\"\" data-start=\"1191\" data-end=\"1211\"><strong data-start=\"1191\" data-end=\"1210\">Dane techniczne<\/strong>:<\/p>\n<ul data-start=\"1212\" data-end=\"1595\">\n<li class=\"\" data-start=\"1212\" data-end=\"1286\">\n<p class=\"\" data-start=\"1214\" data-end=\"1286\"><strong data-start=\"1214\" data-end=\"1232\">Zgodno\u015b\u0107<\/strong>:Do stosowania z detektorami serii 65 lub Orbis<\/p>\n<\/li>\n<li class=\"\" data-start=\"1287\" data-end=\"1339\">\n<p class=\"\" data-start=\"1289\" data-end=\"1339\"><strong data-start=\"1289\" data-end=\"1318\">Praca z pr\u0119dko\u015bci\u0105 powietrza<\/strong>: 0,5 m\/s do 20 m\/s<\/p>\n<\/li>\n<li class=\"\" data-start=\"1340\" data-end=\"1404\">\n<p class=\"\" data-start=\"1342\" data-end=\"1404\"><strong data-start=\"1342\" data-end=\"1350\">Pokrywa<\/strong>: Przezroczysta os\u0142ona umo\u017cliwiaj\u0105ca ogl\u0105danie diody LED g\u0142owicy detektora<\/p>\n<\/li>\n<li class=\"\" data-start=\"1405\" data-end=\"1450\">\n<p class=\"\" data-start=\"1407\" data-end=\"1450\"><strong data-start=\"1407\" data-end=\"1418\">Test dymowy<\/strong>: Zintegrowany otw\u00f3r do testu dymowego<\/p>\n<\/li>\n<li class=\"\" data-start=\"1451\" data-end=\"1486\">\n<p class=\"\" data-start=\"1453\" data-end=\"1486\"><strong data-start=\"1453\" data-end=\"1466\">\u0141\u0105czno\u015b\u0107<\/strong>:Styki beznapi\u0119ciowe<\/p>\n<\/li>\n<li class=\"\" data-start=\"1487\" data-end=\"1502\">\n<p class=\"\" data-start=\"1489\" data-end=\"1502\"><strong data-start=\"1489\" data-end=\"1497\">Farba<\/strong>: Szary<\/p>\n<\/li>\n<li class=\"\" data-start=\"1503\" data-end=\"1525\">\n<p class=\"\" data-start=\"1505\" data-end=\"1525\"><strong data-start=\"1505\" data-end=\"1521\">Seria produkt\u00f3w<\/strong>: 65<\/p>\n<\/li>\n<li class=\"\" data-start=\"1526\" data-end=\"1566\">\n<p class=\"\" data-start=\"1528\" data-end=\"1566\"><strong data-start=\"1528\" data-end=\"1552\">Numer cz\u0119\u015bci producenta<\/strong>: 53546-021APO<\/p>\n<\/li>\n<li class=\"\" data-start=\"1567\" data-end=\"1595\">\n<p class=\"\" data-start=\"1569\" data-end=\"1595\"><strong data-start=\"1569\" data-end=\"1582\">Znak firmowy<\/strong>:Ogie\u0144 Apollo<\/p>\n<\/li>\n<\/ul>","protected":false},"excerpt":{"rendered":"<p>Skrzynka monta\u017cowa Apollo 53546-021APO do detektora dymu w kana\u0142ach wentylacyjnych S 65 jest stosowana w po\u0142\u0105czeniu z detektorami z serii 65 lub Orbis w celu efektywnego wykrywania dymu w kana\u0142ach grzewczych i wentylacyjnych (HVAC).<\/p>\n<p>Posiada przezroczyst\u0105 os\u0142on\u0119 umo\u017cliwiaj\u0105c\u0105 obserwacj\u0119 diody LED g\u0142owicy detektora. Dzia\u0142a w zakresie pr\u0119dko\u015bci powietrza od 0,5 m\/s do 20 m\/s.<\/p>","protected":false},"featured_media":149885,"template":"","meta":{"_acf_changed":false},"product_brand":[],"product_cat":[4747],"product_tag":[],"class_list":{"0":"post-149886","1":"product","2":"type-product","3":"status-publish","4":"has-post-thumbnail","6":"product_cat-65-serien","7":"pa_brands-apollo-fire-detectors","8":"tm-no-options","10":"first","11":"instock","12":"taxable","13":"shipping-taxable","14":"purchasable","15":"product-type-simple"},"acf":[],"_links":{"self":[{"href":"https:\/\/secureus.se\/pl\/wp-json\/wp\/v2\/product\/149886","targetHints":{"allow":["GET"]}}],"collection":[{"href":"https:\/\/secureus.se\/pl\/wp-json\/wp\/v2\/product"}],"about":[{"href":"https:\/\/secureus.se\/pl\/wp-json\/wp\/v2\/types\/product"}],"wp:featuredmedia":[{"embeddable":true,"href":"https:\/\/secureus.se\/pl\/wp-json\/wp\/v2\/media\/149885"}],"wp:attachment":[{"href":"https:\/\/secureus.se\/pl\/wp-json\/wp\/v2\/media?parent=149886"}],"wp:term":[{"taxonomy":"product_brand","embeddable":true,"href":"https:\/\/secureus.se\/pl\/wp-json\/wp\/v2\/product_brand?post=149886"},{"taxonomy":"product_cat","embeddable":true,"href":"https:\/\/secureus.se\/pl\/wp-json\/wp\/v2\/product_cat?post=149886"},{"taxonomy":"product_tag","embeddable":true,"href":"https:\/\/secureus.se\/pl\/wp-json\/wp\/v2\/product_tag?post=149886"}],"curies":[{"name":"wp","href":"https:\/\/api.w.org\/{rel}","templated":true}]}}