{"id":149888,"date":"2025-04-03T14:15:46","date_gmt":"2025-04-03T12:15:46","guid":{"rendered":"https:\/\/secureus.se\/apollo-58100-971mar-discovery-marine-manuell-anropspunkt-isolerande\/"},"modified":"2026-04-23T13:12:40","modified_gmt":"2026-04-23T11:12:40","slug":"apollo-58100-971mar-discovery-marine-manuell-anropspunkt-isolerande","status":"publish","type":"product","link":"https:\/\/secureus.se\/pl\/apollo-58100-971mar-discovery-marine-manuell-anropspunkt-isolerande\/","title":{"rendered":"Apollo 58100-971MAR Discovery Marine r\u0119czny punkt alarmowy, izoluj\u0105cy"},"content":{"rendered":"<h1>Apollo 58100-971MAR Discovery Marine r\u0119czny punkt alarmowy, izoluj\u0105cy<\/h1>\n<p class=\"\" data-start=\"434\" data-end=\"805\">R\u0119czny przycisk alarmowy (MCP) Apollo 58100-971MAR Discovery Marine jest cz\u0119\u015bci\u0105 serii Discovery i zosta\u0142 zaprojektowany specjalnie do zastosowa\u0144 morskich wewn\u0105trz pomieszcze\u0144.<\/p>\n<p class=\"\" data-start=\"434\" data-end=\"805\">Przycisk alarmowy wyposa\u017cony jest w siedmiosegmentowy prze\u0142\u0105cznik DIL umo\u017cliwiaj\u0105cy \u0142atwe adresowanie podczas uruchamiania. Wykorzystuje tak\u017ce mechanizm szybkiej reakcji, kt\u00f3ry przerywa normalny protok\u00f3\u0142 po aktywacji.<\/p>\n<p class=\"\" data-start=\"807\" data-end=\"1177\">Posiada dwukolorowy wska\u017anik LED, kt\u00f3ry pokazuje stan izolacji i normalny, a tak\u017ce czerwon\u0105 diod\u0119 LED, kt\u00f3ra zapala si\u0119, gdy przycisk alarmowy jest aktywowany.<\/p>\n<p class=\"\" data-start=\"807\" data-end=\"1177\">Aby u\u0142atwi\u0107 monta\u017c, przycisk alarmowy dostarczany jest z zaciskanymi listwami zaciskowymi i z\u0142\u0105czem umo\u017cliwiaj\u0105cym sprawdzenie ci\u0105g\u0142o\u015bci obwodu przed monta\u017cem.<\/p>\n<p class=\"\" data-start=\"807\" data-end=\"1177\">Izolowana wersja przycisku alarmowego wskazuje r\u00f3wnie\u017c na zwarcie w okablowaniu.<\/p>\n<p class=\"\" data-start=\"1179\" data-end=\"1473\">Urz\u0105dzenie jest wyposa\u017cone w element resetowalny i dostarczane jest w komplecie z puszk\u0105 do monta\u017cu natynkowego.<\/p>\n<p class=\"\" data-start=\"1179\" data-end=\"1473\">Aby zapewni\u0107 dodatkow\u0105 ochron\u0119, mo\u017cna zamontowa\u0107 przezroczyst\u0105, uchyln\u0105 pokryw\u0119 z blokad\u0105, zapobiegaj\u0105c\u0105 przypadkowemu uruchomieniu, chocia\u017c po zamkni\u0119ciu mo\u017ce to mie\u0107 wp\u0142yw na zgodno\u015b\u0107 z niekt\u00f3rymi normami.<\/p>\n<p class=\"\" data-start=\"1475\" data-end=\"1495\"><strong data-start=\"1475\" data-end=\"1494\">Dane techniczne<\/strong>:<\/p>\n<ul data-start=\"1496\" data-end=\"1970\">\n<li class=\"\" data-start=\"1496\" data-end=\"1534\">\n<p class=\"\" data-start=\"1498\" data-end=\"1534\"><strong data-start=\"1498\" data-end=\"1512\">\u0179r\u00f3d\u0142o zasilania<\/strong>: 24 V pr\u0105du sta\u0142ego, 5 V pr\u0105du sta\u0142ego, 9 V pr\u0105du sta\u0142ego<\/p>\n<\/li>\n<li class=\"\" data-start=\"1535\" data-end=\"1620\">\n<p class=\"\" data-start=\"1537\" data-end=\"1620\"><strong data-start=\"1537\" data-end=\"1551\">Funkcje<\/strong>: Element resetowalny, wska\u017anik LED, Plug &amp; Play, ogniwo ci\u0105g\u0142o\u015bci<\/p>\n<\/li>\n<li class=\"\" data-start=\"1621\" data-end=\"1656\">\n<p class=\"\" data-start=\"1623\" data-end=\"1656\"><strong data-start=\"1623\" data-end=\"1650\">Maksymalna temperatura pracy<\/strong>: 60\u00b0C<\/p>\n<\/li>\n<li class=\"\" data-start=\"1657\" data-end=\"1693\">\n<p class=\"\" data-start=\"1659\" data-end=\"1693\"><strong data-start=\"1659\" data-end=\"1686\">Minimalna temperatura pracy<\/strong>: \u201320\u00b0C<\/p>\n<\/li>\n<li class=\"\" data-start=\"1694\" data-end=\"1729\">\n<p class=\"\" data-start=\"1696\" data-end=\"1729\"><strong data-start=\"1696\" data-end=\"1704\">Mierzy\u0107<\/strong>: Szeroko\u015b\u0107 89 mm, G\u0142\u0119boko\u015b\u0107 60 mm<\/p>\n<\/li>\n<li class=\"\" data-start=\"1730\" data-end=\"1745\">\n<p class=\"\" data-start=\"1732\" data-end=\"1745\"><strong data-start=\"1732\" data-end=\"1740\">Farba<\/strong>: Czerwony<\/p>\n<\/li>\n<li class=\"\" data-start=\"1746\" data-end=\"1779\">\n<p class=\"\" data-start=\"1748\" data-end=\"1779\"><strong data-start=\"1748\" data-end=\"1760\">Tworzywo<\/strong>: ABS, Poliw\u0119glan<\/p>\n<\/li>\n<li class=\"\" data-start=\"1780\" data-end=\"1827\">\n<p class=\"\" data-start=\"1782\" data-end=\"1827\"><strong data-start=\"1782\" data-end=\"1799\">Typ monta\u017cu<\/strong>: Monta\u017c podtynkowy, Monta\u017c powierzchniowy<\/p>\n<\/li>\n<li class=\"\" data-start=\"1828\" data-end=\"1867\">\n<p class=\"\" data-start=\"1830\" data-end=\"1867\"><strong data-start=\"1830\" data-end=\"1841\">Gwarancja<\/strong>:Ograniczona 10-letnia gwarancja<\/p>\n<\/li>\n<li class=\"\" data-start=\"1868\" data-end=\"1905\">\n<p class=\"\" data-start=\"1870\" data-end=\"1905\"><strong data-start=\"1870\" data-end=\"1888\">Zgodno\u015b\u0107<\/strong>:Odkrycie, XP95<\/p>\n<\/li>\n<li class=\"\" data-start=\"1906\" data-end=\"1936\">\n<p class=\"\" data-start=\"1908\" data-end=\"1936\"><strong data-start=\"1908\" data-end=\"1926\">Certyfikaty<\/strong>:Z oznaczeniem CE<\/p>\n<\/li>\n<li class=\"\" data-start=\"1937\" data-end=\"1970\">\n<p class=\"\" data-start=\"1939\" data-end=\"1970\"><strong data-start=\"1939\" data-end=\"1953\">U\u017cywa\u0107<\/strong>: Wewn\u0105trz, Morski<\/p>\n<\/li>\n<\/ul>","protected":false},"excerpt":{"rendered":"<p>R\u0119czny ostrzegacz po\u017carowy Apollo 58100-971MAR Discovery Marine to szybkie i niezawodne rozwi\u0105zanie s\u0142u\u017c\u0105ce do aktywacji alarm\u00f3w przeciwpo\u017carowych w zastosowaniach morskich.<\/p>\n<p>Urz\u0105dzenie jest wyposa\u017cone w z\u0142\u0105cza typu \u201ePlug and Play\u201d umo\u017cliwiaj\u0105ce \u0142atw\u0105 instalacj\u0119 i z\u0142\u0105cze ci\u0105g\u0142o\u015bci do testowania okablowania. Ponadto urz\u0105dzenie zg\u0142asza alarm w czasie kr\u00f3tszym ni\u017c 0,2 sekundy.<\/p>","protected":false},"featured_media":149887,"template":"","meta":{"_acf_changed":false},"product_brand":[],"product_cat":[4748],"product_tag":[],"class_list":{"0":"post-149888","1":"product","2":"type-product","3":"status-publish","4":"has-post-thumbnail","6":"product_cat-discovery-serien","7":"pa_brands-apollo-fire-detectors","8":"tm-no-options","10":"first","11":"instock","12":"taxable","13":"shipping-taxable","14":"purchasable","15":"product-type-simple"},"acf":[],"_links":{"self":[{"href":"https:\/\/secureus.se\/pl\/wp-json\/wp\/v2\/product\/149888","targetHints":{"allow":["GET"]}}],"collection":[{"href":"https:\/\/secureus.se\/pl\/wp-json\/wp\/v2\/product"}],"about":[{"href":"https:\/\/secureus.se\/pl\/wp-json\/wp\/v2\/types\/product"}],"wp:featuredmedia":[{"embeddable":true,"href":"https:\/\/secureus.se\/pl\/wp-json\/wp\/v2\/media\/149887"}],"wp:attachment":[{"href":"https:\/\/secureus.se\/pl\/wp-json\/wp\/v2\/media?parent=149888"}],"wp:term":[{"taxonomy":"product_brand","embeddable":true,"href":"https:\/\/secureus.se\/pl\/wp-json\/wp\/v2\/product_brand?post=149888"},{"taxonomy":"product_cat","embeddable":true,"href":"https:\/\/secureus.se\/pl\/wp-json\/wp\/v2\/product_cat?post=149888"},{"taxonomy":"product_tag","embeddable":true,"href":"https:\/\/secureus.se\/pl\/wp-json\/wp\/v2\/product_tag?post=149888"}],"curies":[{"name":"wp","href":"https:\/\/api.w.org\/{rel}","templated":true}]}}